{"id":46496,"date":"2019-11-30T00:00:00","date_gmt":"2019-11-30T00:00:00","guid":{"rendered":"https:\/\/wydawnictwo.ug.edu.pl\/ksiegarnia-online\/uncategorized\/wybrane-zagadnienia-ze-statystyki-i-matematyki-przewodnik-do-cwiczen-dla-studentow-biologii\/"},"modified":"2026-02-11T14:39:41","modified_gmt":"2026-02-11T14:39:41","slug":"wybrane-zagadnienia-ze-statystyki-i-matematyki-przewodnik-do-cwiczen-dla-studentow-biologii","status":"publish","type":"product","link":"https:\/\/wydawnictwo.ug.edu.pl\/en\/ksiegarnia-online\/biologia\/wybrane-zagadnienia-ze-statystyki-i-matematyki-przewodnik-do-cwiczen-dla-studentow-biologii\/","title":{"rendered":"Wybrane zagadnienia ze statystyki i matematyki. Przewodnik do \u0107wicze\u0144 dla student\u00f3w biologii"},"content":{"rendered":"","protected":false},"excerpt":{"rendered":"<p>Przewodnik do \u0107wicze\u0144 skierowany jest przede wszystkim do student\u00f3w biologii Uniwersytetu Gda\u0144skiego, a tak\u017ce innych uczelni wy\u017cszych, w kt\u00f3rych realizowane s\u0105 przedmioty obejmuj\u0105ce zagadnienia zwi\u0105zane ze statystyk\u0105 i matematyk\u0105. Zagadnienia dotycz\u0105ce statystyki zosta\u0142y dobrane w ten spos\u00f3b, aby student m\u00f3g\u0142 pozna\u0107 nie tylko podstawowe poj\u0119cia u\u017cywane w statystyce, ale te\u017c spos\u00f3b planowania do\u015bwiadcze\u0144 oraz wybrane metody analizy statystycznej uzyskanych wynik\u00f3w bada\u0144 (np. testy t-Studenta czy jednoczynnikow\u0105 analiz\u0119 wariancji). Cz\u0119\u015b\u0107 statystyczna obejmuje r\u00f3wnie\u017c tematy dotycz\u0105ce rachunku prawdopodobie\u0144stwa i zmiennych losowych. W cz\u0119\u015bci matematycznej przewodnika zamieszczono podstawowe informacje na temat wybranych zagadnie\u0144 z analizy matematycznej (ci\u0105gi liczbowe, szeregi liczbowe, pochodne funkcji, wybrane metody obliczania ca\u0142ek nieoznaczonych i oznaczonych).<\/p>\n<p>Ka\u017cdy rozdzia\u0142 przewodnika zawiera wst\u0119p teoretyczny, przyk\u0142ady ze szczeg\u00f3\u0142owym opisem ich rozwi\u0105za\u0144 oraz zadania do samodzielnego rozwi\u0105zania. Tre\u015bci zada\u0144 w cz\u0119\u015bci statystycznej przewodnika dotycz\u0105 g\u0142\u00f3wnie problematyki z zakresu nauk biologicznych i medycznych, wi\u0119c mog\u0105 by\u0107 pomocne w prawid\u0142owym opracowaniu statystycznym wynik\u00f3w bada\u0144 naukowych.<\/p>\n<p>Na ko\u0144cu przewodnika znajduj\u0105 si\u0119 odpowiedzi do zamieszczonych w ksi\u0105\u017cce zada\u0144 oraz tablice statystyczne i wzory matematyczne przydatne do ich rozwi\u0105zania. Z uwagi na to, \u017ce wi\u0119kszo\u015b\u0107 zada\u0144 ze statystyki nale\u017cy rozwi\u0105za\u0107 wykorzystuj\u0105c tryb statystyczny kalkulatora naukowego, na ko\u0144cu przewodnika zamieszczono przyk\u0142adowe instrukcje obs\u0142ugi, kt\u00f3re u\u0142atwi\u0105 prac\u0119 z takimi kalkulatorami.<\/p>\n","protected":false},"featured_media":16382,"template":"","meta":{"_acf_changed":false},"journal":[],"rodzaj":[7330],"seria":[],"product_brand":[],"product_cat":[7307],"product_tag":[7948,7949],"class_list":{"0":"post-46496","1":"product","2":"type-product","3":"status-publish","4":"has-post-thumbnail","6":"rodzaj-schoolbook","7":"product_cat-biologia","8":"product_tag-izabela-chincinskaizabela-chincinska","9":"product_tag-magdalena-miklaszewska","10":"pa_rok-wydania-2020-en","12":"first","13":"instock","14":"taxable","15":"shipping-taxable","16":"purchasable","17":"product-type-simple"},"acf":[],"_links":{"self":[{"href":"https:\/\/wydawnictwo.ug.edu.pl\/en\/wp-json\/wp\/v2\/product\/46496","targetHints":{"allow":["GET"]}}],"collection":[{"href":"https:\/\/wydawnictwo.ug.edu.pl\/en\/wp-json\/wp\/v2\/product"}],"about":[{"href":"https:\/\/wydawnictwo.ug.edu.pl\/en\/wp-json\/wp\/v2\/types\/product"}],"wp:featuredmedia":[{"embeddable":true,"href":"https:\/\/wydawnictwo.ug.edu.pl\/en\/wp-json\/wp\/v2\/media\/16382"}],"wp:attachment":[{"href":"https:\/\/wydawnictwo.ug.edu.pl\/en\/wp-json\/wp\/v2\/media?parent=46496"}],"wp:term":[{"taxonomy":"journal","embeddable":true,"href":"https:\/\/wydawnictwo.ug.edu.pl\/en\/wp-json\/wp\/v2\/journal?post=46496"},{"taxonomy":"rodzaj","embeddable":true,"href":"https:\/\/wydawnictwo.ug.edu.pl\/en\/wp-json\/wp\/v2\/rodzaj?post=46496"},{"taxonomy":"seria","embeddable":true,"href":"https:\/\/wydawnictwo.ug.edu.pl\/en\/wp-json\/wp\/v2\/seria?post=46496"},{"taxonomy":"product_brand","embeddable":true,"href":"https:\/\/wydawnictwo.ug.edu.pl\/en\/wp-json\/wp\/v2\/product_brand?post=46496"},{"taxonomy":"product_cat","embeddable":true,"href":"https:\/\/wydawnictwo.ug.edu.pl\/en\/wp-json\/wp\/v2\/product_cat?post=46496"},{"taxonomy":"product_tag","embeddable":true,"href":"https:\/\/wydawnictwo.ug.edu.pl\/en\/wp-json\/wp\/v2\/product_tag?post=46496"}],"curies":[{"name":"wp","href":"https:\/\/api.w.org\/{rel}","templated":true}]}}