{"id":46490,"date":"2019-11-30T00:00:00","date_gmt":"2019-11-30T00:00:00","guid":{"rendered":"https:\/\/wydawnictwo.ug.edu.pl\/ksiegarnia-online\/uncategorized\/organizacyjne-procesowe-i-technologiczne-generatory-wartosci-organizacji\/"},"modified":"2026-02-11T14:44:08","modified_gmt":"2026-02-11T14:44:08","slug":"organizacyjne-procesowe-i-technologiczne-generatory-wartosci-organizacji","status":"publish","type":"product","link":"https:\/\/wydawnictwo.ug.edu.pl\/en\/ksiegarnia-online\/zarzadzanie\/organizacyjne-procesowe-i-technologiczne-generatory-wartosci-organizacji\/","title":{"rendered":"Organizacyjne, procesowe i technologiczne generatory warto\u015bci organizacji"},"content":{"rendered":"","protected":false},"excerpt":{"rendered":"<p>Wobec nieustaj\u0105cych zmian otoczenia zewn\u0119trznego, a tak\u017ce konieczno\u015bci dokonywania ci\u0105g\u0142ych zmian po stronie organizacji powstaj\u0105 nowe paradygmaty i podej\u015bcia do zarz\u0105dzania. Konieczna jest zatem systematyczna wymiana pogl\u0105d\u00f3w oraz dyskusja naukowa, dotycz\u0105ca wp\u0142ywu tych proces\u00f3w na warto\u015b\u0107 przedsi\u0119biorstwa. Wsp\u00f3lnym mianownikiem i obszarem badawczym, jaki wyst\u0119puje we wszystkich rozdzia\u0142ach oddawanej Czytelnikowi monografii naukowej, s\u0105 kreatory i destruktory warto\u015bci zar\u00f3wno na poziomie samej organizacji, ale tak\u017ce pa\u0144stwa \/ kraju, jak r\u00f3wnie\u017c w uj\u0119ciu mi\u0119dzynarodowym \u2013 w odniesieniu do r\u00f3\u017cnych system\u00f3w gospodarczych. Niniejsza ksi\u0105\u017cka integruje nast\u0119puj\u0105ce nurty i obszary badawcze, wchodz\u0105ce w sk\u0142ad szeroko rozumianej perspektywy organizacyjnej, procesowej i technologicznej budowy warto\u015bci: zarz\u0105dzanie przez cele (MBO), zarz\u0105dzanie procesowe (KPI) a nowe paradygmaty w zarz\u0105dzaniu; warto\u015b\u0107 dodana przez\u00a0<em>Key Performance Indicators<\/em>\u00a0(KPIs) \u2013 w tym w szczeg\u00f3lno\u015bci dylematy doboru i wdra\u017cania KPIs\u00a0 w przedsi\u0119biorstwach zorientowanych na warto\u015b\u0107; innowacje organizacyjne w doskonaleniu proces\u00f3w organizacji \u2013 innowacje (otwarte) w tym m.in. organizacyjne, procesowe\u00a0 i technologiczne w budowaniu warto\u015bci przedsi\u0119biorstwa; innowacje w komunikacji i w zarz\u0105dzaniu zasobami ludzkimi; sieci przedsi\u0119biorstw a wzrost warto\u015bci; wp\u0142yw nowoczesnych technologii na wzrost warto\u015bci; sektory nowej gospodarki \u2013 Przemys\u0142 4.0.<\/p>\n","protected":false},"featured_media":16517,"template":"","meta":{"_acf_changed":false},"journal":[],"rodzaj":[],"seria":[],"product_brand":[],"product_cat":[6942],"product_tag":[7942,7910,7810,7911],"class_list":{"0":"post-46490","1":"product","2":"type-product","3":"status-publish","4":"has-post-thumbnail","6":"product_cat-zarzadzanie","7":"product_tag-jedrzej-sicinski","8":"product_tag-pawel-antonowiczpawel-antonowiczpawel-antonowiczpawel-antonowicz","9":"product_tag-pawel-galinskipawel-galinski","10":"product_tag-piotr-pisarewicz","11":"pa_rok-wydania-2020-en","13":"first","14":"outofstock","15":"taxable","16":"shipping-taxable","17":"purchasable","18":"product-type-simple"},"acf":[],"_links":{"self":[{"href":"https:\/\/wydawnictwo.ug.edu.pl\/en\/wp-json\/wp\/v2\/product\/46490","targetHints":{"allow":["GET"]}}],"collection":[{"href":"https:\/\/wydawnictwo.ug.edu.pl\/en\/wp-json\/wp\/v2\/product"}],"about":[{"href":"https:\/\/wydawnictwo.ug.edu.pl\/en\/wp-json\/wp\/v2\/types\/product"}],"wp:featuredmedia":[{"embeddable":true,"href":"https:\/\/wydawnictwo.ug.edu.pl\/en\/wp-json\/wp\/v2\/media\/16517"}],"wp:attachment":[{"href":"https:\/\/wydawnictwo.ug.edu.pl\/en\/wp-json\/wp\/v2\/media?parent=46490"}],"wp:term":[{"taxonomy":"journal","embeddable":true,"href":"https:\/\/wydawnictwo.ug.edu.pl\/en\/wp-json\/wp\/v2\/journal?post=46490"},{"taxonomy":"rodzaj","embeddable":true,"href":"https:\/\/wydawnictwo.ug.edu.pl\/en\/wp-json\/wp\/v2\/rodzaj?post=46490"},{"taxonomy":"seria","embeddable":true,"href":"https:\/\/wydawnictwo.ug.edu.pl\/en\/wp-json\/wp\/v2\/seria?post=46490"},{"taxonomy":"product_brand","embeddable":true,"href":"https:\/\/wydawnictwo.ug.edu.pl\/en\/wp-json\/wp\/v2\/product_brand?post=46490"},{"taxonomy":"product_cat","embeddable":true,"href":"https:\/\/wydawnictwo.ug.edu.pl\/en\/wp-json\/wp\/v2\/product_cat?post=46490"},{"taxonomy":"product_tag","embeddable":true,"href":"https:\/\/wydawnictwo.ug.edu.pl\/en\/wp-json\/wp\/v2\/product_tag?post=46490"}],"curies":[{"name":"wp","href":"https:\/\/api.w.org\/{rel}","templated":true}]}}