{"id":46489,"date":"2019-11-30T00:00:00","date_gmt":"2019-11-30T00:00:00","guid":{"rendered":"https:\/\/wydawnictwo.ug.edu.pl\/ksiegarnia-online\/uncategorized\/spoleczny-srodowiskowy-i-jakosciowy-wymiar-kreacji-wartosci-organizacji\/"},"modified":"2026-02-11T14:43:59","modified_gmt":"2026-02-11T14:43:59","slug":"spoleczny-srodowiskowy-i-jakosciowy-wymiar-kreacji-wartosci-organizacji","status":"publish","type":"product","link":"https:\/\/wydawnictwo.ug.edu.pl\/en\/ksiegarnia-online\/zarzadzanie\/spoleczny-srodowiskowy-i-jakosciowy-wymiar-kreacji-wartosci-organizacji\/","title":{"rendered":"Spo\u0142eczny, \u015brodowiskowy i jako\u015bciowy wymiar kreacji warto\u015bci organizacji"},"content":{"rendered":"","protected":false},"excerpt":{"rendered":"<p>Wobec nieustaj\u0105cych zmian otoczenia zewn\u0119trznego, a tak\u017ce konieczno\u015bci dokonywania ci\u0105g\u0142ych zmian po stronie organizacji powstaj\u0105 nowe paradygmaty i podej\u015bcia do zarz\u0105dzania. Konieczna jest zatem systematyczna wymiana pogl\u0105d\u00f3w oraz dyskusja naukowa, dotycz\u0105ca wp\u0142ywu tych proces\u00f3w na warto\u015b\u0107 przedsi\u0119biorstwa. Wsp\u00f3lnym mianownikiem i obszarem badawczym, jaki wyst\u0119puje we wszystkich rozdzia\u0142ach oddawanej Czytelnikowi monografii naukowej, s\u0105 kreatory i destruktory warto\u015bci zar\u00f3wno na poziomie samej organizacji, ale tak\u017ce pa\u0144stwa \/ kraju, jak r\u00f3wnie\u017c w uj\u0119ciu mi\u0119dzynarodowym \u2013 w odniesieniu do r\u00f3\u017cnych system\u00f3w gospodarczych. Niniejsza ksi\u0105\u017cka integruje nast\u0119puj\u0105ce nurty i obszary badawcze, wchodz\u0105ce w sk\u0142ad szeroko rozumianej perspektywy jako\u015bciowej, spo\u0142ecznej i \u015brodowiskowej kreacji warto\u015bci: zarz\u0105dzanie jako\u015bci\u0105 a zarz\u0105dzanie warto\u015bci\u0105 w warunkach ryzyka i niepewno\u015bci; uniwersalne i bran\u017cowe podej\u015bcia s\u0142u\u017c\u0105ce zapewnieniu i doskonaleniu jako\u015bci w organizacji; nowe koncepcje i modele doskona\u0142o\u015bci (<em>Business Excellence Models<\/em>); kultura doskona\u0142o\u015bci jako warto\u015b\u0107 organizacji i sposoby jej pomiaru; zr\u00f3wnowa\u017cony rozw\u00f3j a rozw\u00f3j oparty na innowacjach; wsp\u00f3lne warto\u015bci (<em>creating shared value<\/em>) jako nowe podej\u015bcie biznesowe; raportowanie zintegrowane jako narz\u0119dzie komunikowania sposobu tworzenia warto\u015bci przez przedsi\u0119biorstwo; perspektywa przep\u0142ywu warto\u015bci w \u0142a\u0144cuchu warto\u015bci (<em>Value Flow Analysis<\/em>).<\/p>\n","protected":false},"featured_media":16644,"template":"","meta":{"_acf_changed":false},"journal":[],"rodzaj":[],"seria":[],"product_brand":[],"product_cat":[6942],"product_tag":[7910,7810,7911],"class_list":{"0":"post-46489","1":"product","2":"type-product","3":"status-publish","4":"has-post-thumbnail","6":"product_cat-zarzadzanie","7":"product_tag-pawel-antonowiczpawel-antonowiczpawel-antonowiczpawel-antonowicz","8":"product_tag-pawel-galinskipawel-galinski","9":"product_tag-piotr-pisarewicz","10":"pa_rok-wydania-2020-en","12":"first","13":"outofstock","14":"taxable","15":"shipping-taxable","16":"purchasable","17":"product-type-simple"},"acf":[],"_links":{"self":[{"href":"https:\/\/wydawnictwo.ug.edu.pl\/en\/wp-json\/wp\/v2\/product\/46489","targetHints":{"allow":["GET"]}}],"collection":[{"href":"https:\/\/wydawnictwo.ug.edu.pl\/en\/wp-json\/wp\/v2\/product"}],"about":[{"href":"https:\/\/wydawnictwo.ug.edu.pl\/en\/wp-json\/wp\/v2\/types\/product"}],"wp:featuredmedia":[{"embeddable":true,"href":"https:\/\/wydawnictwo.ug.edu.pl\/en\/wp-json\/wp\/v2\/media\/16644"}],"wp:attachment":[{"href":"https:\/\/wydawnictwo.ug.edu.pl\/en\/wp-json\/wp\/v2\/media?parent=46489"}],"wp:term":[{"taxonomy":"journal","embeddable":true,"href":"https:\/\/wydawnictwo.ug.edu.pl\/en\/wp-json\/wp\/v2\/journal?post=46489"},{"taxonomy":"rodzaj","embeddable":true,"href":"https:\/\/wydawnictwo.ug.edu.pl\/en\/wp-json\/wp\/v2\/rodzaj?post=46489"},{"taxonomy":"seria","embeddable":true,"href":"https:\/\/wydawnictwo.ug.edu.pl\/en\/wp-json\/wp\/v2\/seria?post=46489"},{"taxonomy":"product_brand","embeddable":true,"href":"https:\/\/wydawnictwo.ug.edu.pl\/en\/wp-json\/wp\/v2\/product_brand?post=46489"},{"taxonomy":"product_cat","embeddable":true,"href":"https:\/\/wydawnictwo.ug.edu.pl\/en\/wp-json\/wp\/v2\/product_cat?post=46489"},{"taxonomy":"product_tag","embeddable":true,"href":"https:\/\/wydawnictwo.ug.edu.pl\/en\/wp-json\/wp\/v2\/product_tag?post=46489"}],"curies":[{"name":"wp","href":"https:\/\/api.w.org\/{rel}","templated":true}]}}