{"id":46488,"date":"2019-11-30T00:00:00","date_gmt":"2019-11-30T00:00:00","guid":{"rendered":"https:\/\/wydawnictwo.ug.edu.pl\/ksiegarnia-online\/uncategorized\/zarzadzanie-rozwojem-przedsiebiorstwa-perspektywa-nauki-i-praktyki-gospodarczej-tom-1\/"},"modified":"2026-02-11T14:37:30","modified_gmt":"2026-02-11T14:37:30","slug":"zarzadzanie-rozwojem-przedsiebiorstwa-perspektywa-nauki-i-praktyki-gospodarczej-tom-1","status":"publish","type":"product","link":"https:\/\/wydawnictwo.ug.edu.pl\/en\/ksiegarnia-online\/zarzadzanie\/zarzadzanie-rozwojem-przedsiebiorstwa-perspektywa-nauki-i-praktyki-gospodarczej-tom-1\/","title":{"rendered":"Zarz\u0105dzanie rozwojem przedsi\u0119biorstwa. Perspektywa nauki i praktyki gospodarczej. Tom 1"},"content":{"rendered":"","protected":false},"excerpt":{"rendered":"<p>Zarz\u0105dzanie Rozwojem Przedsi\u0119biorstwa (ZRP) stanowi jeden z wa\u017cniejszych nurt\u00f3w badawczych, kt\u00f3re podejmowane s\u0105 zar\u00f3wno w pracy naukowej, jak i dydaktycznej przez pracownik\u00f3w Katedry Ekonomiki Przedsi\u0119biorstw Wydzia\u0142u Zarz\u0105dzania Uniwersytetu Gda\u0144skiego. Nasze wieloletnie do\u015bwiadczenia w tym zakresie zaowocowa\u0142y utworzeniem specjalno\u015bci dydaktycznej o tej w\u0142a\u015bnie nazwie, kt\u00f3r\u0105 oferujemy Studentom kierunku Zarz\u0105dzanie. Problematyka ZRP jest wielowymiarowa. Z uwagi nie tylko na realizowane przez nas projekty badawcze, ale tak\u017ce w szczeg\u00f3lno\u015bci uwzgl\u0119dniaj\u0105c na nasze do\u015bwiadczenia konsultingowe i doradcze na rzecz praktyki gospodarczej, staramy si\u0119 realizowa\u0107 proces dydaktyki poprzez studia przypadk\u00f3w. W naszej opinii to jedyna s\u0142uszna droga budowania wiedzy i inspirowania Student\u00f3w do nauki.<\/p>\n<p>Niniejsza (1) monografia jest wizyt\u00f3wk\u0105 naszej Katedry, a wraz z: (2) drugim tomem oraz (3) interaktywnym podr\u0119cznikiem do studiowania ZRP, stanowi sp\u00f3jny materia\u0142 dydaktyczny dla naszych Student\u00f3w. Wierzymy, i\u017c dziel\u0105c si\u0119 w ten spos\u00f3b nasz\u0105 wiedz\u0105, zarazimy Was do prawdziwego studiowania, zadawania pyta\u0144, a tak\u017ce zg\u0142\u0119biania tej niezwykle interesuj\u0105cej nas samych problematyki \u2013 poprzez wsp\u00f3ln\u0105 dyskusj\u0119 i polemik\u0119 z autorami. \u017byczymy owocnej lektury i liczymy na aktywn\u0105 postaw\u0119, kt\u00f3r\u0105 b\u0119dziemy zawsze docenia\u0107 w procesie realizacji zaj\u0119\u0107 dydaktycznych na specjalno\u015bci: Zarz\u0105dzanie Rozwojem Przedsi\u0119biorstwa na Wydziale Zarz\u0105dzania Uniwersytetu Gda\u0144skiego.<\/p>\n<p>W imieniu zespo\u0142u KEP WZR UG<\/p>\n<p><em>Dr hab. Pawe\u0142 Antonowicz, prof. UG<\/em><br \/>\nKierownik Katedry Ekonomiki Przedsi\u0119biorstw<\/p>\n","protected":false},"featured_media":15879,"template":"","meta":{"_acf_changed":false},"journal":[],"rodzaj":[],"seria":[],"product_brand":[],"product_cat":[6942],"product_tag":[7464,7941,7910],"class_list":{"0":"post-46488","1":"product","2":"type-product","3":"status-publish","4":"has-post-thumbnail","6":"product_cat-zarzadzanie","7":"product_tag-malgorzata-szymanska-bralkowska","8":"product_tag-malgorzata-z-wisniewska","9":"product_tag-pawel-antonowiczpawel-antonowiczpawel-antonowiczpawel-antonowicz","10":"pa_rok-wydania-2020-en","12":"first","13":"outofstock","14":"taxable","15":"shipping-taxable","16":"purchasable","17":"product-type-simple"},"acf":[],"_links":{"self":[{"href":"https:\/\/wydawnictwo.ug.edu.pl\/en\/wp-json\/wp\/v2\/product\/46488","targetHints":{"allow":["GET"]}}],"collection":[{"href":"https:\/\/wydawnictwo.ug.edu.pl\/en\/wp-json\/wp\/v2\/product"}],"about":[{"href":"https:\/\/wydawnictwo.ug.edu.pl\/en\/wp-json\/wp\/v2\/types\/product"}],"wp:featuredmedia":[{"embeddable":true,"href":"https:\/\/wydawnictwo.ug.edu.pl\/en\/wp-json\/wp\/v2\/media\/15879"}],"wp:attachment":[{"href":"https:\/\/wydawnictwo.ug.edu.pl\/en\/wp-json\/wp\/v2\/media?parent=46488"}],"wp:term":[{"taxonomy":"journal","embeddable":true,"href":"https:\/\/wydawnictwo.ug.edu.pl\/en\/wp-json\/wp\/v2\/journal?post=46488"},{"taxonomy":"rodzaj","embeddable":true,"href":"https:\/\/wydawnictwo.ug.edu.pl\/en\/wp-json\/wp\/v2\/rodzaj?post=46488"},{"taxonomy":"seria","embeddable":true,"href":"https:\/\/wydawnictwo.ug.edu.pl\/en\/wp-json\/wp\/v2\/seria?post=46488"},{"taxonomy":"product_brand","embeddable":true,"href":"https:\/\/wydawnictwo.ug.edu.pl\/en\/wp-json\/wp\/v2\/product_brand?post=46488"},{"taxonomy":"product_cat","embeddable":true,"href":"https:\/\/wydawnictwo.ug.edu.pl\/en\/wp-json\/wp\/v2\/product_cat?post=46488"},{"taxonomy":"product_tag","embeddable":true,"href":"https:\/\/wydawnictwo.ug.edu.pl\/en\/wp-json\/wp\/v2\/product_tag?post=46488"}],"curies":[{"name":"wp","href":"https:\/\/api.w.org\/{rel}","templated":true}]}}