{"id":46485,"date":"2019-11-30T00:00:00","date_gmt":"2019-11-30T00:00:00","guid":{"rendered":"https:\/\/wydawnictwo.ug.edu.pl\/ksiegarnia-online\/uncategorized\/francuska-szlachta-liberalna-a-rewolucja\/"},"modified":"2026-02-11T14:44:09","modified_gmt":"2026-02-11T14:44:09","slug":"francuska-szlachta-liberalna-a-rewolucja","status":"publish","type":"product","link":"https:\/\/wydawnictwo.ug.edu.pl\/en\/ksiegarnia-online\/historia\/francuska-szlachta-liberalna-a-rewolucja\/","title":{"rendered":"Francuska szlachta liberalna a rewolucja"},"content":{"rendered":"","protected":false},"excerpt":{"rendered":"<p>Ksi\u0105\u017cka\u00a0<em>Francuska szlachta liberalna a rewolucja<\/em>\u00a0analizuje z\u0142o\u017cone relacje francuskiej szlachty liberalnej z Rewolucj\u0105 Francusk\u0105. Stawiamy w niej pytanie, dlaczego wielu przedstawicieli francuskiej szlachty tak ch\u0119tnie przy\u0142\u0105czy\u0142o si\u0119 do Rewolucji, nie tylko bior\u0105c w niej czynny udzia\u0142, lecz r\u00f3wnie\u017c zajmuj\u0105c eksponowane stanowiska w jej wydarzeniach i w strukturach rewolucyjnej w\u0142adzy w latach 1789 \u2013 1799. Ka\u017cdy z czterech rozdzia\u0142\u00f3w ksi\u0105\u017cki po\u015bwi\u0119cony jest odr\u0119bnej postaci, w kolejno\u015bci: Chr\u00e9tien-Guillaume de Malesherbes, Honor\u00e9-Gabriel de Mirabeau, Philippe d\u2019Orl\u00e9ans oraz Paul de Barras. I co istotne, ka\u017cda z powy\u017cszych postaci wywodzi\u0142a si\u0119 z innego \u015brodowiska szlacheckiego, w kolejno\u015bci: szlachta togi, rodowa arystokracja, arystokracja dworska spokrewniona z rodzin\u0105 kr\u00f3lewsk\u0105, zubo\u017ca\u0142a szlachta prowincjonalna. Ksi\u0105\u017cka wykazuje, \u017ce motywy, jakimi kierowali si\u0119 czterej badani przez nas szlachcice na swej drodze do Rewolucji, by\u0142y r\u00f3\u017cne, zale\u017cnie od tego, do jakiego \u015brodowiska szlacheckiego nale\u017celi.<\/p>\n<p>&nbsp;<\/p>\n","protected":false},"featured_media":16507,"template":"","meta":{"_acf_changed":false},"journal":[],"rodzaj":[2602],"seria":[],"product_brand":[],"product_cat":[229],"product_tag":[551,552],"class_list":{"0":"post-46485","1":"product","2":"type-product","3":"status-publish","4":"has-post-thumbnail","6":"rodzaj-ksiazki","7":"product_cat-historia","8":"product_tag-marek-mosakowski","9":"product_tag-przemyslaw-kossakowski","10":"pa_rok-wydania-849","12":"first","13":"instock","14":"taxable","15":"shipping-taxable","16":"purchasable","17":"product-type-simple"},"acf":[],"_links":{"self":[{"href":"https:\/\/wydawnictwo.ug.edu.pl\/en\/wp-json\/wp\/v2\/product\/46485","targetHints":{"allow":["GET"]}}],"collection":[{"href":"https:\/\/wydawnictwo.ug.edu.pl\/en\/wp-json\/wp\/v2\/product"}],"about":[{"href":"https:\/\/wydawnictwo.ug.edu.pl\/en\/wp-json\/wp\/v2\/types\/product"}],"wp:featuredmedia":[{"embeddable":true,"href":"https:\/\/wydawnictwo.ug.edu.pl\/en\/wp-json\/wp\/v2\/media\/16507"}],"wp:attachment":[{"href":"https:\/\/wydawnictwo.ug.edu.pl\/en\/wp-json\/wp\/v2\/media?parent=46485"}],"wp:term":[{"taxonomy":"journal","embeddable":true,"href":"https:\/\/wydawnictwo.ug.edu.pl\/en\/wp-json\/wp\/v2\/journal?post=46485"},{"taxonomy":"rodzaj","embeddable":true,"href":"https:\/\/wydawnictwo.ug.edu.pl\/en\/wp-json\/wp\/v2\/rodzaj?post=46485"},{"taxonomy":"seria","embeddable":true,"href":"https:\/\/wydawnictwo.ug.edu.pl\/en\/wp-json\/wp\/v2\/seria?post=46485"},{"taxonomy":"product_brand","embeddable":true,"href":"https:\/\/wydawnictwo.ug.edu.pl\/en\/wp-json\/wp\/v2\/product_brand?post=46485"},{"taxonomy":"product_cat","embeddable":true,"href":"https:\/\/wydawnictwo.ug.edu.pl\/en\/wp-json\/wp\/v2\/product_cat?post=46485"},{"taxonomy":"product_tag","embeddable":true,"href":"https:\/\/wydawnictwo.ug.edu.pl\/en\/wp-json\/wp\/v2\/product_tag?post=46485"}],"curies":[{"name":"wp","href":"https:\/\/api.w.org\/{rel}","templated":true}]}}