{"id":46484,"date":"2019-11-30T00:00:00","date_gmt":"2019-11-30T00:00:00","guid":{"rendered":"https:\/\/wydawnictwo.ug.edu.pl\/ksiegarnia-online\/uncategorized\/zarzadzanie-rozwojem-przedsiebiorstwa-interaktywny-podrecznik-z-zakresu-zarzadzania-repozytorium-case-study-dla-studentow\/"},"modified":"2026-02-11T14:37:34","modified_gmt":"2026-02-11T14:37:34","slug":"zarzadzanie-rozwojem-przedsiebiorstwa-interaktywny-podrecznik-z-zakresu-zarzadzania-repozytorium-case-study-dla-studentow","status":"publish","type":"product","link":"https:\/\/wydawnictwo.ug.edu.pl\/en\/ksiegarnia-online\/zarzadzanie\/zarzadzanie-rozwojem-przedsiebiorstwa-interaktywny-podrecznik-z-zakresu-zarzadzania-repozytorium-case-study-dla-studentow\/","title":{"rendered":"Zarz\u0105dzanie rozwojem przedsi\u0119biorstwa. Interaktywny podr\u0119cznik z zakresu zarz\u0105dzania. Repozytorium case study dla student\u00f3w"},"content":{"rendered":"","protected":false},"excerpt":{"rendered":"<p>Zarz\u0105dzanie rozwojem przedsi\u0119biorstwa (ZRP) stanowi jeden z wa\u017cniejszych nurt\u00f3w badawczych, kt\u00f3re s\u0105 podejmowane zar\u00f3wno w pracy naukowej, jak i dydaktycznej przez pracownik\u00f3w Katedry Ekonomiki Przedsi\u0119biorstw Wydzia\u0142u Zarz\u0105dzania Uniwersytetu Gda\u0144skiego. Nasze wieloletnie do-\u015bwiadczenia w tym zakresie zaowocowa\u0142y utworzeniem specjalno\u015bci dydaktycznej o tej w\u0142a\u015bnie nazwie. Specjalno\u015b\u0107 ta znajduje si\u0119 obecnie w ofercie dydaktycznej na kierunku Zarz\u0105dzanie.<\/p>\n<p>Nasze do\u015bwiadczenia w pracy dydaktycznej, przede wszystkim na r\u00f3\u017cnych wydzia\u0142ach Uniwersytetu Gda\u0144skiego, ze studentami r\u00f3\u017cnych specjalno\u015bci, pozwoli\u0142y okre\u015bli\u0107 katalog potrzeb, na kt\u00f3ry odpowiedzi\u0105 jest projekt stworzenia zunifikowanego, \u0142atwo dost\u0119pnego pakietu materia\u0142\u00f3w dydaktycznych, przeznaczonego dla student\u00f3w tych wydzia\u0142\u00f3w, jak r\u00f3wnie\u017c wszystkich nauczycieli akademickich prowadz\u0105cych zaj\u0119cia z obszaru zarz\u0105dzania przedsi\u0119biorstwem. Inicjatywa ta wpisuje si\u0119 w strategiczne cele rozwoju Uniwersytetu Gda\u0144skiego. Ma to w szczeg\u00f3lno\u015bci odniesienie do tzw. trzeciej misji UG, zwi\u0105zanej z budowaniem perspektywicznych relacji z otoczeniem zewn\u0119trznym, w tym m.in. pracodawcami i jednostkami samorz\u0105du terytorialnego.<\/p>\n<p>W celu zapewnienia studentom wszechstronnego dost\u0119pu do wiedzy zawarte w niniejszym podr\u0119czniku materia\u0142y dydaktyczne zosta\u0142y powi\u0105zane z alfanumerycznymi kodami QR. Dzia\u0142anie to jest odpowiedzi\u0105 na zmieniaj\u0105ce si\u0119 warunki \u017cycia i pracy m\u0142odego pokolenia. Kody alfanumeryczne sta\u0142y si\u0119 og\u00f3lno\u015bwiatowym medium przep\u0142ywu informacji w cyfrowej gospodarce i w\u0142\u0105czenie ich w proces edukacyjny implikuje mo\u017cliwo\u015b\u0107 przeniesienia wiedzy zawartej w podr\u0119czniku na szerokie spektrum urz\u0105dze\u0144 mobilnych. Przesuni\u0119cie punktu ci\u0119\u017cko\u015bci czerpania wiedzy z formy jednowymiarowej (lektura ksi\u0105\u017cki) na wariant wielowymiarowy (lektura ze wsparciem multimedialnym) stanowi zatem niezb\u0119dn\u0105 odpowied\u017a na zmiany zachodz\u0105ce w specyfice procesu naukowego w XXI wieku.<\/p>\n<p>Ksi\u0105\u017cka otrzyma\u0142a I nagrod\u0119 w <a href=\"https:\/\/wydawnictwo.ug.edu.pl\/nominacje-i-nagrody\/nagroda\/rozstrzygniecie-konkursu-wydawnictwa-uniwersytetu-gdanskiego-2020\/\">Konkursie Wydawnictwa Uniwersytetu Gda\u0144skiego<\/a> 2020 w kategorii Najlepsza ksi\u0105\u017cka dydaktyczna.<\/p>\n","protected":false},"featured_media":15876,"template":"","meta":{"_acf_changed":false},"journal":[],"rodzaj":[7330],"seria":[],"product_brand":[],"product_cat":[6942],"product_tag":[7910],"class_list":{"0":"post-46484","1":"product","2":"type-product","3":"status-publish","4":"has-post-thumbnail","6":"rodzaj-schoolbook","7":"product_cat-zarzadzanie","8":"product_tag-pawel-antonowiczpawel-antonowiczpawel-antonowiczpawel-antonowicz","9":"pa_rok-wydania-2020-en","11":"first","12":"instock","13":"taxable","14":"shipping-taxable","15":"purchasable","16":"product-type-simple"},"acf":[],"_links":{"self":[{"href":"https:\/\/wydawnictwo.ug.edu.pl\/en\/wp-json\/wp\/v2\/product\/46484","targetHints":{"allow":["GET"]}}],"collection":[{"href":"https:\/\/wydawnictwo.ug.edu.pl\/en\/wp-json\/wp\/v2\/product"}],"about":[{"href":"https:\/\/wydawnictwo.ug.edu.pl\/en\/wp-json\/wp\/v2\/types\/product"}],"wp:featuredmedia":[{"embeddable":true,"href":"https:\/\/wydawnictwo.ug.edu.pl\/en\/wp-json\/wp\/v2\/media\/15876"}],"wp:attachment":[{"href":"https:\/\/wydawnictwo.ug.edu.pl\/en\/wp-json\/wp\/v2\/media?parent=46484"}],"wp:term":[{"taxonomy":"journal","embeddable":true,"href":"https:\/\/wydawnictwo.ug.edu.pl\/en\/wp-json\/wp\/v2\/journal?post=46484"},{"taxonomy":"rodzaj","embeddable":true,"href":"https:\/\/wydawnictwo.ug.edu.pl\/en\/wp-json\/wp\/v2\/rodzaj?post=46484"},{"taxonomy":"seria","embeddable":true,"href":"https:\/\/wydawnictwo.ug.edu.pl\/en\/wp-json\/wp\/v2\/seria?post=46484"},{"taxonomy":"product_brand","embeddable":true,"href":"https:\/\/wydawnictwo.ug.edu.pl\/en\/wp-json\/wp\/v2\/product_brand?post=46484"},{"taxonomy":"product_cat","embeddable":true,"href":"https:\/\/wydawnictwo.ug.edu.pl\/en\/wp-json\/wp\/v2\/product_cat?post=46484"},{"taxonomy":"product_tag","embeddable":true,"href":"https:\/\/wydawnictwo.ug.edu.pl\/en\/wp-json\/wp\/v2\/product_tag?post=46484"}],"curies":[{"name":"wp","href":"https:\/\/api.w.org\/{rel}","templated":true}]}}