{"id":46482,"date":"2019-11-30T00:00:00","date_gmt":"2019-11-30T00:00:00","guid":{"rendered":"https:\/\/wydawnictwo.ug.edu.pl\/ksiegarnia-online\/uncategorized\/sukces-organizacji-w-warunkach-gospodarki-cyfrowej-strategie-procesy-i-projekty\/"},"modified":"2026-02-11T14:44:11","modified_gmt":"2026-02-11T14:44:11","slug":"sukces-organizacji-w-warunkach-gospodarki-cyfrowej-strategie-procesy-i-projekty","status":"publish","type":"product","link":"https:\/\/wydawnictwo.ug.edu.pl\/en\/ksiegarnia-online\/zarzadzanie\/sukces-organizacji-w-warunkach-gospodarki-cyfrowej-strategie-procesy-i-projekty\/","title":{"rendered":"Sukces organizacji w warunkach gospodarki cyfrowej. Strategie, procesy i projekty"},"content":{"rendered":"","protected":false},"excerpt":{"rendered":"<p>Jeste\u015bmy \u015bwiadkami rewolucji informacyjnej, kt\u00f3ra przyczynia si\u0119 do transformacji spo\u0142ecze\u0144stwa i gospodarki. Dzisiaj gospodarka cyfrowa i tradycyjna przenikaj\u0105 si\u0119 ju\u017c tak \u015bci\u015ble, i\u017c trudno je rozgraniczy\u0107. Poprzednia rewolucja \u2013 przemys\u0142owa \u2013 trwa\u0142a oko\u0142o siedemdziesi\u0119ciu, osiemdziesi\u0119ciu lat, tak wi\u0119c nie nale\u017cy si\u0119 spodziewa\u0107, \u017ce ta obecna nied\u0142ugo si\u0119 sko\u0144czy. Ten burzliwy okres oznacza dla wielu organizacji powa\u017cne zagro\u017cenie funkcjonowania w dotychczasowym modelu, co mo\u017ce prowadzi\u0107 nawet do ich upadku. S\u0105 jednak takie organizacje, kt\u00f3re dostrzegaj\u0105 w zmianach zupe\u0142nie nowe szanse i mo\u017cliwo\u015bci swojego rozwoju. Powstaj\u0105 nowe, ca\u0142kowicie wirtualne organizacje. O sukcesie organizacji w warunkach cyfryzacji gospodarki przes\u0105dza umiej\u0119tno\u015b\u0107 dostrzegania nowych trend\u00f3w i zjawisk, a nast\u0119pnie dostosowywania si\u0119 do nich czy te\u017c ich kszta\u0142towania.<\/p>\n<p>Cyfrowa gospodarka wymaga od organizacji dzia\u0142a\u0144 zar\u00f3wno na poziomie strategicznym jak i operacyjnym. Sukces organizacji zale\u017cy od strategii, dzi\u0119ki kt\u00f3rej odpowiada ona na nowe wyzwania. Tymczasem zanikanie dotychczasowych barier czasowych, przestrzennych i technologicznych umo\u017cliwia tworzenie zupe\u0142nie nowych modeli biznesowych, kt\u00f3re mog\u0105 przyczyni\u0107 si\u0119 do daleko id\u0105cych przetasowa\u0144 w poszczeg\u00f3lnych sektorach gospodarki.<\/p>\n<p>Strategia wyznaczaj\u0105c kierunek rozwoju organizacji wymaga operacyjnych dzia\u0142a\u0144 w celu jej wdro\u017cenia: proces\u00f3w i projekt\u00f3w. Cyfrow\u0105 transformacj\u0119 wspieraj\u0105 rozwijaj\u0105ce si\u0119 narz\u0119dzia informatyczne, kt\u00f3re daj\u0105 nowe mo\u017cliwo\u015bci doskonalenia proces\u00f3w i projekt\u00f3w biznesowych.<\/p>\n<p>Niniejsza monografia stanowi kolejn\u0105 z cyklu publikacji b\u0119d\u0105cych efektem konferencji naukowych organizowanych przez Katedr\u0119 Organizacji i Zarz\u0105dzania Uniwersytetu Gda\u0144skiego (wcze\u015bniej Instytutu Organizacji i Zarz\u0105dzania) pod wsp\u00f3lnym tytu\u0142em \u201eSukces organizacji\u201d. Na prezentowan\u0105 publikacj\u0119 sk\u0142ada si\u0119 zbi\u00f3r artyku\u0142\u00f3w, kt\u00f3re odnosz\u0105c si\u0119 do r\u00f3\u017cnych problem\u00f3w zarz\u0105dzania organizacjami w warunkach gospodarki cyfrowej, stanowi\u0105 wyniki bada\u0144 teoretycznych i empirycznych. Monografia powsta\u0142a w wyniku zaanga\u017cowania autor\u00f3w pochodz\u0105cych z wiod\u0105cych krajowych o\u015brodk\u00f3w akademickich.<\/p>\n","protected":false},"featured_media":16499,"template":"","meta":{"_acf_changed":false},"journal":[],"rodzaj":[],"seria":[],"product_brand":[],"product_cat":[6942],"product_tag":[7685],"class_list":{"0":"post-46482","1":"product","2":"type-product","3":"status-publish","4":"has-post-thumbnail","6":"product_cat-zarzadzanie","7":"product_tag-piotr-wrobelpiotr-wrobel","8":"pa_rok-wydania-2020-en","10":"first","11":"instock","12":"taxable","13":"shipping-taxable","14":"purchasable","15":"product-type-simple"},"acf":[],"_links":{"self":[{"href":"https:\/\/wydawnictwo.ug.edu.pl\/en\/wp-json\/wp\/v2\/product\/46482","targetHints":{"allow":["GET"]}}],"collection":[{"href":"https:\/\/wydawnictwo.ug.edu.pl\/en\/wp-json\/wp\/v2\/product"}],"about":[{"href":"https:\/\/wydawnictwo.ug.edu.pl\/en\/wp-json\/wp\/v2\/types\/product"}],"wp:featuredmedia":[{"embeddable":true,"href":"https:\/\/wydawnictwo.ug.edu.pl\/en\/wp-json\/wp\/v2\/media\/16499"}],"wp:attachment":[{"href":"https:\/\/wydawnictwo.ug.edu.pl\/en\/wp-json\/wp\/v2\/media?parent=46482"}],"wp:term":[{"taxonomy":"journal","embeddable":true,"href":"https:\/\/wydawnictwo.ug.edu.pl\/en\/wp-json\/wp\/v2\/journal?post=46482"},{"taxonomy":"rodzaj","embeddable":true,"href":"https:\/\/wydawnictwo.ug.edu.pl\/en\/wp-json\/wp\/v2\/rodzaj?post=46482"},{"taxonomy":"seria","embeddable":true,"href":"https:\/\/wydawnictwo.ug.edu.pl\/en\/wp-json\/wp\/v2\/seria?post=46482"},{"taxonomy":"product_brand","embeddable":true,"href":"https:\/\/wydawnictwo.ug.edu.pl\/en\/wp-json\/wp\/v2\/product_brand?post=46482"},{"taxonomy":"product_cat","embeddable":true,"href":"https:\/\/wydawnictwo.ug.edu.pl\/en\/wp-json\/wp\/v2\/product_cat?post=46482"},{"taxonomy":"product_tag","embeddable":true,"href":"https:\/\/wydawnictwo.ug.edu.pl\/en\/wp-json\/wp\/v2\/product_tag?post=46482"}],"curies":[{"name":"wp","href":"https:\/\/api.w.org\/{rel}","templated":true}]}}