{"id":46481,"date":"2019-11-30T00:00:00","date_gmt":"2019-11-30T00:00:00","guid":{"rendered":"https:\/\/wydawnictwo.ug.edu.pl\/ksiegarnia-online\/uncategorized\/slawistyka-z-widokiem-na-morze\/"},"modified":"2026-02-11T14:37:51","modified_gmt":"2026-02-11T14:37:51","slug":"slawistyka-z-widokiem-na-morze","status":"publish","type":"product","link":"https:\/\/wydawnictwo.ug.edu.pl\/en\/ksiegarnia-online\/jezykoznawstwo\/slawistyka-z-widokiem-na-morze\/","title":{"rendered":"Slawistyka z widokiem na morze"},"content":{"rendered":"","protected":false},"excerpt":{"rendered":"<p>W niniejszej monografii problematyka morska obejmuje tak wymiar topiki, jak i metaforyki. Praktykujemy rejsy morskie, \u017ceglujemy z pr\u0105dem i pod pr\u0105d bliskich i dalekich m\u00f3rz, zg\u0142\u0119biamy filozofi\u0119 \u017cycia mieszka\u0144c\u00f3w nadmorskich kraj\u00f3w, opisujemy zamorskie zwyczaje, style i delicje. Mapa naszej naukowej \u017ceglugi \u0142\u0105czy P\u00f3\u0142noc z Po\u0142udniem s\u0142owia\u0144skich m\u00f3rz, krain i krajobraz\u00f3w. Jest wi\u0119c nie tylko odwzorowaniem topografii geograficznej Ba\u0142tyku i Adriatyku, Kaszub, Wenecji i Dalmacji, ale r\u00f3wnie\u017c rekonstruowaniem spacjologii legendarnych narracji: o rybaku i rybce, \u015bwiat\u0142ach morskiej latarni i pomy\u015blnej \u017cegludze zawierzonej bogom m\u00f3rz, a w planie panoramicznym \u2013 tak\u017ce odwo\u0142aniem do mitologii \u015br\u00f3d(ziemno)morza i mi\u0119dzymorza. Artyku\u0142y s\u0105 u\u0142o\u017cone wed\u0142ug wybranych kod\u00f3w kultury i odwo\u0142uj\u0105 si\u0119 do opisywania w kulturze swoistego \u201emuzeum wyobra\u017ani\u201d, jakim morze pozostaje w umy\u015ble cz\u0142owieka od najdawniejszych czas\u00f3w. Rozprawy podejmuj\u0105 temat z perspektywy gatunk\u00f3w, a kody gatunkowe: relacja podr\u00f3\u017cna, legenda, bajka, hymn i mikrogatunki folkloru do interpretacji filologicznej wprowadzaj\u0105 metaforyk\u0119 filozoficzn\u0105 i tropy socjologiczne.<\/p>\n<p>Ksi\u0105\u017cka otrzyma\u0142a III nagrod\u0119 w <a href=\"https:\/\/wydawnictwo.ug.edu.pl\/nominacje-i-nagrody\/nagroda\/rozstrzygniecie-konkursu-wydawnictwa-uniwersytetu-gdanskiego-2020\/\">Konkursie Wydawnictwa Uniwersytetu Gda\u0144skiego<\/a> 2020 w kategorii Najlepsza ksi\u0105\u017cka naukowa.<\/p>\n","protected":false},"featured_media":15519,"template":"","meta":{"_acf_changed":false},"journal":[],"rodzaj":[7074,7076],"seria":[7931],"product_brand":[],"product_cat":[6924],"product_tag":[],"class_list":{"0":"post-46481","1":"product","2":"type-product","3":"status-publish","4":"has-post-thumbnail","6":"rodzaj-ksiazki","7":"rodzaj-serie-wydawnicze","8":"seria-dyskursy-wspolczesnej-slawistyki","9":"product_cat-jezykoznawstwo","11":"first","12":"outofstock","13":"taxable","14":"shipping-taxable","15":"purchasable","16":"product-type-simple"},"acf":[],"_links":{"self":[{"href":"https:\/\/wydawnictwo.ug.edu.pl\/en\/wp-json\/wp\/v2\/product\/46481","targetHints":{"allow":["GET"]}}],"collection":[{"href":"https:\/\/wydawnictwo.ug.edu.pl\/en\/wp-json\/wp\/v2\/product"}],"about":[{"href":"https:\/\/wydawnictwo.ug.edu.pl\/en\/wp-json\/wp\/v2\/types\/product"}],"wp:featuredmedia":[{"embeddable":true,"href":"https:\/\/wydawnictwo.ug.edu.pl\/en\/wp-json\/wp\/v2\/media\/15519"}],"wp:attachment":[{"href":"https:\/\/wydawnictwo.ug.edu.pl\/en\/wp-json\/wp\/v2\/media?parent=46481"}],"wp:term":[{"taxonomy":"journal","embeddable":true,"href":"https:\/\/wydawnictwo.ug.edu.pl\/en\/wp-json\/wp\/v2\/journal?post=46481"},{"taxonomy":"rodzaj","embeddable":true,"href":"https:\/\/wydawnictwo.ug.edu.pl\/en\/wp-json\/wp\/v2\/rodzaj?post=46481"},{"taxonomy":"seria","embeddable":true,"href":"https:\/\/wydawnictwo.ug.edu.pl\/en\/wp-json\/wp\/v2\/seria?post=46481"},{"taxonomy":"product_brand","embeddable":true,"href":"https:\/\/wydawnictwo.ug.edu.pl\/en\/wp-json\/wp\/v2\/product_brand?post=46481"},{"taxonomy":"product_cat","embeddable":true,"href":"https:\/\/wydawnictwo.ug.edu.pl\/en\/wp-json\/wp\/v2\/product_cat?post=46481"},{"taxonomy":"product_tag","embeddable":true,"href":"https:\/\/wydawnictwo.ug.edu.pl\/en\/wp-json\/wp\/v2\/product_tag?post=46481"}],"curies":[{"name":"wp","href":"https:\/\/api.w.org\/{rel}","templated":true}]}}