{"id":46475,"date":"2019-11-30T00:00:00","date_gmt":"2019-11-30T00:00:00","guid":{"rendered":"https:\/\/wydawnictwo.ug.edu.pl\/ksiegarnia-online\/uncategorized\/starosc-jezyk-komunikacja-nowe-obszary-logopedii\/"},"modified":"2026-02-11T14:37:45","modified_gmt":"2026-02-11T14:37:45","slug":"starosc-jezyk-komunikacja-nowe-obszary-logopedii","status":"publish","type":"product","link":"https:\/\/wydawnictwo.ug.edu.pl\/en\/ksiegarnia-online\/pedagogika-i-psychologia\/starosc-jezyk-komunikacja-nowe-obszary-logopedii\/","title":{"rendered":"Staro\u015b\u0107. J\u0119zyk. Komunikacja. Nowe obszary logopedii"},"content":{"rendered":"","protected":false},"excerpt":{"rendered":"<p>Przygotowywana monografia wpisuje si\u0119 w nowy obszar badawczy, a mianowicie komunikacj\u0119 os\u00f3b w wieku podesz\u0142ym oraz zmiany, kt\u00f3re zachodz\u0105 wraz z up\u0142ywem czasu w mowie os\u00f3b w wieku senioralnym. Ten temat badawczy dopiero od niedawna jest poruszany przez polskich j\u0119zykoznawc\u00f3w i logoped\u00f3w. Na tom sk\u0142adaj\u0105 si\u0119 prace badaczy reprezentuj\u0105cych wiod\u0105ce o\u015brodki akademickie w Polsce. Tematyka opracowa\u0144 dotyczy zagadnie\u0144 j\u0119zykoznawczych i logopedycznych wa\u017cnych zar\u00f3wno z punktu widzenia teorii obu dziedzin, jak i praktyki. Om\u00f3wiono w nich tak istotne problemy, jak zmiany zachodz\u0105ce w budowie uk\u0142adu stomatognatycznego, problemy w jedzeniu, starzenie si\u0119 g\u0142osu, a tak\u017ce przedstawiono wst\u0119pne wyniki bada\u0144 dotycz\u0105cych j\u0119zyka i komunikowania si\u0119 os\u00f3b w wieku podesz\u0142ym.<\/p>\n","protected":false},"featured_media":15647,"template":"","meta":{"_acf_changed":false},"journal":[],"rodzaj":[],"seria":[],"product_brand":[],"product_cat":[7007],"product_tag":[7595,7916],"class_list":{"0":"post-46475","1":"product","2":"type-product","3":"status-publish","4":"has-post-thumbnail","6":"product_cat-pedagogika-i-psychologia","7":"product_tag-barbara-kaminskabarbara-kaminska","8":"product_tag-stanislaw-milewski","9":"pa_rok-wydania-2020-en","11":"first","12":"instock","13":"taxable","14":"shipping-taxable","15":"purchasable","16":"product-type-simple"},"acf":[],"_links":{"self":[{"href":"https:\/\/wydawnictwo.ug.edu.pl\/en\/wp-json\/wp\/v2\/product\/46475","targetHints":{"allow":["GET"]}}],"collection":[{"href":"https:\/\/wydawnictwo.ug.edu.pl\/en\/wp-json\/wp\/v2\/product"}],"about":[{"href":"https:\/\/wydawnictwo.ug.edu.pl\/en\/wp-json\/wp\/v2\/types\/product"}],"wp:featuredmedia":[{"embeddable":true,"href":"https:\/\/wydawnictwo.ug.edu.pl\/en\/wp-json\/wp\/v2\/media\/15647"}],"wp:attachment":[{"href":"https:\/\/wydawnictwo.ug.edu.pl\/en\/wp-json\/wp\/v2\/media?parent=46475"}],"wp:term":[{"taxonomy":"journal","embeddable":true,"href":"https:\/\/wydawnictwo.ug.edu.pl\/en\/wp-json\/wp\/v2\/journal?post=46475"},{"taxonomy":"rodzaj","embeddable":true,"href":"https:\/\/wydawnictwo.ug.edu.pl\/en\/wp-json\/wp\/v2\/rodzaj?post=46475"},{"taxonomy":"seria","embeddable":true,"href":"https:\/\/wydawnictwo.ug.edu.pl\/en\/wp-json\/wp\/v2\/seria?post=46475"},{"taxonomy":"product_brand","embeddable":true,"href":"https:\/\/wydawnictwo.ug.edu.pl\/en\/wp-json\/wp\/v2\/product_brand?post=46475"},{"taxonomy":"product_cat","embeddable":true,"href":"https:\/\/wydawnictwo.ug.edu.pl\/en\/wp-json\/wp\/v2\/product_cat?post=46475"},{"taxonomy":"product_tag","embeddable":true,"href":"https:\/\/wydawnictwo.ug.edu.pl\/en\/wp-json\/wp\/v2\/product_tag?post=46475"}],"curies":[{"name":"wp","href":"https:\/\/api.w.org\/{rel}","templated":true}]}}