{"id":46474,"date":"2019-11-30T00:00:00","date_gmt":"2019-11-30T00:00:00","guid":{"rendered":"https:\/\/wydawnictwo.ug.edu.pl\/ksiegarnia-online\/uncategorized\/uniwersytet-gdanski-wobec-wyzwan-polityki-rozwoju-regionu-pomorskiego-sposoby-prezentacji-w-mediach\/"},"modified":"2026-02-11T14:37:50","modified_gmt":"2026-02-11T14:37:50","slug":"uniwersytet-gdanski-wobec-wyzwan-polityki-rozwoju-regionu-pomorskiego-sposoby-prezentacji-w-mediach","status":"publish","type":"product","link":"https:\/\/wydawnictwo.ug.edu.pl\/en\/ksiegarnia-online\/socjologia\/uniwersytet-gdanski-wobec-wyzwan-polityki-rozwoju-regionu-pomorskiego-sposoby-prezentacji-w-mediach\/","title":{"rendered":"Uniwersytet Gda\u0144ski wobec wyzwa\u0144 polityki rozwoju regionu pomorskiego. Sposoby prezentacji w mediach"},"content":{"rendered":"","protected":false},"excerpt":{"rendered":"<p>Publikacja \u0142\u0105czy priorytetowe kierunki rozwoju regionalnego wojew\u00f3dztwa pomorskiego ze strategiami Uniwersytetu Gda\u0144skiego. Jej unikatowym walorem jest ukazanie kontekstu medialnego przemian regionalnych, a celem \u2013 umiejscowienie Uniwersytetu Gda\u0144skiego na tle przemian regionalnych. Kompleksowa analiza obejmuje zmiany na Pomorzu w horyzoncie ostatnich dw\u00f3ch dekad, badanie kluczowych dokument\u00f3w strategicznych dotycz\u0105cych rozwoju regionu i Uniwersytetu Gda\u0144skiego oraz badanie medialnej widoczno\u015bci. Ksi\u0105\u017cka przedstawia Uniwersytet Gda\u0144ski jako uczelni\u0119, kt\u00f3ra poprzez realizacj\u0119 projekt\u00f3w regionalnych, realizowanych ze \u015brodk\u00f3w europejskich, wpisuje si\u0119 w ramy sp\u00f3jnego i zr\u00f3wnowa\u017conego rozwoju regionu.<\/p>\n","protected":false},"featured_media":15505,"template":"","meta":{"_acf_changed":false},"journal":[],"rodzaj":[],"seria":[],"product_brand":[],"product_cat":[6953],"product_tag":[7617],"class_list":{"0":"post-46474","1":"product","2":"type-product","3":"status-publish","4":"has-post-thumbnail","6":"product_cat-socjologia","7":"product_tag-malgorzata-losiewicz","9":"first","10":"instock","11":"taxable","12":"shipping-taxable","13":"purchasable","14":"product-type-simple"},"acf":[],"_links":{"self":[{"href":"https:\/\/wydawnictwo.ug.edu.pl\/en\/wp-json\/wp\/v2\/product\/46474","targetHints":{"allow":["GET"]}}],"collection":[{"href":"https:\/\/wydawnictwo.ug.edu.pl\/en\/wp-json\/wp\/v2\/product"}],"about":[{"href":"https:\/\/wydawnictwo.ug.edu.pl\/en\/wp-json\/wp\/v2\/types\/product"}],"wp:featuredmedia":[{"embeddable":true,"href":"https:\/\/wydawnictwo.ug.edu.pl\/en\/wp-json\/wp\/v2\/media\/15505"}],"wp:attachment":[{"href":"https:\/\/wydawnictwo.ug.edu.pl\/en\/wp-json\/wp\/v2\/media?parent=46474"}],"wp:term":[{"taxonomy":"journal","embeddable":true,"href":"https:\/\/wydawnictwo.ug.edu.pl\/en\/wp-json\/wp\/v2\/journal?post=46474"},{"taxonomy":"rodzaj","embeddable":true,"href":"https:\/\/wydawnictwo.ug.edu.pl\/en\/wp-json\/wp\/v2\/rodzaj?post=46474"},{"taxonomy":"seria","embeddable":true,"href":"https:\/\/wydawnictwo.ug.edu.pl\/en\/wp-json\/wp\/v2\/seria?post=46474"},{"taxonomy":"product_brand","embeddable":true,"href":"https:\/\/wydawnictwo.ug.edu.pl\/en\/wp-json\/wp\/v2\/product_brand?post=46474"},{"taxonomy":"product_cat","embeddable":true,"href":"https:\/\/wydawnictwo.ug.edu.pl\/en\/wp-json\/wp\/v2\/product_cat?post=46474"},{"taxonomy":"product_tag","embeddable":true,"href":"https:\/\/wydawnictwo.ug.edu.pl\/en\/wp-json\/wp\/v2\/product_tag?post=46474"}],"curies":[{"name":"wp","href":"https:\/\/api.w.org\/{rel}","templated":true}]}}