{"id":46473,"date":"2019-11-30T00:00:00","date_gmt":"2019-11-30T00:00:00","guid":{"rendered":"https:\/\/wydawnictwo.ug.edu.pl\/ksiegarnia-online\/uncategorized\/jezykowe-srodki-perswazji-w-sloganach-reklamujacych-polskie-marki-terytorialne-na-przykladzie-hasel-promujacych-polske-wojewodztwa-i-miasta-wojewodzkie\/"},"modified":"2026-02-11T14:43:42","modified_gmt":"2026-02-11T14:43:42","slug":"jezykowe-srodki-perswazji-w-sloganach-reklamujacych-polskie-marki-terytorialne-na-przykladzie-hasel-promujacych-polske-wojewodztwa-i-miasta-wojewodzkie","status":"publish","type":"product","link":"https:\/\/wydawnictwo.ug.edu.pl\/en\/ksiegarnia-online\/jezykoznawstwo\/jezykowe-srodki-perswazji-w-sloganach-reklamujacych-polskie-marki-terytorialne-na-przykladzie-hasel-promujacych-polske-wojewodztwa-i-miasta-wojewodzkie\/","title":{"rendered":"J\u0119zykowe \u015brodki perswazji w sloganach reklamuj\u0105cych polskie marki terytorialne na przyk\u0142adzie hase\u0142 promuj\u0105cych Polsk\u0119, wojew\u00f3dztwa i miasta wojew\u00f3dzkie"},"content":{"rendered":"","protected":false},"excerpt":{"rendered":"<p>Wszelkie sposoby perswazyjnego oddzia\u0142ywania slogan\u00f3w promuj\u0105cych marki terytorialne zosta\u0142y w ksi\u0105\u017cce Beaty J\u0119drzejczak opisane szczeg\u00f3\u0142owo na podstawie wnikliwych analiz, udokumentowane licznymi przyk\u0142adami. \u015arodki perswazyjne s\u0105 stosowane na wszystkich poziomach j\u0119zyka i obejmuj\u0105 wszystkie p\u0142aszczyzny tekstu. Autorka wskazuje m.in. r\u00f3\u017cnice mi\u0119dzy j\u0119zykiem (\u015brodkami stosowanymi)\u00a0 w reklamie innego typu a sloganami reklamuj\u0105cymi marki terytorialne. Odwo\u0142ywanie si\u0119 do literatury przedmiotu uwiarygodnia wyra\u017cone tezy, ale r\u00f3wnie\u017c uzasadnia wyb\u00f3r metody bada\u0144 i opisu. Metoda przyj\u0119ta\u00a0 w opracowaniu \u2013 analiza przyk\u0142ad\u00f3w konkretnych hase\u0142, szczeg\u00f3\u0142owa, bardzo wnikliwa i wielostronna, nie jest egzemplifikacj\u0105 z g\u00f3ry przyj\u0119tej\u00a0 tezy odno\u015bnie do opisywanego zjawiska \u2013 semantycznego czy gramatycznego, jest natomiast podstaw\u0105 do sformu\u0142owania bardziej og\u00f3lnych wniosk\u00f3w. Wskazanie najbardziej charakterystycznych zabieg\u00f3w j\u0119zykowych, cech omawianego zjawiska, uog\u00f3lnienie zawieraj\u0105 si\u0119\u00a0 w podsumowaniu podrozdzia\u0142\u00f3w i rozdzia\u0142\u00f3w. Konsekwentne zastosowanie tej metody buduje bardzo przejrzyst\u0105 i logiczn\u0105 ca\u0142o\u015b\u0107. Na podkre\u015blenie\u00a0zas\u0142uguje fakt, \u017ce zagadnienie perswazji w sloganach \u2013 jako jednym\u00a0z gatunk\u00f3w reklamy \u2013 zosta\u0142o opisane obiektywnie, bez oceny, kt\u00f3ra bywa\u00a0niekiedy potocznie \u0142\u0105czona z reklam\u0105.<\/p>\n<p>Po\u00a0<em>S\u0142owniku slogan\u00f3w reklamuj\u0105cych polskie marki terytorialne,\u00a0tom 1: Polska i wojew\u00f3dztwa<\/em>\u00a0autorstwa Beaty J\u0119drzejczak, wydanym\u00a0w 2018 roku, czytelnik otrzymuje opracowanie tam zawartego materia\u0142u\u00a0w postaci ksi\u0105\u017cki na wysokim poziomie naukowym, opartej na w\u0142asnych\u00a0rzetelnych badaniach, a napisanej komunikatywnym j\u0119zykiem, wzorcow\u0105\u00a0polszczyzn\u0105.<\/p>\n<p><em>Z recenzji prof. dr hab. Urszuli K\u0119sikowej<\/em><\/p>\n","protected":false},"featured_media":16861,"template":"","meta":{"_acf_changed":false},"journal":[],"rodzaj":[7074],"seria":[],"product_brand":[],"product_cat":[6924],"product_tag":[7755],"class_list":{"0":"post-46473","1":"product","2":"type-product","3":"status-publish","4":"has-post-thumbnail","6":"rodzaj-ksiazki","7":"product_cat-jezykoznawstwo","8":"product_tag-beata-jedrzejczakbeata-jedrzejczak","9":"pa_rok-wydania-2020-en","11":"first","12":"outofstock","13":"taxable","14":"shipping-taxable","15":"purchasable","16":"product-type-simple"},"acf":[],"_links":{"self":[{"href":"https:\/\/wydawnictwo.ug.edu.pl\/en\/wp-json\/wp\/v2\/product\/46473","targetHints":{"allow":["GET"]}}],"collection":[{"href":"https:\/\/wydawnictwo.ug.edu.pl\/en\/wp-json\/wp\/v2\/product"}],"about":[{"href":"https:\/\/wydawnictwo.ug.edu.pl\/en\/wp-json\/wp\/v2\/types\/product"}],"wp:featuredmedia":[{"embeddable":true,"href":"https:\/\/wydawnictwo.ug.edu.pl\/en\/wp-json\/wp\/v2\/media\/16861"}],"wp:attachment":[{"href":"https:\/\/wydawnictwo.ug.edu.pl\/en\/wp-json\/wp\/v2\/media?parent=46473"}],"wp:term":[{"taxonomy":"journal","embeddable":true,"href":"https:\/\/wydawnictwo.ug.edu.pl\/en\/wp-json\/wp\/v2\/journal?post=46473"},{"taxonomy":"rodzaj","embeddable":true,"href":"https:\/\/wydawnictwo.ug.edu.pl\/en\/wp-json\/wp\/v2\/rodzaj?post=46473"},{"taxonomy":"seria","embeddable":true,"href":"https:\/\/wydawnictwo.ug.edu.pl\/en\/wp-json\/wp\/v2\/seria?post=46473"},{"taxonomy":"product_brand","embeddable":true,"href":"https:\/\/wydawnictwo.ug.edu.pl\/en\/wp-json\/wp\/v2\/product_brand?post=46473"},{"taxonomy":"product_cat","embeddable":true,"href":"https:\/\/wydawnictwo.ug.edu.pl\/en\/wp-json\/wp\/v2\/product_cat?post=46473"},{"taxonomy":"product_tag","embeddable":true,"href":"https:\/\/wydawnictwo.ug.edu.pl\/en\/wp-json\/wp\/v2\/product_tag?post=46473"}],"curies":[{"name":"wp","href":"https:\/\/api.w.org\/{rel}","templated":true}]}}