{"id":46472,"date":"2019-11-30T00:00:00","date_gmt":"2019-11-30T00:00:00","guid":{"rendered":"https:\/\/wydawnictwo.ug.edu.pl\/ksiegarnia-online\/uncategorized\/ryzyko-dlugowiecznosci-znaczenie-dla-stabilnosci-systemow-emerytalnych\/"},"modified":"2026-02-11T14:43:11","modified_gmt":"2026-02-11T14:43:11","slug":"ryzyko-dlugowiecznosci-znaczenie-dla-stabilnosci-systemow-emerytalnych","status":"publish","type":"product","link":"https:\/\/wydawnictwo.ug.edu.pl\/en\/ksiegarnia-online\/ekonomia\/ryzyko-dlugowiecznosci-znaczenie-dla-stabilnosci-systemow-emerytalnych\/","title":{"rendered":"Ryzyko d\u0142ugowieczno\u015bci. Znaczenie dla stabilno\u015bci system\u00f3w emerytalnych"},"content":{"rendered":"","protected":false},"excerpt":{"rendered":"<p>Obserwowane od po\u0142owy XX wieku w wi\u0119kszo\u015bci pa\u0144stw \u015bwiata dynamiczne zmiany struktury demograficznej maj\u0105 istotne znaczenie dla stabilno\u015bci system\u00f3w emerytalnych. Jednym z zagro\u017ce\u0144, szczeg\u00f3lnie dla stabilno\u015bci system\u00f3w emerytalnych, wpisuj\u0105cych si\u0119 w proces starzenia si\u0119 spo\u0142ecze\u0144stwa, jest ryzyko d\u0142ugowieczno\u015bci. Podstawowym jego \u017ar\u00f3d\u0142em jest b\u0142\u0119dne oszacowanie dynamiki, z\u00a0jak\u0105 b\u0119d\u0105 obni\u017ca\u0107 si\u0119 wsp\u00f3\u0142czynniki zgon\u00f3w. Od lat 50. XX wieku zmieniaj\u0105 si\u0119 one w\u00a0tempie znacznie przewy\u017cszaj\u0105cym prognozowany poziom. W rezultacie stosowane modele prognozowania trwania \u017cycia istotnie zani\u017caj\u0105 jego faktyczn\u0105 d\u0142ugo\u015b\u0107, a to jest r\u00f3wnoznaczne ze wzrostem zobowi\u0105za\u0144 z tytu\u0142u do\u017cywotnich \u015bwiadcze\u0144 przys\u0142uguj\u0105cych obywatelom. Ka\u017cdy rok ponad prognozowany poziom trwania \u017cycia prowadzi do znacz\u0105cego wzrostu warto\u015bci bie\u017c\u0105cej \u015bwiadcze\u0144, wyp\u0142acanych zar\u00f3wno przez instytucje prywatne, jak i\u00a0publiczne. W \u015bwietle coraz bardziej niekorzystnej struktury demograficznej spo\u0142ecze\u0144stw, wynikaj\u0105cej z obni\u017cania si\u0119 wska\u017anik\u00f3w dzietno\u015bci przy jednoczesnym wyd\u0142u\u017caniu trwania \u017cycia, ryzyko d\u0142ugowieczno\u015bci b\u0119dzie mie\u0107 fundamentalne znaczenie dla utrzymania stabilno\u015bci system\u00f3w zabezpieczenia spo\u0142ecznego w d\u0142ugim okresie.<\/p>\n<p>Celem pracy jest wielowymiarowa ocena wp\u0142ywu ryzyka d\u0142ugowieczno\u015bci na utrzymanie stabilno\u015bci system\u00f3w emerytalnych w\u00a0pa\u0144stwach cz\u0142onkowskich Unii Europejskiej w\u00a0kontek\u015bcie przemian demograficznych. Badaniem obj\u0119to systemy emerytalne wszystkich pa\u0144stw cz\u0142onkowskich Unii Europejskiej, w podziale na dwie grupy: 15 pa\u0144stw, kt\u00f3re tworzy\u0142y UE do 30 kwietnia 2004 roku (UE-15) \u2013 Belgia, Francja, Holandia, Luksemburg, Niemcy, W\u0142ochy, Wielka Brytania, Dania, Irlandia, Grecja, Hiszpania, Portugalia, Austria, Finlandia, Szwecja oraz 13 pa\u0144stw, kt\u00f3re do\u0142\u0105czy\u0142y do Unii po tej dacie (okre\u015blane w\u00a0pracy NMS<em>, new member states<\/em>, nowe pa\u0144stwa cz\u0142onkowskie) \u2013 w 2004 roku Cypr, Czechy, Estonia, Litwa, \u0141otwa, Malta, Polska, S\u0142owacja, S\u0142owenia, W\u0119gry, w 2007 roku Bu\u0142garia, Rumunia i w 2013 roku Chorwacja.<\/p>\n","protected":false},"featured_media":17052,"template":"","meta":{"_acf_changed":false},"journal":[],"rodzaj":[7077,7076],"seria":[7797],"product_brand":[],"product_cat":[6934],"product_tag":[],"class_list":{"0":"post-46472","1":"product","2":"type-product","3":"status-publish","4":"has-post-thumbnail","6":"rodzaj-czasopismo","7":"rodzaj-serie-wydawnicze","8":"seria-dissertationes-laudatissimae-universitas-gedanensis","9":"product_cat-ekonomia","10":"pa_rok-wydania-2019-en","12":"first","13":"outofstock","14":"taxable","15":"shipping-taxable","16":"purchasable","17":"product-type-simple"},"acf":[],"_links":{"self":[{"href":"https:\/\/wydawnictwo.ug.edu.pl\/en\/wp-json\/wp\/v2\/product\/46472","targetHints":{"allow":["GET"]}}],"collection":[{"href":"https:\/\/wydawnictwo.ug.edu.pl\/en\/wp-json\/wp\/v2\/product"}],"about":[{"href":"https:\/\/wydawnictwo.ug.edu.pl\/en\/wp-json\/wp\/v2\/types\/product"}],"wp:featuredmedia":[{"embeddable":true,"href":"https:\/\/wydawnictwo.ug.edu.pl\/en\/wp-json\/wp\/v2\/media\/17052"}],"wp:attachment":[{"href":"https:\/\/wydawnictwo.ug.edu.pl\/en\/wp-json\/wp\/v2\/media?parent=46472"}],"wp:term":[{"taxonomy":"journal","embeddable":true,"href":"https:\/\/wydawnictwo.ug.edu.pl\/en\/wp-json\/wp\/v2\/journal?post=46472"},{"taxonomy":"rodzaj","embeddable":true,"href":"https:\/\/wydawnictwo.ug.edu.pl\/en\/wp-json\/wp\/v2\/rodzaj?post=46472"},{"taxonomy":"seria","embeddable":true,"href":"https:\/\/wydawnictwo.ug.edu.pl\/en\/wp-json\/wp\/v2\/seria?post=46472"},{"taxonomy":"product_brand","embeddable":true,"href":"https:\/\/wydawnictwo.ug.edu.pl\/en\/wp-json\/wp\/v2\/product_brand?post=46472"},{"taxonomy":"product_cat","embeddable":true,"href":"https:\/\/wydawnictwo.ug.edu.pl\/en\/wp-json\/wp\/v2\/product_cat?post=46472"},{"taxonomy":"product_tag","embeddable":true,"href":"https:\/\/wydawnictwo.ug.edu.pl\/en\/wp-json\/wp\/v2\/product_tag?post=46472"}],"curies":[{"name":"wp","href":"https:\/\/api.w.org\/{rel}","templated":true}]}}