{"id":46471,"date":"2019-11-30T00:00:00","date_gmt":"2019-11-30T00:00:00","guid":{"rendered":"https:\/\/wydawnictwo.ug.edu.pl\/ksiegarnia-online\/uncategorized\/z-turystyka-przez-wieki\/"},"modified":"2026-02-11T14:43:09","modified_gmt":"2026-02-11T14:43:09","slug":"z-turystyka-przez-wieki","status":"publish","type":"product","link":"https:\/\/wydawnictwo.ug.edu.pl\/en\/ksiegarnia-online\/historia\/z-turystyka-przez-wieki\/","title":{"rendered":"Z turystyk\u0105 przez wieki"},"content":{"rendered":"","protected":false},"excerpt":{"rendered":"<p>Ksi\u0105\u017cka jest skierowana do szerokiego grona odbiorc\u00f3w, zar\u00f3wno z kr\u0119g\u00f3w nauki, jak i innych zainteresowanych turystyk\u0105 oraz jej aspektami zar\u00f3wno w wymiarze historycznym, jak i wsp\u00f3\u0142czesnym, kulturowym oraz spo\u0142ecznym. Prezentuje kwestie dotycz\u0105ce warunk\u00f3w podr\u00f3\u017cowania, zagadnie\u0144 propagandowych i reklamowych wykorzystywanych w turystyce. W publikacji zosta\u0142y tak\u017ce przedstawione tematy nawi\u0105zuj\u0105ce do element\u00f3w regionalnych i religijnych zwi\u0105zanych z turystyk\u0105.<\/p>\n<p>Ksi\u0105\u017cka ukaza\u0142a si\u0119 w serii wydawniczej Gda\u0144skie Teki Turystyczno-Krajoznawcze.<\/p>\n<p>&nbsp;<\/p>\n","protected":false},"featured_media":17803,"template":"","meta":{"_acf_changed":false},"journal":[],"rodzaj":[6667,2604],"seria":[6748],"product_brand":[],"product_cat":[6958],"product_tag":[628],"class_list":{"0":"post-46471","1":"product","2":"type-product","3":"status-publish","4":"has-post-thumbnail","6":"rodzaj-czasopismo","7":"rodzaj-serie-wydawnicze","8":"seria-gdanskie-teki-turystyczno-krajoznawcze","9":"product_cat-historia","10":"product_tag-krzysztof-lewalski","12":"first","13":"outofstock","14":"taxable","15":"shipping-taxable","16":"purchasable","17":"product-type-simple"},"acf":[],"_links":{"self":[{"href":"https:\/\/wydawnictwo.ug.edu.pl\/en\/wp-json\/wp\/v2\/product\/46471","targetHints":{"allow":["GET"]}}],"collection":[{"href":"https:\/\/wydawnictwo.ug.edu.pl\/en\/wp-json\/wp\/v2\/product"}],"about":[{"href":"https:\/\/wydawnictwo.ug.edu.pl\/en\/wp-json\/wp\/v2\/types\/product"}],"wp:featuredmedia":[{"embeddable":true,"href":"https:\/\/wydawnictwo.ug.edu.pl\/en\/wp-json\/wp\/v2\/media\/17803"}],"wp:attachment":[{"href":"https:\/\/wydawnictwo.ug.edu.pl\/en\/wp-json\/wp\/v2\/media?parent=46471"}],"wp:term":[{"taxonomy":"journal","embeddable":true,"href":"https:\/\/wydawnictwo.ug.edu.pl\/en\/wp-json\/wp\/v2\/journal?post=46471"},{"taxonomy":"rodzaj","embeddable":true,"href":"https:\/\/wydawnictwo.ug.edu.pl\/en\/wp-json\/wp\/v2\/rodzaj?post=46471"},{"taxonomy":"seria","embeddable":true,"href":"https:\/\/wydawnictwo.ug.edu.pl\/en\/wp-json\/wp\/v2\/seria?post=46471"},{"taxonomy":"product_brand","embeddable":true,"href":"https:\/\/wydawnictwo.ug.edu.pl\/en\/wp-json\/wp\/v2\/product_brand?post=46471"},{"taxonomy":"product_cat","embeddable":true,"href":"https:\/\/wydawnictwo.ug.edu.pl\/en\/wp-json\/wp\/v2\/product_cat?post=46471"},{"taxonomy":"product_tag","embeddable":true,"href":"https:\/\/wydawnictwo.ug.edu.pl\/en\/wp-json\/wp\/v2\/product_tag?post=46471"}],"curies":[{"name":"wp","href":"https:\/\/api.w.org\/{rel}","templated":true}]}}