{"id":46469,"date":"2019-11-30T00:00:00","date_gmt":"2019-11-30T00:00:00","guid":{"rendered":"https:\/\/wydawnictwo.ug.edu.pl\/ksiegarnia-online\/uncategorized\/polsko-ukrainskie-miscellanea-prawnicze\/"},"modified":"2026-02-11T14:39:57","modified_gmt":"2026-02-11T14:39:57","slug":"polsko-ukrainskie-miscellanea-prawnicze","status":"publish","type":"product","link":"https:\/\/wydawnictwo.ug.edu.pl\/en\/ksiegarnia-online\/prawo-i-administracja\/polsko-ukrainskie-miscellanea-prawnicze\/","title":{"rendered":"Polsko-ukrai\u0144skie miscellanea prawnicze"},"content":{"rendered":"","protected":false},"excerpt":{"rendered":"<p>Polsko-ukrai\u0144skie miscellanea prawnicze to kolejny tom cyklu, kt\u00f3ry przybli\u017ca problemy prawne obu pa\u0144stw i jest rezultatem wsp\u00f3\u0142pracy Wydzia\u0142u Prawa i Administracji Uniwersytetu Gda\u0144skiego oraz Kijowskiego Uniwersytetu Prawa przy Narodowej Akademii Nauk Ukrainy. Cz\u0119\u015b\u0107 ukrai\u0144sk\u0105 po\u015bwi\u0119cono aktualnym zagadnieniom odnosz\u0105cym si\u0119 do w\u0142asno\u015bci intelektualnej wsp\u00f3\u0142czesnej Ukrainy. Cz\u0119\u015b\u0107 polska jest bardziej zr\u00f3\u017cnicowana, poniewa\u017c poza tekstami dotycz\u0105cymi analogicznej materii zawiera analizy przygotowane w zwi\u0105zku z tegoroczn\u0105 sytuacj\u0105 ustrojow\u0105 w Polsce w zakresie problem\u00f3w prawa wyborczego i wp\u0142ywu pandemii COVID-19 na funkcjonowanie organ\u00f3w pa\u0144stwa i sytuacj\u0119 obywateli.<\/p>\n<p>Ksi\u0105\u017cka ukazuje si\u0119 w roku podw\u00f3jnego jubileuszu obu uniwersytet\u00f3w:\u00a050-lecia Uniwersytetu Gda\u0144skiego (1970-2020) i 25-lecia Kijowskiego\u00a0Uniwersytetu Prawa (1995-2020).<\/p>\n","protected":false},"featured_media":16058,"template":"","meta":{"_acf_changed":false},"journal":[],"rodzaj":[],"seria":[],"product_brand":[],"product_cat":[6932],"product_tag":[],"class_list":{"0":"post-46469","1":"product","2":"type-product","3":"status-publish","4":"has-post-thumbnail","6":"product_cat-prawo-i-administracja","7":"pa_rok-wydania-2020-en","9":"first","10":"outofstock","11":"taxable","12":"shipping-taxable","13":"purchasable","14":"product-type-simple"},"acf":[],"_links":{"self":[{"href":"https:\/\/wydawnictwo.ug.edu.pl\/en\/wp-json\/wp\/v2\/product\/46469","targetHints":{"allow":["GET"]}}],"collection":[{"href":"https:\/\/wydawnictwo.ug.edu.pl\/en\/wp-json\/wp\/v2\/product"}],"about":[{"href":"https:\/\/wydawnictwo.ug.edu.pl\/en\/wp-json\/wp\/v2\/types\/product"}],"wp:featuredmedia":[{"embeddable":true,"href":"https:\/\/wydawnictwo.ug.edu.pl\/en\/wp-json\/wp\/v2\/media\/16058"}],"wp:attachment":[{"href":"https:\/\/wydawnictwo.ug.edu.pl\/en\/wp-json\/wp\/v2\/media?parent=46469"}],"wp:term":[{"taxonomy":"journal","embeddable":true,"href":"https:\/\/wydawnictwo.ug.edu.pl\/en\/wp-json\/wp\/v2\/journal?post=46469"},{"taxonomy":"rodzaj","embeddable":true,"href":"https:\/\/wydawnictwo.ug.edu.pl\/en\/wp-json\/wp\/v2\/rodzaj?post=46469"},{"taxonomy":"seria","embeddable":true,"href":"https:\/\/wydawnictwo.ug.edu.pl\/en\/wp-json\/wp\/v2\/seria?post=46469"},{"taxonomy":"product_brand","embeddable":true,"href":"https:\/\/wydawnictwo.ug.edu.pl\/en\/wp-json\/wp\/v2\/product_brand?post=46469"},{"taxonomy":"product_cat","embeddable":true,"href":"https:\/\/wydawnictwo.ug.edu.pl\/en\/wp-json\/wp\/v2\/product_cat?post=46469"},{"taxonomy":"product_tag","embeddable":true,"href":"https:\/\/wydawnictwo.ug.edu.pl\/en\/wp-json\/wp\/v2\/product_tag?post=46469"}],"curies":[{"name":"wp","href":"https:\/\/api.w.org\/{rel}","templated":true}]}}