{"id":46468,"date":"2019-11-30T00:00:00","date_gmt":"2019-11-30T00:00:00","guid":{"rendered":"https:\/\/wydawnictwo.ug.edu.pl\/ksiegarnia-online\/uncategorized\/produkty-ubezpieczeniowe\/"},"modified":"2026-02-11T14:39:59","modified_gmt":"2026-02-11T14:39:59","slug":"produkty-ubezpieczeniowe","status":"publish","type":"product","link":"https:\/\/wydawnictwo.ug.edu.pl\/en\/ksiegarnia-online\/zarzadzanie\/produkty-ubezpieczeniowe\/","title":{"rendered":"Produkty ubezpieczeniowe"},"content":{"rendered":"","protected":false},"excerpt":{"rendered":"<p>Wobec nieustaj\u0105cych zmian otoczenia zewn\u0119trznego, a tak\u017ce konieczno\u015bci dokonywania ci\u0105g\u0142ych zmian w organizacji i strukturze rynk\u00f3w finansowych, nieustannie powstaj\u0105 nowe paradygmaty i podej\u015bcia do zarz\u0105dzania instytucjami finansowymi do kt\u00f3rych nale\u017c\u0105 r\u00f3wnie\u017c zak\u0142ady ubezpiecze\u0144. Konieczna jest zatem systematyczna wymiana pogl\u0105d\u00f3w oraz dyskusja naukowa, dotycz\u0105ca wp\u0142ywu tych proces\u00f3w na ich warto\u015b\u0107, organizacj\u0119 i zarz\u0105dzanie. Wsp\u00f3lnym mianownikiem i obszarem badawczym, jaki wyst\u0119puje we wszystkich rozdzia\u0142ach oddawanej Czytelnikowi monografii naukowej, s\u0105 szeroko rozumiane zagadnienia z zakresu produkt\u00f3w ubezpieczeniowych. Niniejsza ksi\u0105\u017cka integruje dotychczasowe nurty i obszary badawcze, wchodz\u0105ce w sk\u0142ad szeroko rozumianej teorii oraz praktyki tworzenia i zarz\u0105dzania produktami ubezpieczeniowymi. W pi\u0119ciu kolejnych rozdzia\u0142ach monografii om\u00f3wione zosta\u0142y nast\u0119puj\u0105ce zagadnienia ramowe: podstawy teoretyczne tworzenia i oferowania produkt\u00f3w ubezpieczeniowych oraz praktyka rynkowa w tym zakresie, klasyfikacja produkt\u00f3w ubezpieczeniowych, metody, narz\u0119dzia i etapy tworzenia produkt\u00f3w, innowacje produktowe, ubezpieczenia na \u017cycie, pozosta\u0142e ubezpieczenia osobowe oraz ubezpieczenia maj\u0105tkowe, finansowe i aktuarialne zasady konstrukcji produkt\u00f3w ubezpieczeniowych, proces tworzenia i zarz\u0105dzania produktami ubezpieczeniowymi.<\/p>\n<p><strong>Ksi\u0105\u017cka finansowana w ramach Programu ProUG.<\/strong><\/p>\n","protected":false},"featured_media":15911,"template":"","meta":{"_acf_changed":false},"journal":[],"rodzaj":[],"seria":[],"product_brand":[],"product_cat":[6942],"product_tag":[7923,7924,7911],"class_list":{"0":"post-46468","1":"product","2":"type-product","3":"status-publish","4":"has-post-thumbnail","6":"product_cat-zarzadzanie","7":"product_tag-adam-gierusz","8":"product_tag-agnieszka-poblocka","9":"product_tag-piotr-pisarewicz","10":"pa_rok-wydania-2020-en","12":"first","13":"instock","14":"taxable","15":"shipping-taxable","16":"purchasable","17":"product-type-external"},"acf":[],"_links":{"self":[{"href":"https:\/\/wydawnictwo.ug.edu.pl\/en\/wp-json\/wp\/v2\/product\/46468","targetHints":{"allow":["GET"]}}],"collection":[{"href":"https:\/\/wydawnictwo.ug.edu.pl\/en\/wp-json\/wp\/v2\/product"}],"about":[{"href":"https:\/\/wydawnictwo.ug.edu.pl\/en\/wp-json\/wp\/v2\/types\/product"}],"wp:featuredmedia":[{"embeddable":true,"href":"https:\/\/wydawnictwo.ug.edu.pl\/en\/wp-json\/wp\/v2\/media\/15911"}],"wp:attachment":[{"href":"https:\/\/wydawnictwo.ug.edu.pl\/en\/wp-json\/wp\/v2\/media?parent=46468"}],"wp:term":[{"taxonomy":"journal","embeddable":true,"href":"https:\/\/wydawnictwo.ug.edu.pl\/en\/wp-json\/wp\/v2\/journal?post=46468"},{"taxonomy":"rodzaj","embeddable":true,"href":"https:\/\/wydawnictwo.ug.edu.pl\/en\/wp-json\/wp\/v2\/rodzaj?post=46468"},{"taxonomy":"seria","embeddable":true,"href":"https:\/\/wydawnictwo.ug.edu.pl\/en\/wp-json\/wp\/v2\/seria?post=46468"},{"taxonomy":"product_brand","embeddable":true,"href":"https:\/\/wydawnictwo.ug.edu.pl\/en\/wp-json\/wp\/v2\/product_brand?post=46468"},{"taxonomy":"product_cat","embeddable":true,"href":"https:\/\/wydawnictwo.ug.edu.pl\/en\/wp-json\/wp\/v2\/product_cat?post=46468"},{"taxonomy":"product_tag","embeddable":true,"href":"https:\/\/wydawnictwo.ug.edu.pl\/en\/wp-json\/wp\/v2\/product_tag?post=46468"}],"curies":[{"name":"wp","href":"https:\/\/api.w.org\/{rel}","templated":true}]}}