{"id":46466,"date":"2019-11-30T00:00:00","date_gmt":"2019-11-30T00:00:00","guid":{"rendered":"https:\/\/wydawnictwo.ug.edu.pl\/ksiegarnia-online\/uncategorized\/czerwona-ksiega-roslin-naczyniowych-pomorza-gdanskiego-tom-1-zagrozone-gatunki-nadmorskich-plaz-wydm-i-solnisk-oraz-wod-slonawych-strefy-przymorskiej\/"},"modified":"2026-02-23T10:49:59","modified_gmt":"2026-02-23T10:49:59","slug":"czerwona-ksiega-roslin-naczyniowych-pomorza-gdanskiego-tom-1-zagrozone-gatunki-nadmorskich-plaz-wydm-i-solnisk-oraz-wod-slonawych-strefy-przymorskiej","status":"publish","type":"product","link":"https:\/\/wydawnictwo.ug.edu.pl\/en\/ksiegarnia-online\/biologia\/czerwona-ksiega-roslin-naczyniowych-pomorza-gdanskiego-tom-1-zagrozone-gatunki-nadmorskich-plaz-wydm-i-solnisk-oraz-wod-slonawych-strefy-przymorskiej\/","title":{"rendered":"Czerwona ksi\u0119ga ro\u015blin naczyniowych pomorza gda\u0144skiego. Tom 1. Zagro\u017cone gatunki nadmorskich pla\u017c, wydm i solnisk oraz w\u00f3d s\u0142onawych strefy przymorskiej"},"content":{"rendered":"","protected":false},"excerpt":{"rendered":"<p>Jedn\u0105 z form oceny stopnia zagro\u017cenia gatunk\u00f3w jest tworzenie czerwonych list i czerwonych ksi\u0105g. Dla obszaru Pomorza Gda\u0144skiego w 2004 roku przygotowano pierwszy wykaz gin\u0105cych i zagro\u017conych w r\u00f3\u017cnym stopniu sk\u0142adnik\u00f3w flory (Markowski R., Buli\u0144ski M. 2004.\u00a0<em>Gin\u0105ce i zagro\u017cone ro\u015bliny naczyniowe Pomorza Gda\u0144skiego<\/em>. Acta Bot. Cassub., Monogr. 1: 1-75.). Obj\u0105\u0142 on zar\u00f3wno sk\u0142adniki rodzime, jak i niekt\u00f3re geograficznie obce \u2013 trwale zadomowione w regionie. Lista ta by\u0142a i jest nadal powszechnie stosowana w praktycznych dzia\u0142aniach z zakresu ochrony przyrody. Zagro\u017cone sk\u0142adniki flory naczyniowej Pomorza Gda\u0144skiego nie zosta\u0142y dotychczas ca\u0142o\u015bciowo opracowane i przedstawione w postaci czerwonej ksi\u0119gi, kt\u00f3ra stanowi\u0142aby kompendium obecnego stanu wiedzy o tej grupie ro\u015blin oraz o ich ochronie i sposobach przeciwdzia\u0142ania zanikowi stanowisk. Niniejszy pierwszy tom\u00a0<em>Czerwonej ksi\u0119gi ro\u015blin naczyniowych Pomorza Gda\u0144skiego<\/em>\u00a0wraz z opracowywan\u0105 obecnie najnowsz\u0105 wersj\u0105 czerwonej listy (Olszewski i in. 2019) stanowi\u0105 podsumowanie dotychczasowych bada\u0144 florystycznych w regionie, a tak\u017ce przedstawiaj\u0105 mo\u017cliwie aktualn\u0105 i pe\u0142n\u0105 wiedz\u0119 na temat stopnia zagro\u017cenia gatunk\u00f3w ro\u015blin naczyniowych, jak r\u00f3wnie\u017c ich rozmieszczenia, zasob\u00f3w populacji i proponowanych dzia\u0142a\u0144 ochronnych.<\/p>\n","protected":false},"featured_media":16180,"template":"","meta":{"_acf_changed":false},"journal":[],"rodzaj":[7074],"seria":[],"product_brand":[],"product_cat":[7307],"product_tag":[],"class_list":{"0":"post-46466","1":"product","2":"type-product","3":"status-publish","4":"has-post-thumbnail","6":"rodzaj-ksiazki","7":"product_cat-biologia","8":"pa_rok-wydania-2020-en","10":"first","11":"outofstock","12":"taxable","13":"shipping-taxable","14":"purchasable","15":"product-type-simple"},"acf":[],"_links":{"self":[{"href":"https:\/\/wydawnictwo.ug.edu.pl\/en\/wp-json\/wp\/v2\/product\/46466","targetHints":{"allow":["GET"]}}],"collection":[{"href":"https:\/\/wydawnictwo.ug.edu.pl\/en\/wp-json\/wp\/v2\/product"}],"about":[{"href":"https:\/\/wydawnictwo.ug.edu.pl\/en\/wp-json\/wp\/v2\/types\/product"}],"wp:featuredmedia":[{"embeddable":true,"href":"https:\/\/wydawnictwo.ug.edu.pl\/en\/wp-json\/wp\/v2\/media\/16180"}],"wp:attachment":[{"href":"https:\/\/wydawnictwo.ug.edu.pl\/en\/wp-json\/wp\/v2\/media?parent=46466"}],"wp:term":[{"taxonomy":"journal","embeddable":true,"href":"https:\/\/wydawnictwo.ug.edu.pl\/en\/wp-json\/wp\/v2\/journal?post=46466"},{"taxonomy":"rodzaj","embeddable":true,"href":"https:\/\/wydawnictwo.ug.edu.pl\/en\/wp-json\/wp\/v2\/rodzaj?post=46466"},{"taxonomy":"seria","embeddable":true,"href":"https:\/\/wydawnictwo.ug.edu.pl\/en\/wp-json\/wp\/v2\/seria?post=46466"},{"taxonomy":"product_brand","embeddable":true,"href":"https:\/\/wydawnictwo.ug.edu.pl\/en\/wp-json\/wp\/v2\/product_brand?post=46466"},{"taxonomy":"product_cat","embeddable":true,"href":"https:\/\/wydawnictwo.ug.edu.pl\/en\/wp-json\/wp\/v2\/product_cat?post=46466"},{"taxonomy":"product_tag","embeddable":true,"href":"https:\/\/wydawnictwo.ug.edu.pl\/en\/wp-json\/wp\/v2\/product_tag?post=46466"}],"curies":[{"name":"wp","href":"https:\/\/api.w.org\/{rel}","templated":true}]}}