{"id":46465,"date":"2019-11-30T00:00:00","date_gmt":"2019-11-30T00:00:00","guid":{"rendered":"https:\/\/wydawnictwo.ug.edu.pl\/ksiegarnia-online\/uncategorized\/swiat-blasku\/"},"modified":"2026-02-11T14:43:10","modified_gmt":"2026-02-11T14:43:10","slug":"swiat-blasku","status":"publish","type":"product","link":"https:\/\/wydawnictwo.ug.edu.pl\/en\/ksiegarnia-online\/literatura-piekna\/swiat-blasku\/","title":{"rendered":"\u015awiat Blasku"},"content":{"rendered":"","protected":false},"excerpt":{"rendered":"<p>Margaret Cavendish (1623-1673), autorka pierwszej w Anglii kobiecej utopii, a zarazem powie\u015bci science fiction, nale\u017cy \u2013 obok Anne Bradstreet i Aphry Behn \u2013 do\u00a0najbardziej znanych pisarek angielskich siedemnastego wieku.<\/p>\n<p>Powie\u015b\u0107\u00a0<em>\u015awiat Blasku<\/em>, cho\u0107 w przesz\u0142o\u015bci bywa\u0142a przez krytyk\u00f3w deprecjonowana, w ostatnich dekadach doczeka\u0142a si\u0119 pewnego uznania. Jest przecie\u017c nie tylko pierwsz\u0105\u00a0w siedemnastowiecznej Anglii utopi\u0105 kobiecego autorstwa czy przyk\u0142adem literatury (proto)feministycznej, lecz tak\u017ce przedstawia \u015bwiat, do kt\u00f3rego \u2013 nie do ko\u0144ca\u00a0wprawdzie z w\u0142asnej woli &#8211; dociera kobieta podr\u00f3\u017cniczka, \u015bwiat idealnie rz\u0105dzony przez kobiet\u0119.<\/p>\n","protected":false},"featured_media":17571,"template":"","meta":{"_acf_changed":false},"journal":[],"rodzaj":[7074,7076],"seria":[7920],"product_brand":[],"product_cat":[6979],"product_tag":[7921,7922,7843],"class_list":{"0":"post-46465","1":"product","2":"type-product","3":"status-publish","4":"has-post-thumbnail","6":"rodzaj-ksiazki","7":"rodzaj-serie-wydawnicze","8":"seria-bibliotheca-utopiana","9":"product_cat-literatura-piekna","10":"product_tag-aleksandra-aruminska","11":"product_tag-margaret-cavendish","12":"product_tag-olga-kubinska","13":"pa_rok-wydania-2019-en","15":"first","16":"outofstock","17":"taxable","18":"shipping-taxable","19":"purchasable","20":"product-type-simple"},"acf":[],"_links":{"self":[{"href":"https:\/\/wydawnictwo.ug.edu.pl\/en\/wp-json\/wp\/v2\/product\/46465","targetHints":{"allow":["GET"]}}],"collection":[{"href":"https:\/\/wydawnictwo.ug.edu.pl\/en\/wp-json\/wp\/v2\/product"}],"about":[{"href":"https:\/\/wydawnictwo.ug.edu.pl\/en\/wp-json\/wp\/v2\/types\/product"}],"wp:featuredmedia":[{"embeddable":true,"href":"https:\/\/wydawnictwo.ug.edu.pl\/en\/wp-json\/wp\/v2\/media\/17571"}],"wp:attachment":[{"href":"https:\/\/wydawnictwo.ug.edu.pl\/en\/wp-json\/wp\/v2\/media?parent=46465"}],"wp:term":[{"taxonomy":"journal","embeddable":true,"href":"https:\/\/wydawnictwo.ug.edu.pl\/en\/wp-json\/wp\/v2\/journal?post=46465"},{"taxonomy":"rodzaj","embeddable":true,"href":"https:\/\/wydawnictwo.ug.edu.pl\/en\/wp-json\/wp\/v2\/rodzaj?post=46465"},{"taxonomy":"seria","embeddable":true,"href":"https:\/\/wydawnictwo.ug.edu.pl\/en\/wp-json\/wp\/v2\/seria?post=46465"},{"taxonomy":"product_brand","embeddable":true,"href":"https:\/\/wydawnictwo.ug.edu.pl\/en\/wp-json\/wp\/v2\/product_brand?post=46465"},{"taxonomy":"product_cat","embeddable":true,"href":"https:\/\/wydawnictwo.ug.edu.pl\/en\/wp-json\/wp\/v2\/product_cat?post=46465"},{"taxonomy":"product_tag","embeddable":true,"href":"https:\/\/wydawnictwo.ug.edu.pl\/en\/wp-json\/wp\/v2\/product_tag?post=46465"}],"curies":[{"name":"wp","href":"https:\/\/api.w.org\/{rel}","templated":true}]}}