{"id":46462,"date":"2019-11-30T00:00:00","date_gmt":"2019-11-30T00:00:00","guid":{"rendered":"https:\/\/wydawnictwo.ug.edu.pl\/ksiegarnia-online\/uncategorized\/projekt-interdyskursu-o-tekstowym-przekraczaniu-granic-miedzy-naukami-w-tworczosci-michala-hellera\/"},"modified":"2026-02-11T14:43:14","modified_gmt":"2026-02-11T14:43:14","slug":"projekt-interdyskursu-o-tekstowym-przekraczaniu-granic-miedzy-naukami-w-tworczosci-michala-hellera","status":"publish","type":"product","link":"https:\/\/wydawnictwo.ug.edu.pl\/en\/ksiegarnia-online\/literaturoznawstwo\/projekt-interdyskursu-o-tekstowym-przekraczaniu-granic-miedzy-naukami-w-tworczosci-michala-hellera\/","title":{"rendered":"Projekt interdyskursu. O tekstowym przekraczaniu granic mi\u0119dzy naukami w tw\u00f3rczo\u015bci Micha\u0142a Hellera"},"content":{"rendered":"","protected":false},"excerpt":{"rendered":"<p>Ksi\u0105\u017cka jest nieznacznie zmienion\u0105 wersj\u0105 obronionej w 2017 roku rozprawy doktorskiej, kt\u00f3ra zosta\u0142a wyr\u00f3\u017cniona w konkursie prac doktorskich z roku 2018. Podejmuje temat interdyscyplinarnego dialogu mi\u0119dzy naukami humanistycznymi a naukami \u015bcis\u0142ymi na przyk\u0142adzie tw\u00f3rczo\u015bci Micha\u0142a Hellera, filozofa, fizyka, kosmologa, pasjonata matematyki, ksi\u0119dza, profesora uniwersyteckiego, za\u0142o\u017cyciela Centrum Kopernika Bada\u0144 Interdyscyplinarnych, laureata Nagrody Templetona. Na podstawie kilkudziesi\u0119ciu esej\u00f3w i ksi\u0105\u017cek Hellera autorka pr\u00f3buje zdefiniowa\u0107 charakter mi\u0119dzynaukowego dialogu i ukaza\u0107 miejsce literatury popularnonaukowej w tym\u017ce dialogu, prze\u015bledzi\u0107 role, w jakie usi\u0142uje wej\u015b\u0107 pisz\u0105cy filozof-naukowiec, zbada\u0107 za pomoc\u0105 narz\u0119dzi filologicznych literacko\u015b\u0107 tekst\u00f3w Hellera, postawi\u0107 pytania o realno\u015b\u0107 projektu mi\u0119dzy dyskursami oraz przyjrze\u0107 si\u0119 \u015brodowisku naukowemu i czasom, w kt\u00f3rych przysz\u0142o tworzy\u0107 Hellerowi.<\/p>\n","protected":false},"featured_media":16947,"template":"","meta":{"_acf_changed":false},"journal":[],"rodzaj":[7074,7076],"seria":[7797],"product_brand":[],"product_cat":[6925],"product_tag":[7918],"class_list":{"0":"post-46462","1":"product","2":"type-product","3":"status-publish","4":"has-post-thumbnail","6":"rodzaj-ksiazki","7":"rodzaj-serie-wydawnicze","8":"seria-dissertationes-laudatissimae-universitas-gedanensis","9":"product_cat-literaturoznawstwo","10":"product_tag-martyna-wielewska-baka","11":"pa_rok-wydania-2020-en","13":"first","14":"outofstock","15":"taxable","16":"shipping-taxable","17":"purchasable","18":"product-type-simple"},"acf":[],"_links":{"self":[{"href":"https:\/\/wydawnictwo.ug.edu.pl\/en\/wp-json\/wp\/v2\/product\/46462","targetHints":{"allow":["GET"]}}],"collection":[{"href":"https:\/\/wydawnictwo.ug.edu.pl\/en\/wp-json\/wp\/v2\/product"}],"about":[{"href":"https:\/\/wydawnictwo.ug.edu.pl\/en\/wp-json\/wp\/v2\/types\/product"}],"wp:featuredmedia":[{"embeddable":true,"href":"https:\/\/wydawnictwo.ug.edu.pl\/en\/wp-json\/wp\/v2\/media\/16947"}],"wp:attachment":[{"href":"https:\/\/wydawnictwo.ug.edu.pl\/en\/wp-json\/wp\/v2\/media?parent=46462"}],"wp:term":[{"taxonomy":"journal","embeddable":true,"href":"https:\/\/wydawnictwo.ug.edu.pl\/en\/wp-json\/wp\/v2\/journal?post=46462"},{"taxonomy":"rodzaj","embeddable":true,"href":"https:\/\/wydawnictwo.ug.edu.pl\/en\/wp-json\/wp\/v2\/rodzaj?post=46462"},{"taxonomy":"seria","embeddable":true,"href":"https:\/\/wydawnictwo.ug.edu.pl\/en\/wp-json\/wp\/v2\/seria?post=46462"},{"taxonomy":"product_brand","embeddable":true,"href":"https:\/\/wydawnictwo.ug.edu.pl\/en\/wp-json\/wp\/v2\/product_brand?post=46462"},{"taxonomy":"product_cat","embeddable":true,"href":"https:\/\/wydawnictwo.ug.edu.pl\/en\/wp-json\/wp\/v2\/product_cat?post=46462"},{"taxonomy":"product_tag","embeddable":true,"href":"https:\/\/wydawnictwo.ug.edu.pl\/en\/wp-json\/wp\/v2\/product_tag?post=46462"}],"curies":[{"name":"wp","href":"https:\/\/api.w.org\/{rel}","templated":true}]}}