{"id":46460,"date":"2019-11-30T00:00:00","date_gmt":"2019-11-30T00:00:00","guid":{"rendered":"https:\/\/wydawnictwo.ug.edu.pl\/ksiegarnia-online\/uncategorized\/zastosowania-metod-ilosciowych-w-ubezpieczeniach\/"},"modified":"2026-02-11T14:43:57","modified_gmt":"2026-02-11T14:43:57","slug":"zastosowania-metod-ilosciowych-w-ubezpieczeniach","status":"publish","type":"product","link":"https:\/\/wydawnictwo.ug.edu.pl\/en\/ksiegarnia-online\/zarzadzanie\/zastosowania-metod-ilosciowych-w-ubezpieczeniach\/","title":{"rendered":"Zastosowania metod ilo\u015bciowych w ubezpieczeniach"},"content":{"rendered":"","protected":false},"excerpt":{"rendered":"<p><strong><a href=\"https:\/\/wydawnictwo.ug.edu.pl\/wp-content\/uploads\/2021\/11\/ZMI_gotowa_z_okladka.pdf\">Dost\u0119p do ksi\u0105\u017cki w wersji elektronicznej.<\/a><\/strong><\/p>\n<p>Metody ilo\u015bciowe w ubezpieczeniach odgrywaj\u0105 wsp\u00f3\u0142cze\u015bnie wa\u017cn\u0105 rol\u0119. Umiej\u0119tno\u015b\u0107 analizy danych jest niezb\u0119dna w procedurze underwritingowej, marketingowej czy w szeroko rozumianym zarz\u0105dzaniu. Wszystkie dzia\u0142y zak\u0142ad\u00f3w ubezpiecze\u0144 wykorzystuj\u0105 metody ilo\u015bciowe w pozyskiwaniu wiedzy. Dane o rynku ubezpiecze\u0144 s\u0105 wa\u017cne tak\u017ce dla prawid\u0142owego\u00a0\u00a0funkcjonowania organ\u00f3w nadzoru, instytucji wspomagaj\u0105cych funkcjonowanie rynku, w tym po\u015brednik\u00f3w ubezpieczeniowych.<\/p>\n<p>Autorzy niniejszej monografii postawili sobie za cel przybli\u017cenie czytelnikom zastosowa\u0144 metod ilo\u015bciowych w ubezpieczeniach, koncentruj\u0105c si\u0119 g\u0142\u00f3wnie na zastosowaniach innych ni\u017c aktuarialne.<\/p>\n<p>Pierwsza cz\u0119\u015b\u0107 ksi\u0105\u017cki, na kt\u00f3r\u0105 sk\u0142adaj\u0105 si\u0119 rozdzia\u0142y 1 \u2013 7, przedstawia mo\u017cliwo\u015bci analizy rynku ubezpiecze\u0144 i zagadnie\u0144 ubezpieczeniowych przy pomocy metod statystycznych oraz metod rachunku prawdopodobie\u0144stwa. W rozdzia\u0142ach tych om\u00f3wione zosta\u0142y zar\u00f3wno podstawowe elementy statystyki opisowej stosowane w ubezpieczeniach, jak i zagadnienia wnioskowania na podstawie okre\u015blonych rozk\u0142ad\u00f3w zmiennych charakteryzuj\u0105cych zjawiska ubezpieczeniowe.<\/p>\n<p>W drugiej cz\u0119\u015bci ksi\u0105\u017cki autorzy skoncentrowali si\u0119 na wa\u017cnej w sektorze ubezpiecze\u0144 problematyce finansowej. Wsp\u00f3\u0142czesny rynek ubezpiecze\u0144 jest cz\u0119\u015bci\u0105 rynku finansowego, a w ubezpieczeniach trudn\u0105 do przecenienia rol\u0119 odgrywa funkcja oszcz\u0119dno\u015bciowa. Z tego powodu w rozdzia\u0142ach 8 \u2013 11 scharakteryzowano zagadnienia zmiany warto\u015bci pieni\u0105dza w czasie, rachunku rent i ratalnej sp\u0142aty d\u0142ug\u00f3w.<\/p>\n<p><strong>Ksi\u0105\u017cka finansowana w ramach Programu ProUG.<\/strong><\/p>\n","protected":false},"featured_media":16677,"template":"","meta":{"_acf_changed":false},"journal":[],"rodzaj":[],"seria":[],"product_brand":[],"product_cat":[6942],"product_tag":[1050,243],"class_list":{"0":"post-46460","1":"product","2":"type-product","3":"status-publish","4":"has-post-thumbnail","6":"product_cat-zarzadzanie","7":"product_tag-ewa-wycinka","8":"product_tag-miroslaw-szreder","10":"first","11":"outofstock","12":"taxable","13":"shipping-taxable","14":"purchasable","15":"product-type-simple"},"acf":[],"_links":{"self":[{"href":"https:\/\/wydawnictwo.ug.edu.pl\/en\/wp-json\/wp\/v2\/product\/46460","targetHints":{"allow":["GET"]}}],"collection":[{"href":"https:\/\/wydawnictwo.ug.edu.pl\/en\/wp-json\/wp\/v2\/product"}],"about":[{"href":"https:\/\/wydawnictwo.ug.edu.pl\/en\/wp-json\/wp\/v2\/types\/product"}],"wp:featuredmedia":[{"embeddable":true,"href":"https:\/\/wydawnictwo.ug.edu.pl\/en\/wp-json\/wp\/v2\/media\/16677"}],"wp:attachment":[{"href":"https:\/\/wydawnictwo.ug.edu.pl\/en\/wp-json\/wp\/v2\/media?parent=46460"}],"wp:term":[{"taxonomy":"journal","embeddable":true,"href":"https:\/\/wydawnictwo.ug.edu.pl\/en\/wp-json\/wp\/v2\/journal?post=46460"},{"taxonomy":"rodzaj","embeddable":true,"href":"https:\/\/wydawnictwo.ug.edu.pl\/en\/wp-json\/wp\/v2\/rodzaj?post=46460"},{"taxonomy":"seria","embeddable":true,"href":"https:\/\/wydawnictwo.ug.edu.pl\/en\/wp-json\/wp\/v2\/seria?post=46460"},{"taxonomy":"product_brand","embeddable":true,"href":"https:\/\/wydawnictwo.ug.edu.pl\/en\/wp-json\/wp\/v2\/product_brand?post=46460"},{"taxonomy":"product_cat","embeddable":true,"href":"https:\/\/wydawnictwo.ug.edu.pl\/en\/wp-json\/wp\/v2\/product_cat?post=46460"},{"taxonomy":"product_tag","embeddable":true,"href":"https:\/\/wydawnictwo.ug.edu.pl\/en\/wp-json\/wp\/v2\/product_tag?post=46460"}],"curies":[{"name":"wp","href":"https:\/\/api.w.org\/{rel}","templated":true}]}}