{"id":46459,"date":"2019-11-30T00:00:00","date_gmt":"2019-11-30T00:00:00","guid":{"rendered":"https:\/\/wydawnictwo.ug.edu.pl\/ksiegarnia-online\/uncategorized\/starosc-jak-ja-widzi-logopedia\/"},"modified":"2026-02-11T14:43:58","modified_gmt":"2026-02-11T14:43:58","slug":"starosc-jak-ja-widzi-logopedia","status":"publish","type":"product","link":"https:\/\/wydawnictwo.ug.edu.pl\/en\/ksiegarnia-online\/pedagogika-i-psychologia\/starosc-jak-ja-widzi-logopedia\/","title":{"rendered":"Staro\u015b\u0107 \u2013 jak j\u0105 widzi logopedia"},"content":{"rendered":"","protected":false},"excerpt":{"rendered":"<p>Przygotowywana monografia stanowi tom, kt\u00f3ry wpisuje si\u0119 w nowy obszar badawczy, a mianowicie komunikacj\u0119 os\u00f3b w wieku podesz\u0142ym oraz zmiany, kt\u00f3re zachodz\u0105 wraz z up\u0142ywem czasu w mowie os\u00f3b w wieku senioralnym. Ten temat badawczy od niedawna dopiero jest poruszany przez polskich j\u0119zykoznawc\u00f3w i logoped\u00f3w. Tematyka opracowania dotyczy zagadnie\u0144 j\u0119zykoznawczych i logopedycznych wa\u017cnych tak z punktu widzenia teorii obu dziedzin, jak i praktyki. Om\u00f3wione zosta\u0142y w niej tak istotne problemy, jak zmiany zachodz\u0105ce w budowie uk\u0142adu stomatognatycznego, problemy w jedzeniu, starzenie si\u0119 g\u0142osu, a tak\u017ce przedstawione wst\u0119pne wyniki bada\u0144, dotycz\u0105cych j\u0119zyka i komunikowania si\u0119 os\u00f3b w wieku podesz\u0142ym.<\/p>\n","protected":false},"featured_media":16673,"template":"","meta":{"_acf_changed":false},"journal":[],"rodzaj":[],"seria":[],"product_brand":[],"product_cat":[7007],"product_tag":[7915,7916],"class_list":{"0":"post-46459","1":"product","2":"type-product","3":"status-publish","4":"has-post-thumbnail","6":"product_cat-pedagogika-i-psychologia","7":"product_tag-miroslaw-michalik","8":"product_tag-stanislaw-milewski","9":"pa_rok-wydania-2020-en","11":"first","12":"outofstock","13":"taxable","14":"shipping-taxable","15":"purchasable","16":"product-type-simple"},"acf":[],"_links":{"self":[{"href":"https:\/\/wydawnictwo.ug.edu.pl\/en\/wp-json\/wp\/v2\/product\/46459","targetHints":{"allow":["GET"]}}],"collection":[{"href":"https:\/\/wydawnictwo.ug.edu.pl\/en\/wp-json\/wp\/v2\/product"}],"about":[{"href":"https:\/\/wydawnictwo.ug.edu.pl\/en\/wp-json\/wp\/v2\/types\/product"}],"wp:featuredmedia":[{"embeddable":true,"href":"https:\/\/wydawnictwo.ug.edu.pl\/en\/wp-json\/wp\/v2\/media\/16673"}],"wp:attachment":[{"href":"https:\/\/wydawnictwo.ug.edu.pl\/en\/wp-json\/wp\/v2\/media?parent=46459"}],"wp:term":[{"taxonomy":"journal","embeddable":true,"href":"https:\/\/wydawnictwo.ug.edu.pl\/en\/wp-json\/wp\/v2\/journal?post=46459"},{"taxonomy":"rodzaj","embeddable":true,"href":"https:\/\/wydawnictwo.ug.edu.pl\/en\/wp-json\/wp\/v2\/rodzaj?post=46459"},{"taxonomy":"seria","embeddable":true,"href":"https:\/\/wydawnictwo.ug.edu.pl\/en\/wp-json\/wp\/v2\/seria?post=46459"},{"taxonomy":"product_brand","embeddable":true,"href":"https:\/\/wydawnictwo.ug.edu.pl\/en\/wp-json\/wp\/v2\/product_brand?post=46459"},{"taxonomy":"product_cat","embeddable":true,"href":"https:\/\/wydawnictwo.ug.edu.pl\/en\/wp-json\/wp\/v2\/product_cat?post=46459"},{"taxonomy":"product_tag","embeddable":true,"href":"https:\/\/wydawnictwo.ug.edu.pl\/en\/wp-json\/wp\/v2\/product_tag?post=46459"}],"curies":[{"name":"wp","href":"https:\/\/api.w.org\/{rel}","templated":true}]}}