{"id":46458,"date":"2019-11-30T00:00:00","date_gmt":"2019-11-30T00:00:00","guid":{"rendered":"https:\/\/wydawnictwo.ug.edu.pl\/ksiegarnia-online\/uncategorized\/madrosc-chinskich-aforyzmow-o-panstwie-prawie-polityce-i-wladzy-z-przedmowa-edwarda-kajdanskiego\/"},"modified":"2026-02-11T14:35:27","modified_gmt":"2026-02-11T14:35:27","slug":"madrosc-chinskich-aforyzmow-o-panstwie-prawie-polityce-i-wladzy-z-przedmowa-edwarda-kajdanskiego","status":"publish","type":"product","link":"https:\/\/wydawnictwo.ug.edu.pl\/en\/ksiegarnia-online\/historia\/madrosc-chinskich-aforyzmow-o-panstwie-prawie-polityce-i-wladzy-z-przedmowa-edwarda-kajdanskiego\/","title":{"rendered":"M\u0105dro\u015b\u0107 chi\u0144skich aforyzm\u00f3w. O pa\u0144stwie, prawie, polityce i w\u0142adzy. Z przedmow\u0105 Edwarda Kajda\u0144skiego"},"content":{"rendered":"","protected":false},"excerpt":{"rendered":"<p>Jednym z najbardziej znanych osi\u0105gni\u0119\u0107 chi\u0144skiej kultury jest aforystyka, w kt\u00f3rej Chi\u0144czycy zawarli m\u0105dro\u015b\u0107 wielkich filozof\u00f3w i unikalny spos\u00f3b my\u015blenia o cz\u0142owieku oraz jego miejscu w \u015bwiecie. Chi\u0144skie aforyzmy s\u0105 znane i wykorzystywane w r\u00f3\u017cnych dzie\u0142ach, jednak cz\u0119sto nie poddaje si\u0119 ich g\u0142\u0119bszej analizie. Stanowi\u0105 komentarz, s\u0105 celnym spostrze\u017ceniem, funkcjonuj\u0105 na zasadzie dobrze dobranego cytatu. Co jednak wa\u017cne, nios\u0105 w sobie zdecydowanie wi\u0119cej ni\u017c zwykli\u015bmy im przypisywa\u0107. Zawieraj\u0105 okre\u015blon\u0105 filozofi\u0119 \u017cycia i na ich podstawie mo\u017cna wyprowadzi\u0107 nauk\u0119 o bardzo wielu aspektach \u017cycia, organizacji spo\u0142ecze\u0144stwa i pa\u0144stwa. Aforystyka chi\u0144ska opiera si\u0119 bowiem na spostrze\u017ceniach i naukach takich m\u0119drc\u00f3w, jak Konfucjusz czy Lao Tsy, kt\u00f3rzy swoje rozwa\u017cania po\u015bwi\u0119cali zar\u00f3wno prawu, pa\u0144stwu, polityce, w\u0142adzy i wojnie, jak i nauczaniu, doskona\u0142o\u015bci, bogactwu czy w\u0142asno\u015bci. Kamil Zeidler, od lat zafascynowany chi\u0144sk\u0105 aforystyk\u0105, pokazuje w niniejszej ksi\u0105\u017cce, jak wiele nios\u0105 w sobie te kr\u00f3tkie frazy, kt\u00f3re cz\u0119sto s\u0105 powtarzane bez nale\u017cytej uwagi.<\/p>\n<p>Rozmowa o ksi\u0105\u017cce ukaza\u0142a si\u0119 w <a href=\"https:\/\/dziennikbaltycki.pl\/czasem-wystarczy-jedno-zdanie-zeby-zobaczyc-swiat-z-innej-strony-rozmowa-o-madrosci-chinskich-aforyzmow\/ar\/c15-15603119\">Dzienniku Ba\u0142tyckim<\/a>, a recenzj\u0119 mo\u017cna przeczyta\u0107 w <a href=\"https:\/\/miesiecznik.forumakademickie.pl\/czasopisma\/fa-7-8-2021\/jak-mowi-chinskie-przyslowie\/\">Forum Akademickim<\/a>.<\/p>\n<p>Ksi\u0105\u017cka otrzyma\u0142a wyr\u00f3\u017cnienie specjalne za opracowanie edytorskie w <a href=\"https:\/\/wydawnictwo.ug.edu.pl\/aktualnosci\/nagroda-w-konkursie-academia-2021-za-ksiazke-prof-kamila-zeidlera-madrosc-chinskich-aforyzmow-o-panstwie-prawie-polityce-i-wladzy\/\">Konkursie ACADEMIA 2021<\/a> dla najlepszej publikacji akademickiej i naukowej podczas 14. Targ\u00f3w Ksi\u0105\u017cki Akademickiej i Naukowej ACADEMIA.<\/p>\n","protected":false},"featured_media":15334,"template":"","meta":{"_acf_changed":false},"journal":[],"rodzaj":[6667,2604],"seria":[6740],"product_brand":[],"product_cat":[6970,6958],"product_tag":[194],"class_list":{"0":"post-46458","1":"product","2":"type-product","3":"status-publish","4":"has-post-thumbnail","6":"rodzaj-czasopismo","7":"rodzaj-serie-wydawnicze","8":"seria-biblioteka-studiow-azji-wschodniej","9":"product_cat-etnologia-i-antropologia-kulturowa","10":"product_cat-historia","11":"product_tag-kamil-zeidler","12":"pa_rok-wydania-849","14":"first","15":"instock","16":"taxable","17":"shipping-taxable","18":"purchasable","19":"product-type-simple"},"acf":[],"_links":{"self":[{"href":"https:\/\/wydawnictwo.ug.edu.pl\/en\/wp-json\/wp\/v2\/product\/46458","targetHints":{"allow":["GET"]}}],"collection":[{"href":"https:\/\/wydawnictwo.ug.edu.pl\/en\/wp-json\/wp\/v2\/product"}],"about":[{"href":"https:\/\/wydawnictwo.ug.edu.pl\/en\/wp-json\/wp\/v2\/types\/product"}],"wp:featuredmedia":[{"embeddable":true,"href":"https:\/\/wydawnictwo.ug.edu.pl\/en\/wp-json\/wp\/v2\/media\/15334"}],"wp:attachment":[{"href":"https:\/\/wydawnictwo.ug.edu.pl\/en\/wp-json\/wp\/v2\/media?parent=46458"}],"wp:term":[{"taxonomy":"journal","embeddable":true,"href":"https:\/\/wydawnictwo.ug.edu.pl\/en\/wp-json\/wp\/v2\/journal?post=46458"},{"taxonomy":"rodzaj","embeddable":true,"href":"https:\/\/wydawnictwo.ug.edu.pl\/en\/wp-json\/wp\/v2\/rodzaj?post=46458"},{"taxonomy":"seria","embeddable":true,"href":"https:\/\/wydawnictwo.ug.edu.pl\/en\/wp-json\/wp\/v2\/seria?post=46458"},{"taxonomy":"product_brand","embeddable":true,"href":"https:\/\/wydawnictwo.ug.edu.pl\/en\/wp-json\/wp\/v2\/product_brand?post=46458"},{"taxonomy":"product_cat","embeddable":true,"href":"https:\/\/wydawnictwo.ug.edu.pl\/en\/wp-json\/wp\/v2\/product_cat?post=46458"},{"taxonomy":"product_tag","embeddable":true,"href":"https:\/\/wydawnictwo.ug.edu.pl\/en\/wp-json\/wp\/v2\/product_tag?post=46458"}],"curies":[{"name":"wp","href":"https:\/\/api.w.org\/{rel}","templated":true}]}}