{"id":46456,"date":"2019-11-30T00:00:00","date_gmt":"2019-11-30T00:00:00","guid":{"rendered":"https:\/\/wydawnictwo.ug.edu.pl\/ksiegarnia-online\/uncategorized\/socjolingwistyczne-badania-w-teorii-i-praktyce-tom-7\/"},"modified":"2026-02-11T14:43:47","modified_gmt":"2026-02-11T14:43:47","slug":"socjolingwistyczne-badania-w-teorii-i-praktyce-tom-7","status":"publish","type":"product","link":"https:\/\/wydawnictwo.ug.edu.pl\/en\/ksiegarnia-online\/jezykoznawstwo\/socjolingwistyczne-badania-w-teorii-i-praktyce-tom-7\/","title":{"rendered":"Socjolingwistyczne badania w teorii i praktyce. Tom 7"},"content":{"rendered":"","protected":false},"excerpt":{"rendered":"<p>Z ogromn\u0105 przyjemno\u015bci\u0105 prezentujemy Pa\u0144stwu si\u00f3dmy ju\u017c tom serii wydawniczej pt. Socjolingwistyczne badania w teorii i praktyce. Uj\u0119cie interdyscyplinarne. Publikacja zawiera dwana\u015bcie artyku\u0142\u00f3w w j\u0119zykach polskim, rosyjskim oraz angielskim, stanowi\u0105cych efekt bada\u0144 i refleksji z obszaru socjolingwistyki, glottodydaktyki oraz j\u0119zykoznawstwa.<\/p>\n","protected":false},"featured_media":16934,"template":"","meta":{"_acf_changed":false},"journal":[],"rodzaj":[7074,7076],"seria":[7709],"product_brand":[],"product_cat":[6924,6953],"product_tag":[7710,7711,7712,7913],"class_list":{"0":"post-46456","1":"product","2":"type-product","3":"status-publish","4":"has-post-thumbnail","6":"rodzaj-ksiazki","7":"rodzaj-serie-wydawnicze","8":"seria-socjolingwistyczne-badania-w-teorii-i-praktyce","9":"product_cat-jezykoznawstwo","10":"product_cat-socjologia","11":"product_tag-adam-jaroszadam-jarosz","12":"product_tag-joanna-mampe","13":"product_tag-jolanta-hinc-2","14":"product_tag-marta-noinskamarta-noinska","15":"pa_rok-wydania-2020-en","17":"first","18":"outofstock","19":"taxable","20":"shipping-taxable","21":"purchasable","22":"product-type-simple"},"acf":[],"_links":{"self":[{"href":"https:\/\/wydawnictwo.ug.edu.pl\/en\/wp-json\/wp\/v2\/product\/46456","targetHints":{"allow":["GET"]}}],"collection":[{"href":"https:\/\/wydawnictwo.ug.edu.pl\/en\/wp-json\/wp\/v2\/product"}],"about":[{"href":"https:\/\/wydawnictwo.ug.edu.pl\/en\/wp-json\/wp\/v2\/types\/product"}],"wp:featuredmedia":[{"embeddable":true,"href":"https:\/\/wydawnictwo.ug.edu.pl\/en\/wp-json\/wp\/v2\/media\/16934"}],"wp:attachment":[{"href":"https:\/\/wydawnictwo.ug.edu.pl\/en\/wp-json\/wp\/v2\/media?parent=46456"}],"wp:term":[{"taxonomy":"journal","embeddable":true,"href":"https:\/\/wydawnictwo.ug.edu.pl\/en\/wp-json\/wp\/v2\/journal?post=46456"},{"taxonomy":"rodzaj","embeddable":true,"href":"https:\/\/wydawnictwo.ug.edu.pl\/en\/wp-json\/wp\/v2\/rodzaj?post=46456"},{"taxonomy":"seria","embeddable":true,"href":"https:\/\/wydawnictwo.ug.edu.pl\/en\/wp-json\/wp\/v2\/seria?post=46456"},{"taxonomy":"product_brand","embeddable":true,"href":"https:\/\/wydawnictwo.ug.edu.pl\/en\/wp-json\/wp\/v2\/product_brand?post=46456"},{"taxonomy":"product_cat","embeddable":true,"href":"https:\/\/wydawnictwo.ug.edu.pl\/en\/wp-json\/wp\/v2\/product_cat?post=46456"},{"taxonomy":"product_tag","embeddable":true,"href":"https:\/\/wydawnictwo.ug.edu.pl\/en\/wp-json\/wp\/v2\/product_tag?post=46456"}],"curies":[{"name":"wp","href":"https:\/\/api.w.org\/{rel}","templated":true}]}}