{"id":46454,"date":"2019-11-30T00:01:00","date_gmt":"2019-11-30T00:01:00","guid":{"rendered":"https:\/\/wydawnictwo.ug.edu.pl\/ksiegarnia-online\/uncategorized\/uwarunkowania-rozwoju-innowacyjnych-funduszy-inwestycyjnych\/"},"modified":"2026-02-11T14:34:09","modified_gmt":"2026-02-11T14:34:09","slug":"uwarunkowania-rozwoju-innowacyjnych-funduszy-inwestycyjnych","status":"publish","type":"product","link":"https:\/\/wydawnictwo.ug.edu.pl\/en\/ksiegarnia-online\/ekonomia\/uwarunkowania-rozwoju-innowacyjnych-funduszy-inwestycyjnych\/","title":{"rendered":"Uwarunkowania rozwoju innowacyjnych funduszy inwestycyjnych"},"content":{"rendered":"","protected":false},"excerpt":{"rendered":"<p>Wraz z rozwojem rynku funduszy inwestycyjnych w Polsce ro\u015bnie znaczenie bada\u0144 naukowych dotycz\u0105cych tego zjawiska. Na rynku tym pojawiaj\u0105 si\u0119 r\u00f3wnie\u017c okre\u015blone innowacje, kt\u00f3rych analiza ma istotne znaczenie dla rozwoju dyscypliny ekonomia i finanse. Na pocz\u0105tku pierwszej dekady nowego tysi\u0105clecia polski rynek funduszy inwestycyjnych sk\u0142ada\u0142 si\u0119 tylko z klasycznych funduszy akcyjnych, obligacyjnych i zr\u00f3wnowa\u017conych. Tymczasem w 2020 r. w Polsce poza rynkiem klasycznych funduszy inwestycyjnych funkcjonuje szeroki rynek innowacyjnych funduszy inwestycyjnych.<\/p>\n<p>Znaczenia nabra\u0142y przede wszystkim fundusze charakteryzuj\u0105ce si\u0119 innowacyjnymi strategiami inwestycyjnymi. Przedmiotem ich inwestycji s\u0105 ju\u017c nie tylko akcje, obligacje i proste instrumenty rynku pieni\u0119\u017cnego, ale tak\u017ce nieruchomo\u015bci, wierzytelno\u015bci czy przedsi\u0119biorstwa w fazie zal\u0105\u017ckowej. Zarz\u0105dzaj\u0105cy innowacyjnymi funduszami dokonuj\u0105 r\u00f3wnie\u017c modyfikacji swoich strategii inwestycyjnych, kieruj\u0105c si\u0119 kryteriami etycznymi czy religijnymi podczas doboru walor\u00f3w do portfela. Istotne znaczenie w\u015br\u00f3d innowacyjnych funduszy maj\u0105 te, kt\u00f3re inwestuj\u0105 wprawdzie w klasyczne akcje czy obligacje, jednak konstrukcja samych funduszy jest zmodyfikowana tak, aby w lepszy spos\u00f3b wykorzysta\u0107 obowi\u0105zuj\u0105ce ustawodawstwo, w tym r\u00f3wnie\u017c niedoskona\u0142o\u015bci systemu regulacyjnego.<\/p>\n<p>Konsekwencj\u0105 poczynienia wspomnianych obserwacji by\u0142o powstanie niniejszej monografii naukowej, w kt\u00f3rej przebadano wszystkie zasygnalizowane wy\u017cej innowacyjne fundusze inwestycyjne. Problem badawczy\u00a0stanowi analiza uwarunkowa\u0144 rozwoju polskiego rynku innowacyjnych funduszy inwestycyjnych, a tak\u017ce nakre\u015blenie perspektyw rozwoju wszystkich rodzaj\u00f3w funduszy dost\u0119pnych lub dopiero wprowadzanych na krajowy rynek finansowy. Podczas przygotowania monografii wielokrotnie przeprowadzano badania w\u0142asne, a wyniki niekt\u00f3rych z nich przytoczone zosta\u0142y bezpo\u015brednio. Istotny nacisk po\u0142o\u017cono r\u00f3wnie\u017c na przedstawienie niedoci\u0105gni\u0119\u0107 regulacyjnych rynku funduszy oraz przypadk\u00f3w naruszania obowi\u0105zuj\u0105cych regulacji. Zbadano te\u017c opini\u0119 klient\u00f3w funduszy na temat \u0142amania obowi\u0105zuj\u0105cych norm na powierniczym rynku. Ponadto przedstawiono innowacje technologiczne wyst\u0119puj\u0105ce na rynku funduszy inwestycyjnych. Fundamentalne znaczenie ma tutaj wykorzystanie Internetu zar\u00f3wno w dystrybucji funduszy inwestycyjnych, jak i w p\u00f3\u017aniejszej obs\u0142udze klient\u00f3w. Zbadano nie tylko wykorzystanie sieci przez same towarzystwa funduszy inwestycyjnych i ich klient\u00f3w, ale r\u00f3wnie\u017c przez niezale\u017cnych dystrybutor\u00f3w innowacyjnych produkt\u00f3w powierniczych. Przedstawiono tak\u017ce innowacyjn\u0105 platform\u0119 bankow\u0105 oferuj\u0105c\u0105 dost\u0119p do wielu funduszy inwestycyjnych.<\/p>\n<p><a href=\"https:\/\/www.ibuk.pl\/fiszka\/260611\/uwarunkowania-rozwoju-innowacyjnych-funduszy-inwestycyjnych.html\">Kup e-book<\/a><\/p>\n","protected":false},"featured_media":15508,"template":"","meta":{"_acf_changed":false},"journal":[],"rodzaj":[7074,7075],"seria":[],"product_brand":[],"product_cat":[6934],"product_tag":[7341],"class_list":{"0":"post-46454","1":"product","2":"type-product","3":"status-publish","4":"has-post-thumbnail","6":"rodzaj-ksiazki","7":"rodzaj-e-book","8":"product_cat-ekonomia","9":"product_tag-slawomir-antkiewiczslawomir-antkiewicz","11":"first","12":"instock","13":"taxable","14":"shipping-taxable","15":"purchasable","16":"product-type-simple"},"acf":[],"_links":{"self":[{"href":"https:\/\/wydawnictwo.ug.edu.pl\/en\/wp-json\/wp\/v2\/product\/46454","targetHints":{"allow":["GET"]}}],"collection":[{"href":"https:\/\/wydawnictwo.ug.edu.pl\/en\/wp-json\/wp\/v2\/product"}],"about":[{"href":"https:\/\/wydawnictwo.ug.edu.pl\/en\/wp-json\/wp\/v2\/types\/product"}],"wp:featuredmedia":[{"embeddable":true,"href":"https:\/\/wydawnictwo.ug.edu.pl\/en\/wp-json\/wp\/v2\/media\/15508"}],"wp:attachment":[{"href":"https:\/\/wydawnictwo.ug.edu.pl\/en\/wp-json\/wp\/v2\/media?parent=46454"}],"wp:term":[{"taxonomy":"journal","embeddable":true,"href":"https:\/\/wydawnictwo.ug.edu.pl\/en\/wp-json\/wp\/v2\/journal?post=46454"},{"taxonomy":"rodzaj","embeddable":true,"href":"https:\/\/wydawnictwo.ug.edu.pl\/en\/wp-json\/wp\/v2\/rodzaj?post=46454"},{"taxonomy":"seria","embeddable":true,"href":"https:\/\/wydawnictwo.ug.edu.pl\/en\/wp-json\/wp\/v2\/seria?post=46454"},{"taxonomy":"product_brand","embeddable":true,"href":"https:\/\/wydawnictwo.ug.edu.pl\/en\/wp-json\/wp\/v2\/product_brand?post=46454"},{"taxonomy":"product_cat","embeddable":true,"href":"https:\/\/wydawnictwo.ug.edu.pl\/en\/wp-json\/wp\/v2\/product_cat?post=46454"},{"taxonomy":"product_tag","embeddable":true,"href":"https:\/\/wydawnictwo.ug.edu.pl\/en\/wp-json\/wp\/v2\/product_tag?post=46454"}],"curies":[{"name":"wp","href":"https:\/\/api.w.org\/{rel}","templated":true}]}}