{"id":46453,"date":"2019-11-30T00:01:00","date_gmt":"2019-11-30T00:01:00","guid":{"rendered":"https:\/\/wydawnictwo.ug.edu.pl\/ksiegarnia-online\/uncategorized\/gospodarka-bez-ekonoma\/"},"modified":"2026-02-11T14:34:06","modified_gmt":"2026-02-11T14:34:06","slug":"gospodarka-bez-ekonoma","status":"publish","type":"product","link":"https:\/\/wydawnictwo.ug.edu.pl\/en\/ksiegarnia-online\/ekonomia\/gospodarka-bez-ekonoma\/","title":{"rendered":"Gospodarka bez ekonoma"},"content":{"rendered":"","protected":false},"excerpt":{"rendered":"<p>Publikacja zawiera referaty zg\u0142oszone na I Og\u00f3lnopolsk\u0105 Konferencj\u0119 Naukow\u0105 im.\u00a0prof.\u00a0Jana Winieckiego organizowan\u0105 przez TEP, UG i WSZiI. Teksty zosta\u0142y zaakceptowane przez Rad\u0119 Programow\u0105 Konferencji i poddane recenzji. Celem konferencji jest propagowanie my\u015bli i\u00a0dorobku naukowego Profesora Winieckiego. W referatach podejmowane s\u0105 tematy, kt\u00f3re by\u0142y w kr\u0119gu zainteresowania Profesora Winieckiego, czyli m.in. spraw dotycz\u0105cych transformacji gospodarczej i\u00a0zmian ustrojowych, globalizacji, nier\u00f3wno\u015bci dochodowych oraz polityki pieni\u0119\u017cnej. W poszczeg\u00f3lnych referatach, ich autorzy odnosz\u0105 si\u0119 do dorobku Profesora Winieckiego i jednocze\u015bnie przedstawiaj\u0105 aktualne problemy b\u0119d\u0105ce w kr\u0119gu zainteresowa\u0144 ekonomist\u00f3w.<\/p>\n<p style=\"text-align: center;\"><strong><a href=\"https:\/\/wydawnictwo.ug.edu.pl\/wp-content\/uploads\/2023\/08\/Gospodarka-bez-ekonoma-eb.pdf\" target=\"_blank\" rel=\"noopener\">Ksi\u0105\u017cka dost\u0119pna w formie elektronicznej<\/a><\/strong><\/p>\n","protected":false},"featured_media":16172,"template":"","meta":{"_acf_changed":false},"journal":[],"rodzaj":[7075],"seria":[],"product_brand":[],"product_cat":[6934],"product_tag":[7734,8290],"class_list":{"0":"post-46453","1":"product","2":"type-product","3":"status-publish","4":"has-post-thumbnail","6":"rodzaj-e-book","7":"product_cat-ekonomia","8":"product_tag-elzbieta-adamowiczelzbieta-adamowicz","9":"product_tag-henryk-cwiklinski","11":"first","12":"outofstock","13":"taxable","14":"shipping-taxable","15":"purchasable","16":"product-type-simple"},"acf":[],"jetpack_sharing_enabled":true,"_links":{"self":[{"href":"https:\/\/wydawnictwo.ug.edu.pl\/en\/wp-json\/wp\/v2\/product\/46453","targetHints":{"allow":["GET"]}}],"collection":[{"href":"https:\/\/wydawnictwo.ug.edu.pl\/en\/wp-json\/wp\/v2\/product"}],"about":[{"href":"https:\/\/wydawnictwo.ug.edu.pl\/en\/wp-json\/wp\/v2\/types\/product"}],"wp:featuredmedia":[{"embeddable":true,"href":"https:\/\/wydawnictwo.ug.edu.pl\/en\/wp-json\/wp\/v2\/media\/16172"}],"wp:attachment":[{"href":"https:\/\/wydawnictwo.ug.edu.pl\/en\/wp-json\/wp\/v2\/media?parent=46453"}],"wp:term":[{"taxonomy":"journal","embeddable":true,"href":"https:\/\/wydawnictwo.ug.edu.pl\/en\/wp-json\/wp\/v2\/journal?post=46453"},{"taxonomy":"rodzaj","embeddable":true,"href":"https:\/\/wydawnictwo.ug.edu.pl\/en\/wp-json\/wp\/v2\/rodzaj?post=46453"},{"taxonomy":"seria","embeddable":true,"href":"https:\/\/wydawnictwo.ug.edu.pl\/en\/wp-json\/wp\/v2\/seria?post=46453"},{"taxonomy":"product_brand","embeddable":true,"href":"https:\/\/wydawnictwo.ug.edu.pl\/en\/wp-json\/wp\/v2\/product_brand?post=46453"},{"taxonomy":"product_cat","embeddable":true,"href":"https:\/\/wydawnictwo.ug.edu.pl\/en\/wp-json\/wp\/v2\/product_cat?post=46453"},{"taxonomy":"product_tag","embeddable":true,"href":"https:\/\/wydawnictwo.ug.edu.pl\/en\/wp-json\/wp\/v2\/product_tag?post=46453"}],"curies":[{"name":"wp","href":"https:\/\/api.w.org\/{rel}","templated":true}]}}