{"id":46451,"date":"2019-11-30T01:00:00","date_gmt":"2019-11-30T01:00:00","guid":{"rendered":"https:\/\/wydawnictwo.ug.edu.pl\/ksiegarnia-online\/uncategorized\/perspektywa-ekonomiczna-finansowa-i-prawna-kreowania-wartosci-w-gospodarce\/"},"modified":"2026-02-11T14:34:10","modified_gmt":"2026-02-11T14:34:10","slug":"perspektywa-ekonomiczna-finansowa-i-prawna-kreowania-wartosci-w-gospodarce","status":"publish","type":"product","link":"https:\/\/wydawnictwo.ug.edu.pl\/en\/ksiegarnia-online\/zarzadzanie\/perspektywa-ekonomiczna-finansowa-i-prawna-kreowania-wartosci-w-gospodarce\/","title":{"rendered":"Perspektywa ekonomiczna, finansowa i prawna kreowania warto\u015bci w gospodarce"},"content":{"rendered":"","protected":false},"excerpt":{"rendered":"<p>Wobec nieustaj\u0105cych zmian otoczenia zewn\u0119trznego, a tak\u017ce konieczno\u015bci dokonywania ci\u0105g\u0142ych zmian po stronie organizacji powstaj\u0105 nowe paradygmaty i podej\u015bcia do zarz\u0105dzania. Konieczna jest zatem systematyczna wymiana pogl\u0105d\u00f3w oraz dyskusja naukowa, dotycz\u0105ca wp\u0142ywu tych proces\u00f3w na warto\u015b\u0107 przedsi\u0119biorstwa. Wsp\u00f3lnym mianownikiem i obszarem badawczym, jaki wyst\u0119puje we wszystkich rozdzia\u0142ach oddawanej Czytelnikowi monografii naukowej, s\u0105 kreatory i destruktory warto\u015bci zar\u00f3wno na poziomie samej organizacji, ale tak\u017ce pa\u0144stwa \/ kraju, jak r\u00f3wnie\u017c w uj\u0119ciu mi\u0119dzynarodowym \u2013 w odniesieniu do r\u00f3\u017cnych system\u00f3w gospodarczych. Niniejsza ksi\u0105\u017cka integruje nast\u0119puj\u0105ce nurty i obszary badawcze, wchodz\u0105ce w sk\u0142ad szeroko rozumianej perspektywy ekonomicznej, finansowej i prawnej tworzenia i destrukcji warto\u015bci: uwarunkowania makro i zmienno\u015b\u0107 otoczenia prawnego jako destruktor warto\u015bci organizacji; rola bank\u00f3w oraz funduszy inwestycyjnych w finansowaniu przedsi\u0119biorstw; globalne \u0142a\u0144cuchy warto\u015bci (Global Value Chain); katalizatory i destruktory warto\u015bci na rynkach finansowych (w tym na rynku ubezpieczeniowym); finansowanie dzia\u0142a\u0144 sektora publicznego (rz\u0105dowego i samorz\u0105dowego); restrukturyzacja w procesie odbudowy warto\u015bci; zarz\u0105dzanie ryzykiem w kontek\u015bcie innowacji; metodyczne aspekty pomiaru warto\u015bci; komercjalizacja bada\u0144 naukowych jako narz\u0119dzie wzrostu warto\u015bci organizacji; ochrona w\u0142asno\u015bci intelektualnych, a tak\u017ce danych osobowych.<\/p>\n","protected":false},"featured_media":17008,"template":"","meta":{"_acf_changed":false},"journal":[],"rodzaj":[7074],"seria":[],"product_brand":[],"product_cat":[6942],"product_tag":[7910,7810,7911],"class_list":{"0":"post-46451","1":"product","2":"type-product","3":"status-publish","4":"has-post-thumbnail","6":"rodzaj-ksiazki","7":"product_cat-zarzadzanie","8":"product_tag-pawel-antonowiczpawel-antonowiczpawel-antonowiczpawel-antonowicz","9":"product_tag-pawel-galinskipawel-galinski","10":"product_tag-piotr-pisarewicz","11":"pa_rok-wydania-2020-en","13":"first","14":"outofstock","15":"taxable","16":"shipping-taxable","17":"purchasable","18":"product-type-simple"},"acf":[],"_links":{"self":[{"href":"https:\/\/wydawnictwo.ug.edu.pl\/en\/wp-json\/wp\/v2\/product\/46451","targetHints":{"allow":["GET"]}}],"collection":[{"href":"https:\/\/wydawnictwo.ug.edu.pl\/en\/wp-json\/wp\/v2\/product"}],"about":[{"href":"https:\/\/wydawnictwo.ug.edu.pl\/en\/wp-json\/wp\/v2\/types\/product"}],"wp:featuredmedia":[{"embeddable":true,"href":"https:\/\/wydawnictwo.ug.edu.pl\/en\/wp-json\/wp\/v2\/media\/17008"}],"wp:attachment":[{"href":"https:\/\/wydawnictwo.ug.edu.pl\/en\/wp-json\/wp\/v2\/media?parent=46451"}],"wp:term":[{"taxonomy":"journal","embeddable":true,"href":"https:\/\/wydawnictwo.ug.edu.pl\/en\/wp-json\/wp\/v2\/journal?post=46451"},{"taxonomy":"rodzaj","embeddable":true,"href":"https:\/\/wydawnictwo.ug.edu.pl\/en\/wp-json\/wp\/v2\/rodzaj?post=46451"},{"taxonomy":"seria","embeddable":true,"href":"https:\/\/wydawnictwo.ug.edu.pl\/en\/wp-json\/wp\/v2\/seria?post=46451"},{"taxonomy":"product_brand","embeddable":true,"href":"https:\/\/wydawnictwo.ug.edu.pl\/en\/wp-json\/wp\/v2\/product_brand?post=46451"},{"taxonomy":"product_cat","embeddable":true,"href":"https:\/\/wydawnictwo.ug.edu.pl\/en\/wp-json\/wp\/v2\/product_cat?post=46451"},{"taxonomy":"product_tag","embeddable":true,"href":"https:\/\/wydawnictwo.ug.edu.pl\/en\/wp-json\/wp\/v2\/product_tag?post=46451"}],"curies":[{"name":"wp","href":"https:\/\/api.w.org\/{rel}","templated":true}]}}