{"id":46450,"date":"2019-11-30T01:00:00","date_gmt":"2019-11-30T01:00:00","guid":{"rendered":"https:\/\/wydawnictwo.ug.edu.pl\/ksiegarnia-online\/uncategorized\/socjolingwistyczne-badania-w-teorii-i-praktyce-ujecie-interdyscyplinarne-tom-8\/"},"modified":"2026-02-11T14:34:11","modified_gmt":"2026-02-11T14:34:11","slug":"socjolingwistyczne-badania-w-teorii-i-praktyce-ujecie-interdyscyplinarne-tom-8","status":"publish","type":"product","link":"https:\/\/wydawnictwo.ug.edu.pl\/en\/ksiegarnia-online\/jezykoznawstwo\/socjolingwistyczne-badania-w-teorii-i-praktyce-ujecie-interdyscyplinarne-tom-8\/","title":{"rendered":"Socjolingwistyczne badania w teorii i praktyce. Uj\u0119cie interdyscyplinarne. Tom 8"},"content":{"rendered":"","protected":false},"excerpt":{"rendered":"<p>\u00d3smy tom monografii zbiorowej pt. Socjolingwistyczne badania w\u00a0 teorii i praktyce: uj\u0119cie interdyscyplinarne zawiera 18 artyku\u0142\u00f3w w j\u0119zyku polskim, rosyjskim i niemieckim autorstwa badaczy z polskich i zagranicznych o\u015brodk\u00f3w naukowych.<\/p>\n<p>Poszczeg\u00f3lne teksty po\u015bwi\u0119cone s\u0105 takim zagadnieniom, jak: przek\u0142ad kodu wizualnego, t\u0142umaczenia filozoficzne w perspektywie diachronicznej, feminizacja j\u0119zyka niemieckiego w \u015bwietle przek\u0142adu na j\u0119zyk polski, komunikacja w j\u0119zyku kaszubskim i \u015bl\u0105skim, metody zbierania danych socjolingwistycznych, pragmatyka dyrektywnych akt\u00f3w mowy, j\u0119zyk reklamy, odzwierciedlenie nowej leksyki we wsp\u00f3\u0142czesnych s\u0142ownikach j\u0119zyka angielskiego i rosyjskiego, j\u0119zykowe strategie samookre\u015blenia m\u0142odych kobiet, charakter napis\u00f3w w przestrzeni miejskiej i in.<br \/>\nZr\u00f3\u017cnicowanie tematyczne artyku\u0142\u00f3w odzwierciedla nie tylko kierunki wsp\u00f3\u0142czesnych bada\u0144 lingwistycznych i lingwistyczno-kulturowych, lecz r\u00f3wnie\u017c ich interdyscyplinarno\u015b\u0107, co wpisuje si\u0119 w tytu\u0142 serii wydawniczej.<\/p>\n","protected":false},"featured_media":16598,"template":"","meta":{"_acf_changed":false},"journal":[],"rodzaj":[7074,7076],"seria":[7709],"product_brand":[],"product_cat":[6924],"product_tag":[7909,7711,7860,7471],"class_list":{"0":"post-46450","1":"product","2":"type-product","3":"status-publish","4":"has-post-thumbnail","6":"rodzaj-ksiazki","7":"rodzaj-serie-wydawnicze","8":"seria-socjolingwistyczne-badania-w-teorii-i-praktyce","9":"product_cat-jezykoznawstwo","10":"product_tag-fadhil-marzouk","11":"product_tag-joanna-mampe","12":"product_tag-lada-ovchinnikova","13":"product_tag-marcin-trendowicz","14":"pa_rok-wydania-2020-en","16":"first","17":"outofstock","18":"taxable","19":"shipping-taxable","20":"purchasable","21":"product-type-simple"},"acf":[],"_links":{"self":[{"href":"https:\/\/wydawnictwo.ug.edu.pl\/en\/wp-json\/wp\/v2\/product\/46450","targetHints":{"allow":["GET"]}}],"collection":[{"href":"https:\/\/wydawnictwo.ug.edu.pl\/en\/wp-json\/wp\/v2\/product"}],"about":[{"href":"https:\/\/wydawnictwo.ug.edu.pl\/en\/wp-json\/wp\/v2\/types\/product"}],"wp:featuredmedia":[{"embeddable":true,"href":"https:\/\/wydawnictwo.ug.edu.pl\/en\/wp-json\/wp\/v2\/media\/16598"}],"wp:attachment":[{"href":"https:\/\/wydawnictwo.ug.edu.pl\/en\/wp-json\/wp\/v2\/media?parent=46450"}],"wp:term":[{"taxonomy":"journal","embeddable":true,"href":"https:\/\/wydawnictwo.ug.edu.pl\/en\/wp-json\/wp\/v2\/journal?post=46450"},{"taxonomy":"rodzaj","embeddable":true,"href":"https:\/\/wydawnictwo.ug.edu.pl\/en\/wp-json\/wp\/v2\/rodzaj?post=46450"},{"taxonomy":"seria","embeddable":true,"href":"https:\/\/wydawnictwo.ug.edu.pl\/en\/wp-json\/wp\/v2\/seria?post=46450"},{"taxonomy":"product_brand","embeddable":true,"href":"https:\/\/wydawnictwo.ug.edu.pl\/en\/wp-json\/wp\/v2\/product_brand?post=46450"},{"taxonomy":"product_cat","embeddable":true,"href":"https:\/\/wydawnictwo.ug.edu.pl\/en\/wp-json\/wp\/v2\/product_cat?post=46450"},{"taxonomy":"product_tag","embeddable":true,"href":"https:\/\/wydawnictwo.ug.edu.pl\/en\/wp-json\/wp\/v2\/product_tag?post=46450"}],"curies":[{"name":"wp","href":"https:\/\/api.w.org\/{rel}","templated":true}]}}