{"id":46446,"date":"2019-12-01T00:00:00","date_gmt":"2019-12-01T00:00:00","guid":{"rendered":"https:\/\/wydawnictwo.ug.edu.pl\/ksiegarnia-online\/uncategorized\/transport-wodny-srodladowy-w-zrownowazonym-rozwoju\/"},"modified":"2026-02-17T14:30:18","modified_gmt":"2026-02-17T14:30:18","slug":"transport-wodny-srodladowy-w-zrownowazonym-rozwoju","status":"publish","type":"product","link":"https:\/\/wydawnictwo.ug.edu.pl\/en\/ksiegarnia-online\/ekonomia\/transport-wodny-srodladowy-w-zrownowazonym-rozwoju\/","title":{"rendered":"Transport wodny \u015br\u00f3dl\u0105dowy w zr\u00f3wnowa\u017conym rozwoju"},"content":{"rendered":"","protected":false},"excerpt":{"rendered":"<p>Transport wodny \u015br\u00f3dl\u0105dowy spe\u0142nia oczekiwania zwi\u0105zane z rozwojem zr\u00f3wnowa\u017conym. Celem monografii jest przedstawienie w spos\u00f3b uporz\u0105dkowany i sp\u00f3jny tematycznie znaczenia transportu wodnego \u015br\u00f3dl\u0105dowego w procesie zr\u00f3wnowa\u017conego rozwoju transportu, kierunk\u00f3w jego rozwoju i uwarunkowa\u0144 wzrostu roli tej ga\u0142\u0119zi w obs\u0142udze potrzeb przewozowych. Wykazanie potencja\u0142u tej ga\u0142\u0119zi transportuj jest uzasadnione brakiem znajomo\u015bci specyfiki tej ga\u0142\u0119zi i jej mo\u017cliwo\u015bci jako nowoczesnej ga\u0142\u0119zi transportu.<\/p>\n<p>Zgodnie z za\u0142o\u017conym celem w pierwszej cz\u0119\u015bci monografii, na tle teoretycznych rozwa\u017ca\u0144 dotycz\u0105cych istoty transportu zr\u00f3wnowa\u017conego,\u00a0 przeprowadzono mi\u0119dzyga\u0142\u0119ziow\u0105 analiz\u0119 por\u00f3wnawcz\u0105 w\u0142a\u015bciwo\u015bci technicznych i ekonomicznych transportu wodnego \u015br\u00f3dl\u0105dowego oraz wskazano rol\u0119 tej ga\u0142\u0119zi transportu w rozwi\u0105zywaniu g\u0142\u00f3wnych problem\u00f3w zwi\u0105zanych ze zr\u00f3wnowa\u017conym rozwojem transportu. Istotnym elementem pierwszej cz\u0119\u015bci monografii s\u0105 tak\u017ce rozwa\u017cania dotycz\u0105ce powi\u0105za\u0144 pomi\u0119dzy transportem wodnym \u015br\u00f3dl\u0105dowym a zr\u00f3wnowa\u017conym rozwojem gospodarki wodnej. Kolejne rozdzia\u0142y to analiza dotychczasowych do\u015bwiadcze\u0144 transportowego znaczenia \u015br\u00f3dl\u0105dowych dr\u00f3g wodnych w Europie oraz Polsce w obs\u0142udze przewoz\u00f3w \u0142adunk\u00f3w i pasa\u017cer\u00f3w. Ostatecznie badania maj\u0105 wykaza\u0107, \u017ce ga\u0142\u0105\u017a ta w obs\u0142udze niekt\u00f3rych segment\u00f3w rynku mo\u017ce mie\u0107 istotne a nawet decyduj\u0105ce znaczenie.<\/p>\n","protected":false},"featured_media":16828,"template":"","meta":{"_acf_changed":false},"journal":[],"rodzaj":[],"seria":[],"product_brand":[],"product_cat":[6934],"product_tag":[7531,7906,7649],"class_list":{"0":"post-46446","1":"product","2":"type-product","3":"status-publish","4":"has-post-thumbnail","6":"product_cat-ekonomia","7":"product_tag-aleksandra-gus-puszczewicz","8":"product_tag-krystyna-wojewodzka-krol","9":"product_tag-ryszard-rolbiecki","10":"pa_rok-wydania-2020-en","12":"first","13":"instock","14":"taxable","15":"shipping-taxable","16":"purchasable","17":"product-type-simple"},"acf":[],"_links":{"self":[{"href":"https:\/\/wydawnictwo.ug.edu.pl\/en\/wp-json\/wp\/v2\/product\/46446","targetHints":{"allow":["GET"]}}],"collection":[{"href":"https:\/\/wydawnictwo.ug.edu.pl\/en\/wp-json\/wp\/v2\/product"}],"about":[{"href":"https:\/\/wydawnictwo.ug.edu.pl\/en\/wp-json\/wp\/v2\/types\/product"}],"wp:featuredmedia":[{"embeddable":true,"href":"https:\/\/wydawnictwo.ug.edu.pl\/en\/wp-json\/wp\/v2\/media\/16828"}],"wp:attachment":[{"href":"https:\/\/wydawnictwo.ug.edu.pl\/en\/wp-json\/wp\/v2\/media?parent=46446"}],"wp:term":[{"taxonomy":"journal","embeddable":true,"href":"https:\/\/wydawnictwo.ug.edu.pl\/en\/wp-json\/wp\/v2\/journal?post=46446"},{"taxonomy":"rodzaj","embeddable":true,"href":"https:\/\/wydawnictwo.ug.edu.pl\/en\/wp-json\/wp\/v2\/rodzaj?post=46446"},{"taxonomy":"seria","embeddable":true,"href":"https:\/\/wydawnictwo.ug.edu.pl\/en\/wp-json\/wp\/v2\/seria?post=46446"},{"taxonomy":"product_brand","embeddable":true,"href":"https:\/\/wydawnictwo.ug.edu.pl\/en\/wp-json\/wp\/v2\/product_brand?post=46446"},{"taxonomy":"product_cat","embeddable":true,"href":"https:\/\/wydawnictwo.ug.edu.pl\/en\/wp-json\/wp\/v2\/product_cat?post=46446"},{"taxonomy":"product_tag","embeddable":true,"href":"https:\/\/wydawnictwo.ug.edu.pl\/en\/wp-json\/wp\/v2\/product_tag?post=46446"}],"curies":[{"name":"wp","href":"https:\/\/api.w.org\/{rel}","templated":true}]}}