{"id":46445,"date":"2019-12-01T00:00:00","date_gmt":"2019-12-01T00:00:00","guid":{"rendered":"https:\/\/wydawnictwo.ug.edu.pl\/ksiegarnia-online\/uncategorized\/uniwersalny-system-ochrony-praw-autorskich\/"},"modified":"2026-02-11T14:24:40","modified_gmt":"2026-02-11T14:24:40","slug":"uniwersalny-system-ochrony-praw-autorskich","status":"publish","type":"product","link":"https:\/\/wydawnictwo.ug.edu.pl\/en\/ksiegarnia-online\/prawo-i-administracja\/uniwersalny-system-ochrony-praw-autorskich\/","title":{"rendered":"Uniwersalny system ochrony praw autorskich"},"content":{"rendered":"","protected":false},"excerpt":{"rendered":"<p>Niniejsza monografia jest po\u015bwi\u0119cona analizie unormowa\u0144 sk\u0142adaj\u0105cych si\u0119 na uniwersalny system ochrony praw autorskich. Znajomo\u015b\u0107 norm prawa autorskiego o powszechnym zasi\u0119gu oddzia\u0142ywania nabiera bowiem niezwykle istotnego znaczenia w\u00a0 dobie globalnego obrotu tw\u00f3rczo\u015bci\u0105 i\u00a0 pe\u0142ni wa\u017cn\u0105 funkcj\u0119 zar\u00f3wno w\u00a0 praktyce prawniczej, jak i w\u00a0 ramach bada\u0144 naukowych z zakresu prawa w\u0142asno\u015bci intelektualnej. \u0141atwo\u015b\u0107 reprodukcji utwor\u00f3w w formacie cyfrowym sprawia, \u017ce tw\u00f3rcy bardziej ni\u017c kiedykolwiek s\u0105 nara\u017ceni na wykorzystanie ich dzie\u0142 przez nieuprawnione do tego podmioty \u2012 zar\u00f3wno w pa\u0144stwie, w kt\u00f3rym po raz pierwszy udost\u0119pniono dany utw\u00f3r, jak i poza jego granicami.<\/p>\n","protected":false},"featured_media":15468,"template":"","meta":{"_acf_changed":false},"journal":[],"rodzaj":[],"seria":[],"product_brand":[],"product_cat":[6932],"product_tag":[7508],"class_list":{"0":"post-46445","1":"product","2":"type-product","3":"status-publish","4":"has-post-thumbnail","6":"product_cat-prawo-i-administracja","7":"product_tag-maciej-barczewskimaciej-barczewski","9":"first","10":"instock","11":"taxable","12":"shipping-taxable","13":"purchasable","14":"product-type-simple"},"acf":[],"_links":{"self":[{"href":"https:\/\/wydawnictwo.ug.edu.pl\/en\/wp-json\/wp\/v2\/product\/46445","targetHints":{"allow":["GET"]}}],"collection":[{"href":"https:\/\/wydawnictwo.ug.edu.pl\/en\/wp-json\/wp\/v2\/product"}],"about":[{"href":"https:\/\/wydawnictwo.ug.edu.pl\/en\/wp-json\/wp\/v2\/types\/product"}],"wp:featuredmedia":[{"embeddable":true,"href":"https:\/\/wydawnictwo.ug.edu.pl\/en\/wp-json\/wp\/v2\/media\/15468"}],"wp:attachment":[{"href":"https:\/\/wydawnictwo.ug.edu.pl\/en\/wp-json\/wp\/v2\/media?parent=46445"}],"wp:term":[{"taxonomy":"journal","embeddable":true,"href":"https:\/\/wydawnictwo.ug.edu.pl\/en\/wp-json\/wp\/v2\/journal?post=46445"},{"taxonomy":"rodzaj","embeddable":true,"href":"https:\/\/wydawnictwo.ug.edu.pl\/en\/wp-json\/wp\/v2\/rodzaj?post=46445"},{"taxonomy":"seria","embeddable":true,"href":"https:\/\/wydawnictwo.ug.edu.pl\/en\/wp-json\/wp\/v2\/seria?post=46445"},{"taxonomy":"product_brand","embeddable":true,"href":"https:\/\/wydawnictwo.ug.edu.pl\/en\/wp-json\/wp\/v2\/product_brand?post=46445"},{"taxonomy":"product_cat","embeddable":true,"href":"https:\/\/wydawnictwo.ug.edu.pl\/en\/wp-json\/wp\/v2\/product_cat?post=46445"},{"taxonomy":"product_tag","embeddable":true,"href":"https:\/\/wydawnictwo.ug.edu.pl\/en\/wp-json\/wp\/v2\/product_tag?post=46445"}],"curies":[{"name":"wp","href":"https:\/\/api.w.org\/{rel}","templated":true}]}}