{"id":46444,"date":"2019-12-01T00:00:00","date_gmt":"2019-12-01T00:00:00","guid":{"rendered":"https:\/\/wydawnictwo.ug.edu.pl\/ksiegarnia-online\/uncategorized\/design-management-uwarunkowania-i-efekty-wdrozenia-w-przedsiebiorstwie\/"},"modified":"2026-02-11T14:19:16","modified_gmt":"2026-02-11T14:19:16","slug":"design-management-uwarunkowania-i-efekty-wdrozenia-w-przedsiebiorstwie","status":"publish","type":"product","link":"https:\/\/wydawnictwo.ug.edu.pl\/en\/ksiegarnia-online\/zarzadzanie\/design-management-uwarunkowania-i-efekty-wdrozenia-w-przedsiebiorstwie\/","title":{"rendered":"Design Management. Uwarunkowania i efekty wdro\u017cenia w przedsi\u0119biorstwie"},"content":{"rendered":"","protected":false},"excerpt":{"rendered":"<p>Design management staje si\u0119 po\u017c\u0105danym tematem wielu szkole\u0144 i\u00a0kurs\u00f3w. Wyst\u0119puje w\u00a0sta\u0142ym programie studi\u00f3w najlepszych uczelni biznesu na \u015bwiecie. W\u00a0zwi\u0105zku z\u00a0tym mo\u017cna zatem postulowa\u0107, \u017ce w\u00a0warunkach gospodarki XXI\u00a0wieku, nazywanej globaln\u0105, proces design management prowadz\u0105cy do tworzenia dodatkowej warto\u015bci dla przedsi\u0119biorstwa i\u00a0klienta stanowi cenne narz\u0119dzie dla rozwoju organizacji. Pomimo jednak istotnego znaczenia dotychczas nie zosta\u0142y przeprowadzone badania eksplanacyjne dotycz\u0105ce skali wykorzystywania design management w\u00a0praktyce dzia\u0142ania przedsi\u0119biorstw w\u00a0Polsce. Brakuje opracowa\u0144 naukowych, raport\u00f3w z\u00a0 bada\u0144 czy te\u017c dobrych praktyk pokazuj\u0105cych polskie dokonania na tym polu. Tak\u017ce przytaczana w\u00a0literaturze przedmiotu wiedza na temat zmian organizacyjnych zachodz\u0105cych w\u00a0wyniku identyfikacji szans, zmiany proces\u00f3w organizacyjnych i\u00a0kultury organizacyjnej jest niewystarczaj\u0105ca. To\u00a0przede wszystkim skutek innego rozumienia roli designu w\u00a0ubieg\u0142ym stuleciu: design skupia\u0142 si\u0119 w\u00f3wczas na finalnych rezultatach dzia\u0142alno\u015bci przedsi\u0119biorstw: produktach materialnych, architekturze i\u00a0sztuce Obecnie obszar designu uleg\u0142 transformacji i\u00a0obejmuje projektowanie rozumiane jako proces prowadz\u0105cy do zmiany w\u00a0postaci mi\u0119dzy innymi kreowania do\u015bwiadcze\u0144 nabywc\u00f3w, budowania nowych emocji, wprowadzenia zr\u00f3wnowa\u017conych dzia\u0142a\u0144 wewn\u0105trz przedsi\u0119biorstwa i\u00a0tworzenia trwa\u0142ych, opartych na warto\u015bciach interakcji z\u00a0rynkiem. Zdaniem autorki, design management nale\u017cy postrzega\u0107 wi\u0119c jako holistyczny proces zarz\u0105dczy obejmuj\u0105cy wszystkie poziomy dojrza\u0142o\u015bci designu, tj. nadawanie formy (styling), procesy doskonalenia organizacji oraz element strategii umo\u017cliwiaj\u0105cy rozw\u00f3j i\u00a0utrzymanie efektywnego \u015brodowiska biznesowego, w\u00a0kt\u00f3rym organizacja mo\u017ce osi\u0105gn\u0105\u0107 swoje cele strategiczne.<\/p>\n<p><em>Fragment wst\u0119pu<\/em><\/p>\n","protected":false},"featured_media":15253,"template":"","meta":{"_acf_changed":false},"journal":[],"rodzaj":[],"seria":[],"product_brand":[],"product_cat":[6942],"product_tag":[],"class_list":{"0":"post-46444","1":"product","2":"type-product","3":"status-publish","4":"has-post-thumbnail","6":"product_cat-zarzadzanie","8":"first","9":"outofstock","10":"taxable","11":"shipping-taxable","12":"purchasable","13":"product-type-simple"},"acf":[],"_links":{"self":[{"href":"https:\/\/wydawnictwo.ug.edu.pl\/en\/wp-json\/wp\/v2\/product\/46444","targetHints":{"allow":["GET"]}}],"collection":[{"href":"https:\/\/wydawnictwo.ug.edu.pl\/en\/wp-json\/wp\/v2\/product"}],"about":[{"href":"https:\/\/wydawnictwo.ug.edu.pl\/en\/wp-json\/wp\/v2\/types\/product"}],"wp:featuredmedia":[{"embeddable":true,"href":"https:\/\/wydawnictwo.ug.edu.pl\/en\/wp-json\/wp\/v2\/media\/15253"}],"wp:attachment":[{"href":"https:\/\/wydawnictwo.ug.edu.pl\/en\/wp-json\/wp\/v2\/media?parent=46444"}],"wp:term":[{"taxonomy":"journal","embeddable":true,"href":"https:\/\/wydawnictwo.ug.edu.pl\/en\/wp-json\/wp\/v2\/journal?post=46444"},{"taxonomy":"rodzaj","embeddable":true,"href":"https:\/\/wydawnictwo.ug.edu.pl\/en\/wp-json\/wp\/v2\/rodzaj?post=46444"},{"taxonomy":"seria","embeddable":true,"href":"https:\/\/wydawnictwo.ug.edu.pl\/en\/wp-json\/wp\/v2\/seria?post=46444"},{"taxonomy":"product_brand","embeddable":true,"href":"https:\/\/wydawnictwo.ug.edu.pl\/en\/wp-json\/wp\/v2\/product_brand?post=46444"},{"taxonomy":"product_cat","embeddable":true,"href":"https:\/\/wydawnictwo.ug.edu.pl\/en\/wp-json\/wp\/v2\/product_cat?post=46444"},{"taxonomy":"product_tag","embeddable":true,"href":"https:\/\/wydawnictwo.ug.edu.pl\/en\/wp-json\/wp\/v2\/product_tag?post=46444"}],"curies":[{"name":"wp","href":"https:\/\/api.w.org\/{rel}","templated":true}]}}