{"id":46443,"date":"2019-12-01T00:00:00","date_gmt":"2019-12-01T00:00:00","guid":{"rendered":"https:\/\/wydawnictwo.ug.edu.pl\/ksiegarnia-online\/uncategorized\/prawo-ubezpieczeniowe\/"},"modified":"2026-02-11T14:30:54","modified_gmt":"2026-02-11T14:30:54","slug":"prawo-ubezpieczeniowe","status":"publish","type":"product","link":"https:\/\/wydawnictwo.ug.edu.pl\/en\/ksiegarnia-online\/prawo-i-administracja\/prawo-ubezpieczeniowe\/","title":{"rendered":"Prawo ubezpieczeniowe"},"content":{"rendered":"","protected":false},"excerpt":{"rendered":"<p>Niniejsza ksi\u0105\u017cka stanowi cenny wk\u0142ad w rozw\u00f3j nauki prawa ubezpieczeniowego, a tak\u017ce bardzo u\u017cyteczne narz\u0119dzie dla cel\u00f3w dydaktycznych. Cho\u0107 na rynku funkcjonuj\u0105 podr\u0119czniki z zakresu ubezpiecze\u0144, donios\u0142o\u015b\u0107 problematyki i stopie\u0144 z\u0142o\u017cono\u015bci zagadnie\u0144 zwi\u0105zanych z szeroko poj\u0119tym prawem ubezpiecze\u0144 oraz jego nieustann\u0105 i dynamiczn\u0105 ewolucj\u0105, a tak\u017ce wzrastaj\u0105ce potrzeby dydaktyczne sprawiaj\u0105, \u017ce ksi\u0105\u017cka Doroty Ma\u015bniak o prawie ubezpieczeniowym wydaje si\u0119 niezb\u0119dna na rynku i z pewno\u015bci\u0105 b\u0119dzie si\u0119 cieszy\u0107 powodzeniem w\u015br\u00f3d dydaktyk\u00f3w ubezpieczeniowych.<\/p>\n<p>Ksi\u0105\u017cka finansowana w ramach Programu ProUG.<\/p>\n<p>&nbsp;<\/p>\n","protected":false},"featured_media":16482,"template":"","meta":{"_acf_changed":false},"journal":[],"rodzaj":[],"seria":[],"product_brand":[],"product_cat":[6932],"product_tag":[7644],"class_list":{"0":"post-46443","1":"product","2":"type-product","3":"status-publish","4":"has-post-thumbnail","6":"product_cat-prawo-i-administracja","7":"product_tag-dorota-masniak","8":"pa_rok-wydania-2020-en","10":"first","11":"instock","12":"taxable","13":"shipping-taxable","14":"purchasable","15":"product-type-external"},"acf":[],"_links":{"self":[{"href":"https:\/\/wydawnictwo.ug.edu.pl\/en\/wp-json\/wp\/v2\/product\/46443","targetHints":{"allow":["GET"]}}],"collection":[{"href":"https:\/\/wydawnictwo.ug.edu.pl\/en\/wp-json\/wp\/v2\/product"}],"about":[{"href":"https:\/\/wydawnictwo.ug.edu.pl\/en\/wp-json\/wp\/v2\/types\/product"}],"wp:featuredmedia":[{"embeddable":true,"href":"https:\/\/wydawnictwo.ug.edu.pl\/en\/wp-json\/wp\/v2\/media\/16482"}],"wp:attachment":[{"href":"https:\/\/wydawnictwo.ug.edu.pl\/en\/wp-json\/wp\/v2\/media?parent=46443"}],"wp:term":[{"taxonomy":"journal","embeddable":true,"href":"https:\/\/wydawnictwo.ug.edu.pl\/en\/wp-json\/wp\/v2\/journal?post=46443"},{"taxonomy":"rodzaj","embeddable":true,"href":"https:\/\/wydawnictwo.ug.edu.pl\/en\/wp-json\/wp\/v2\/rodzaj?post=46443"},{"taxonomy":"seria","embeddable":true,"href":"https:\/\/wydawnictwo.ug.edu.pl\/en\/wp-json\/wp\/v2\/seria?post=46443"},{"taxonomy":"product_brand","embeddable":true,"href":"https:\/\/wydawnictwo.ug.edu.pl\/en\/wp-json\/wp\/v2\/product_brand?post=46443"},{"taxonomy":"product_cat","embeddable":true,"href":"https:\/\/wydawnictwo.ug.edu.pl\/en\/wp-json\/wp\/v2\/product_cat?post=46443"},{"taxonomy":"product_tag","embeddable":true,"href":"https:\/\/wydawnictwo.ug.edu.pl\/en\/wp-json\/wp\/v2\/product_tag?post=46443"}],"curies":[{"name":"wp","href":"https:\/\/api.w.org\/{rel}","templated":true}]}}