{"id":46441,"date":"2019-12-01T00:00:00","date_gmt":"2019-12-01T00:00:00","guid":{"rendered":"https:\/\/wydawnictwo.ug.edu.pl\/ksiegarnia-online\/uncategorized\/testamenty-elblaskie-studium-z-dziejow-miasta-i-jego-mieszkancow-w-poznym-sredniowieczu\/"},"modified":"2026-02-11T14:30:43","modified_gmt":"2026-02-11T14:30:43","slug":"testamenty-elblaskie-studium-z-dziejow-miasta-i-jego-mieszkancow-w-poznym-sredniowieczu","status":"publish","type":"product","link":"https:\/\/wydawnictwo.ug.edu.pl\/en\/ksiegarnia-online\/historia\/testamenty-elblaskie-studium-z-dziejow-miasta-i-jego-mieszkancow-w-poznym-sredniowieczu\/","title":{"rendered":"Testamenty elbl\u0105skie. Studium z dziej\u00f3w miasta i jego mieszka\u0144c\u00f3w w p\u00f3\u017anym \u015bredniowieczu"},"content":{"rendered":"","protected":false},"excerpt":{"rendered":"<p>Badania nad histori\u0105 Elbl\u0105ga w wiekach \u015brednich przynios\u0142y wiele\u00a0cennych ustale\u0144. Pewne kwestie wymagaj\u0105 jednak dalszych szczeg\u00f3\u0142owych studi\u00f3w, w tym dotycz\u0105ce funkcjonowania spo\u0142eczno\u015bci miejskiej\u00a0w p\u00f3\u017anym \u015bredniowieczu. Wydaje si\u0119, \u017ce wa\u017cne dane na ten temat\u00a0mo\u017ce przynie\u015b\u0107 analiza testament\u00f3w &#8211; dokument\u00f3w ostatniej woli\u00a0sporz\u0105dzanych przez mieszczan. W ksi\u0105\u017cce, obok om\u00f3wienia specyfiki\u00a0tych \u017ar\u00f3de\u0142, ich formy, stanu zachowania i tre\u015bci, zosta\u0142y przedstawione\u00a0mi\u0119dzy innymi relacje rodzinne testator\u00f3w oraz kultura materialna\u00a0i formy pobo\u017cno\u015bci mieszka\u0144c\u00f3w Elbl\u0105ga.<\/p>\n","protected":false},"featured_media":16713,"template":"","meta":{"_acf_changed":false},"journal":[],"rodzaj":[],"seria":[],"product_brand":[],"product_cat":[229],"product_tag":[553],"class_list":{"0":"post-46441","1":"product","2":"type-product","3":"status-publish","4":"has-post-thumbnail","6":"product_cat-historia","7":"product_tag-rafal-kubicki","8":"pa_rok-wydania-849","10":"first","11":"instock","12":"taxable","13":"shipping-taxable","14":"purchasable","15":"product-type-simple"},"acf":[],"_links":{"self":[{"href":"https:\/\/wydawnictwo.ug.edu.pl\/en\/wp-json\/wp\/v2\/product\/46441","targetHints":{"allow":["GET"]}}],"collection":[{"href":"https:\/\/wydawnictwo.ug.edu.pl\/en\/wp-json\/wp\/v2\/product"}],"about":[{"href":"https:\/\/wydawnictwo.ug.edu.pl\/en\/wp-json\/wp\/v2\/types\/product"}],"wp:featuredmedia":[{"embeddable":true,"href":"https:\/\/wydawnictwo.ug.edu.pl\/en\/wp-json\/wp\/v2\/media\/16713"}],"wp:attachment":[{"href":"https:\/\/wydawnictwo.ug.edu.pl\/en\/wp-json\/wp\/v2\/media?parent=46441"}],"wp:term":[{"taxonomy":"journal","embeddable":true,"href":"https:\/\/wydawnictwo.ug.edu.pl\/en\/wp-json\/wp\/v2\/journal?post=46441"},{"taxonomy":"rodzaj","embeddable":true,"href":"https:\/\/wydawnictwo.ug.edu.pl\/en\/wp-json\/wp\/v2\/rodzaj?post=46441"},{"taxonomy":"seria","embeddable":true,"href":"https:\/\/wydawnictwo.ug.edu.pl\/en\/wp-json\/wp\/v2\/seria?post=46441"},{"taxonomy":"product_brand","embeddable":true,"href":"https:\/\/wydawnictwo.ug.edu.pl\/en\/wp-json\/wp\/v2\/product_brand?post=46441"},{"taxonomy":"product_cat","embeddable":true,"href":"https:\/\/wydawnictwo.ug.edu.pl\/en\/wp-json\/wp\/v2\/product_cat?post=46441"},{"taxonomy":"product_tag","embeddable":true,"href":"https:\/\/wydawnictwo.ug.edu.pl\/en\/wp-json\/wp\/v2\/product_tag?post=46441"}],"curies":[{"name":"wp","href":"https:\/\/api.w.org\/{rel}","templated":true}]}}