{"id":46437,"date":"2019-12-01T00:00:00","date_gmt":"2019-12-01T00:00:00","guid":{"rendered":"https:\/\/wydawnictwo.ug.edu.pl\/ksiegarnia-online\/uncategorized\/jakanie-wypowiedzi-dialogowe-i-narracyjne-osob-jakajacych-sie\/"},"modified":"2026-02-11T14:32:47","modified_gmt":"2026-02-11T14:32:47","slug":"jakanie-wypowiedzi-dialogowe-i-narracyjne-osob-jakajacych-sie","status":"publish","type":"product","link":"https:\/\/wydawnictwo.ug.edu.pl\/en\/ksiegarnia-online\/pedagogika-i-psychologia\/jakanie-wypowiedzi-dialogowe-i-narracyjne-osob-jakajacych-sie\/","title":{"rendered":"J\u0105kanie. Wypowiedzi dialogowe i narracyjne os\u00f3b j\u0105kaj\u0105cych si\u0119"},"content":{"rendered":"","protected":false},"excerpt":{"rendered":"<p>J\u0105kanie jest zaburzeniem, kt\u00f3re charakteryzuje si\u0119 brakiem lub niedow\u0142adem sprawno\u015bci realizacyjnych, co prowadzi do zniekszta\u0142ce\u0144 w obr\u0119bie budowanych tekst\u00f3w i zuba\u017ca potencja\u0142 interakcyjny i spo\u0142eczno-kulturowy os\u00f3b m\u00f3wi\u0105cych niep\u0142ynnie. Praca jest dog\u0142\u0119bn\u0105 analiz\u0105 cech swoistych dla wypowiedzi dialogowej i narracyjnej tworzonej przez osoby j\u0105kaj\u0105ce si\u0119, co pozwala na lepszy wgl\u0105d w problemy i charakter trudno\u015bci napotykanych przez nie w codziennej komunikacji. Wyniki bada\u0144 mog\u0105 by\u0107 baz\u0105 do lepszej diagnozy i\u00a0 tworzenia bardziej efektywnych metod terapii j\u0105kania. W pozycji zawarte s\u0105 propozycje strategii rozwijaj\u0105cych sprawno\u015bci i kompetencje komunikacyjne os\u00f3b j\u0105kaj\u0105cych si\u0119.<\/p>\n","protected":false},"featured_media":16968,"template":"","meta":{"_acf_changed":false},"journal":[],"rodzaj":[],"seria":[],"product_brand":[],"product_cat":[7007],"product_tag":[7896],"class_list":{"0":"post-46437","1":"product","2":"type-product","3":"status-publish","4":"has-post-thumbnail","6":"product_cat-pedagogika-i-psychologia","7":"product_tag-maria-fasciszewskamaria-fasciszewska","8":"pa_rok-wydania-2020-en","10":"first","11":"instock","12":"taxable","13":"shipping-taxable","14":"product-type-simple"},"acf":[],"_links":{"self":[{"href":"https:\/\/wydawnictwo.ug.edu.pl\/en\/wp-json\/wp\/v2\/product\/46437","targetHints":{"allow":["GET"]}}],"collection":[{"href":"https:\/\/wydawnictwo.ug.edu.pl\/en\/wp-json\/wp\/v2\/product"}],"about":[{"href":"https:\/\/wydawnictwo.ug.edu.pl\/en\/wp-json\/wp\/v2\/types\/product"}],"wp:featuredmedia":[{"embeddable":true,"href":"https:\/\/wydawnictwo.ug.edu.pl\/en\/wp-json\/wp\/v2\/media\/16968"}],"wp:attachment":[{"href":"https:\/\/wydawnictwo.ug.edu.pl\/en\/wp-json\/wp\/v2\/media?parent=46437"}],"wp:term":[{"taxonomy":"journal","embeddable":true,"href":"https:\/\/wydawnictwo.ug.edu.pl\/en\/wp-json\/wp\/v2\/journal?post=46437"},{"taxonomy":"rodzaj","embeddable":true,"href":"https:\/\/wydawnictwo.ug.edu.pl\/en\/wp-json\/wp\/v2\/rodzaj?post=46437"},{"taxonomy":"seria","embeddable":true,"href":"https:\/\/wydawnictwo.ug.edu.pl\/en\/wp-json\/wp\/v2\/seria?post=46437"},{"taxonomy":"product_brand","embeddable":true,"href":"https:\/\/wydawnictwo.ug.edu.pl\/en\/wp-json\/wp\/v2\/product_brand?post=46437"},{"taxonomy":"product_cat","embeddable":true,"href":"https:\/\/wydawnictwo.ug.edu.pl\/en\/wp-json\/wp\/v2\/product_cat?post=46437"},{"taxonomy":"product_tag","embeddable":true,"href":"https:\/\/wydawnictwo.ug.edu.pl\/en\/wp-json\/wp\/v2\/product_tag?post=46437"}],"curies":[{"name":"wp","href":"https:\/\/api.w.org\/{rel}","templated":true}]}}