{"id":46432,"date":"2019-12-01T00:00:00","date_gmt":"2019-12-01T00:00:00","guid":{"rendered":"https:\/\/wydawnictwo.ug.edu.pl\/ksiegarnia-online\/uncategorized\/konflikt-w-organizacji-style-postepowania\/"},"modified":"2026-02-11T14:24:28","modified_gmt":"2026-02-11T14:24:28","slug":"konflikt-w-organizacji-style-postepowania","status":"publish","type":"product","link":"https:\/\/wydawnictwo.ug.edu.pl\/en\/ksiegarnia-online\/ekonomia\/konflikt-w-organizacji-style-postepowania\/","title":{"rendered":"Konflikt w organizacji \u2013 style post\u0119powania"},"content":{"rendered":"","protected":false},"excerpt":{"rendered":"<p>Dostrze\u017cenie w konflikcie zar\u00f3wno szans, jak i zagro\u017ce\u0144 dla efektywnego funkcjonowania organizacji pozwoli\u0142o uczyni\u0107 z niego narz\u0119dzie zarz\u0105dzania poprzez \u015bwiadome podejmowanie dzia\u0142a\u0144 zmierzaj\u0105cych do maksymalizacji jego pozytywnych efekt\u00f3w przy jednoczesnym minimalizowaniu efekt\u00f3w negatywnych. Problematyka zarz\u0105dzania konfliktem jest obecnie jednym z najwa\u017cniejszych zagadnie\u0144 zar\u00f3wno w teorii, jak i praktyce zarz\u0105dzania organizacjami. Efektywno\u015b\u0107 organizacji w znacznej mierze zale\u017cy bowiem od zdolno\u015bci godzenia r\u00f3\u017cnorodnych interes\u00f3w zar\u00f3wno jednostkowych, jak i grupowych. Znajomo\u015b\u0107 konflikt\u00f3w i umiej\u0119tno\u015b\u0107 zarz\u0105dzania nimi daje mo\u017cliwo\u015b\u0107 zapobiegania ich destruktywnym konsekwencjom. Wielu badaczy i praktyk\u00f3w zarz\u0105dzania stoi wr\u0119cz na stanowisku, \u017ce zdolno\u015b\u0107 do konstruktywnego rozwi\u0105zywania konflikt\u00f3w jest zasadnicz\u0105 cech\u0105 sprawnej organizacji. Efektywne zarz\u0105dzanie konfliktem staje si\u0119 g\u0142\u00f3wnym zadaniem dla mened\u017cer\u00f3w wszystkich szczebli, nale\u017c\u0105c obecnie do jednych z kluczowych kompetencji. Ankieta skierowana do mened\u017cer\u00f3w na temat zagadnie\u0144, kt\u00f3re uwa\u017caj\u0105 za najwa\u017cniejsze w programach doskonalenia, potwierdzi\u0142a znaczenie zarz\u0105dzania konfliktami \u2013 uznano je za wa\u017cniejsze ni\u017c przyw\u00f3dztwo, podejmowanie decyzji i umiej\u0119tno\u015bci komunikacyjne.<\/p>\n<p>Niniejsza praca wychodzi naprzeciw tym problemom, dostarczaj\u0105c zarz\u0105dzaj\u0105cym rzetelnej wiedzy na temat konflikt\u00f3w, niezb\u0119dnej do ich konstruktywnego rozwi\u0105zywania. Publikacja ma charakter interdyscyplinarny, prezentuje idee teoretyczne, wypracowane w wielu dziedzinach wiedzy, niezb\u0119dne do zrozumienia proces\u00f3w konfliktu. Przyczyniaj\u0105c si\u0119 do lepszego poznania istoty tego zjawiska, dostarcza r\u00f3wnocze\u015bnie praktycznych wskaz\u00f3wek dla efektywnego wdra\u017cania rozwi\u0105za\u0144 skoncentrowanych na pozytywnych aspektach konfliktu.<\/p>\n<div><\/div>\n","protected":false},"featured_media":15916,"template":"","meta":{"_acf_changed":false},"journal":[],"rodzaj":[7074],"seria":[],"product_brand":[],"product_cat":[6934],"product_tag":[],"class_list":{"0":"post-46432","1":"product","2":"type-product","3":"status-publish","4":"has-post-thumbnail","6":"rodzaj-ksiazki","7":"product_cat-ekonomia","8":"pa_rok-wydania-2020-en","10":"first","11":"outofstock","12":"taxable","13":"shipping-taxable","14":"purchasable","15":"product-type-simple"},"acf":[],"_links":{"self":[{"href":"https:\/\/wydawnictwo.ug.edu.pl\/en\/wp-json\/wp\/v2\/product\/46432","targetHints":{"allow":["GET"]}}],"collection":[{"href":"https:\/\/wydawnictwo.ug.edu.pl\/en\/wp-json\/wp\/v2\/product"}],"about":[{"href":"https:\/\/wydawnictwo.ug.edu.pl\/en\/wp-json\/wp\/v2\/types\/product"}],"wp:featuredmedia":[{"embeddable":true,"href":"https:\/\/wydawnictwo.ug.edu.pl\/en\/wp-json\/wp\/v2\/media\/15916"}],"wp:attachment":[{"href":"https:\/\/wydawnictwo.ug.edu.pl\/en\/wp-json\/wp\/v2\/media?parent=46432"}],"wp:term":[{"taxonomy":"journal","embeddable":true,"href":"https:\/\/wydawnictwo.ug.edu.pl\/en\/wp-json\/wp\/v2\/journal?post=46432"},{"taxonomy":"rodzaj","embeddable":true,"href":"https:\/\/wydawnictwo.ug.edu.pl\/en\/wp-json\/wp\/v2\/rodzaj?post=46432"},{"taxonomy":"seria","embeddable":true,"href":"https:\/\/wydawnictwo.ug.edu.pl\/en\/wp-json\/wp\/v2\/seria?post=46432"},{"taxonomy":"product_brand","embeddable":true,"href":"https:\/\/wydawnictwo.ug.edu.pl\/en\/wp-json\/wp\/v2\/product_brand?post=46432"},{"taxonomy":"product_cat","embeddable":true,"href":"https:\/\/wydawnictwo.ug.edu.pl\/en\/wp-json\/wp\/v2\/product_cat?post=46432"},{"taxonomy":"product_tag","embeddable":true,"href":"https:\/\/wydawnictwo.ug.edu.pl\/en\/wp-json\/wp\/v2\/product_tag?post=46432"}],"curies":[{"name":"wp","href":"https:\/\/api.w.org\/{rel}","templated":true}]}}