{"id":46430,"date":"2019-12-01T00:00:00","date_gmt":"2019-12-01T00:00:00","guid":{"rendered":"https:\/\/wydawnictwo.ug.edu.pl\/ksiegarnia-online\/uncategorized\/benchmarking-jako-metoda-diagnozy-konkurencyjnosci-przedsiebiorstw-w-klastrach\/"},"modified":"2026-02-11T14:32:48","modified_gmt":"2026-02-11T14:32:48","slug":"benchmarking-jako-metoda-diagnozy-konkurencyjnosci-przedsiebiorstw-w-klastrach","status":"publish","type":"product","link":"https:\/\/wydawnictwo.ug.edu.pl\/en\/ksiegarnia-online\/ekonomia\/benchmarking-jako-metoda-diagnozy-konkurencyjnosci-przedsiebiorstw-w-klastrach\/","title":{"rendered":"Benchmarking jako metoda diagnozy konkurencyjno\u015bci przedsi\u0119biorstw w klastrach"},"content":{"rendered":"","protected":false},"excerpt":{"rendered":"<p>Celem badawczym jest przedstawienie znaczenia metody benchmarkingu w analizie konkurencyjno\u015bci przedsi\u0119biorstw, sformu\u0142owanie koncepcji wykorzystania tej metody w analizie konkurencyjno\u015bci przedsi\u0119biorstw oraz zaproponowanie modeli najlepszych praktyk w zakresie poprawy konkurencyjno\u015bci przedsi\u0119biorstw funkcjonuj\u0105cych w wybranych klastrach w Polsce tj.\u00a0 Pleszewski Klaster Kotlarski, Lubuski Szlak Wina i Miodu, \u0141eba \u2013 B\u0142\u0119kitna Kraina, Podlaski Klaster Bielizny oraz Wschodni Klaster Budowlany.<\/p>\n","protected":false},"featured_media":16950,"template":"","meta":{"_acf_changed":false},"journal":[],"rodzaj":[],"seria":[],"product_brand":[],"product_cat":[6934],"product_tag":[7888],"class_list":{"0":"post-46430","1":"product","2":"type-product","3":"status-publish","4":"has-post-thumbnail","6":"product_cat-ekonomia","7":"product_tag-joanna-kuczewskajoanna-kuczewska","8":"pa_rok-wydania-2020-en","10":"first","11":"outofstock","12":"taxable","13":"shipping-taxable","14":"purchasable","15":"product-type-simple"},"acf":[],"_links":{"self":[{"href":"https:\/\/wydawnictwo.ug.edu.pl\/en\/wp-json\/wp\/v2\/product\/46430","targetHints":{"allow":["GET"]}}],"collection":[{"href":"https:\/\/wydawnictwo.ug.edu.pl\/en\/wp-json\/wp\/v2\/product"}],"about":[{"href":"https:\/\/wydawnictwo.ug.edu.pl\/en\/wp-json\/wp\/v2\/types\/product"}],"wp:featuredmedia":[{"embeddable":true,"href":"https:\/\/wydawnictwo.ug.edu.pl\/en\/wp-json\/wp\/v2\/media\/16950"}],"wp:attachment":[{"href":"https:\/\/wydawnictwo.ug.edu.pl\/en\/wp-json\/wp\/v2\/media?parent=46430"}],"wp:term":[{"taxonomy":"journal","embeddable":true,"href":"https:\/\/wydawnictwo.ug.edu.pl\/en\/wp-json\/wp\/v2\/journal?post=46430"},{"taxonomy":"rodzaj","embeddable":true,"href":"https:\/\/wydawnictwo.ug.edu.pl\/en\/wp-json\/wp\/v2\/rodzaj?post=46430"},{"taxonomy":"seria","embeddable":true,"href":"https:\/\/wydawnictwo.ug.edu.pl\/en\/wp-json\/wp\/v2\/seria?post=46430"},{"taxonomy":"product_brand","embeddable":true,"href":"https:\/\/wydawnictwo.ug.edu.pl\/en\/wp-json\/wp\/v2\/product_brand?post=46430"},{"taxonomy":"product_cat","embeddable":true,"href":"https:\/\/wydawnictwo.ug.edu.pl\/en\/wp-json\/wp\/v2\/product_cat?post=46430"},{"taxonomy":"product_tag","embeddable":true,"href":"https:\/\/wydawnictwo.ug.edu.pl\/en\/wp-json\/wp\/v2\/product_tag?post=46430"}],"curies":[{"name":"wp","href":"https:\/\/api.w.org\/{rel}","templated":true}]}}