{"id":46429,"date":"2019-12-01T00:00:00","date_gmt":"2019-12-01T00:00:00","guid":{"rendered":"https:\/\/wydawnictwo.ug.edu.pl\/ksiegarnia-online\/uncategorized\/wplyw-uwarunkowan-kulturowych-na-zakres-ujawnien-w-sprawozdaniach-finansowych-sporzadzonych-wedlug-miedzynarodowych-standardow-sprawozdawczosci-finansowej-w-wybranych-krajach-swiata\/"},"modified":"2026-02-11T14:24:29","modified_gmt":"2026-02-11T14:24:29","slug":"wplyw-uwarunkowan-kulturowych-na-zakres-ujawnien-w-sprawozdaniach-finansowych-sporzadzonych-wedlug-miedzynarodowych-standardow-sprawozdawczosci-finansowej-w-wybranych-krajach-swiata","status":"publish","type":"product","link":"https:\/\/wydawnictwo.ug.edu.pl\/en\/ksiegarnia-online\/zarzadzanie\/wplyw-uwarunkowan-kulturowych-na-zakres-ujawnien-w-sprawozdaniach-finansowych-sporzadzonych-wedlug-miedzynarodowych-standardow-sprawozdawczosci-finansowej-w-wybranych-krajach-swiata\/","title":{"rendered":"Wp\u0142yw uwarunkowa\u0144 kulturowych na zakres ujawnie\u0144 w sprawozdaniach finansowych sporz\u0105dzonych wed\u0142ug Mi\u0119dzynarodowych Standard\u00f3w Sprawozdawczo\u015bci Finansowej w wybranych krajach \u015bwiata"},"content":{"rendered":"","protected":false},"excerpt":{"rendered":"<p>Od dawna wielu autor\u00f3w zajmuje si\u0119 badaniem czynnik\u00f3w, kt\u00f3re determinuj\u0105 odmienne kszta\u0142towanie si\u0119 zasad rachunkowo\u015bci w poszczeg\u00f3lnych krajach. Jako jedn\u0105 z przyczyn tych r\u00f3\u017cnic wymienia si\u0119 uwarunkowania kulturowe. Problem ten nabiera szczeg\u00f3lnego znaczenia w trwaj\u0105cym obecnie procesie harmonizacji i standaryzacji rachunkowo\u015bci, zmierzaj\u0105cym do stworzenia jednolitego systemu rozwi\u0105za\u0144 mo\u017cliwych do przyj\u0119cia w skali \u015bwiata. W ostatnim czasie rol\u0119 tak\u0105 spe\u0142niaj\u0105 Mi\u0119dzynarodowe Standardy Sprawozdawczo\u015bci Finansowej (MSSF), przygotowywane przez Rad\u0119 Mi\u0119dzynarodowych Standard\u00f3w Rachunkowo\u015bci. Zadaniem MSSF jest takie przedstawienie informacji finansowych, aby by\u0142y one istotne, por\u00f3wnywalne i zrozumia\u0142e dla u\u017cytkownik\u00f3w, a przede wszystkim przydatne do oceny przesz\u0142o\u015bci i podejmowania decyzji. W za\u0142o\u017ceniu MSSF maj\u0105 u\u0142atwi\u0107 analiz\u0119 efektywno\u015bci r\u00f3\u017cnorodnych przedsi\u0119wzi\u0119\u0107, w tym r\u00f3wnie\u017c w ich mi\u0119dzynarodowym aspekcie. Na ile jednak uniwersalne s\u0105 te standardy? Czy oparte na tradycji anglosaskiej regulacje rachunkowo\u015bci mo\u017cna skutecznie zastosowa\u0107 w r\u00f3\u017cnych regionach \u015bwiata? Czy uwarunkowania kulturowe poszczeg\u00f3lnych kraj\u00f3w s\u0105 na tyle silne, \u017ce nadal znajduj\u0105 odzwierciedlenie w sprawozdaniach finansowych, mimo \u017ce zasady ich sporz\u0105dzania zosta\u0142y ujednolicone przez MSSF? Niniejsza praca stanowi pr\u00f3b\u0119 odpowiedzi na te pytania. W badaniu zosta\u0142a wykorzystana teoria subkultury rachunkowo\u015bci S.J. Graya w powi\u0105zaniu z koncepcj\u0105 wymiar\u00f3w warto\u015bci kulturowych G. Hofstedego, w odniesieniu do zakresu ujawnie\u0144 dokonywanych w sprawozdaniach finansowych.<\/p>\n<p>Jako cel g\u0142\u00f3wny pracy przyj\u0119to ocen\u0119 wp\u0142ywu uwarunkowa\u0144 kulturowych na zakres ujawnie\u0144 w sprawozdaniach finansowych sporz\u0105dzanych wed\u0142ug Mi\u0119dzynarodowych Standard\u00f3w Sprawozdawczo\u015bci Finansowej w wybranych krajach \u015bwiata. Ponadto wyznaczono nast\u0119puj\u0105ce cele cz\u0105stkowe: 1) wskazanie roli kultury w kszta\u0142towaniu system\u00f3w rachunkowo\u015bci na \u015bwiecie, 2) identyfikacj\u0119 zasadniczych cech kr\u0119g\u00f3w kulturowych rachunkowo\u015bci, 3) analiz\u0119 zakresu ujawnie\u0144 w sprawozdaniach finansowych sp\u00f3\u0142ek gie\u0142dowych sporz\u0105dzanych wed\u0142ug Mi\u0119dzynarodowych Standard\u00f3w Sprawozdawczo\u015bci Finansowej.<\/p>\n","protected":false},"featured_media":15908,"template":"","meta":{"_acf_changed":false},"journal":[],"rodzaj":[7076],"seria":[7797],"product_brand":[],"product_cat":[6942],"product_tag":[],"class_list":{"0":"post-46429","1":"product","2":"type-product","3":"status-publish","4":"has-post-thumbnail","6":"rodzaj-serie-wydawnicze","7":"seria-dissertationes-laudatissimae-universitas-gedanensis","8":"product_cat-zarzadzanie","9":"pa_rok-wydania-2020-en","11":"first","12":"outofstock","13":"taxable","14":"shipping-taxable","15":"purchasable","16":"product-type-simple"},"acf":[],"_links":{"self":[{"href":"https:\/\/wydawnictwo.ug.edu.pl\/en\/wp-json\/wp\/v2\/product\/46429","targetHints":{"allow":["GET"]}}],"collection":[{"href":"https:\/\/wydawnictwo.ug.edu.pl\/en\/wp-json\/wp\/v2\/product"}],"about":[{"href":"https:\/\/wydawnictwo.ug.edu.pl\/en\/wp-json\/wp\/v2\/types\/product"}],"wp:featuredmedia":[{"embeddable":true,"href":"https:\/\/wydawnictwo.ug.edu.pl\/en\/wp-json\/wp\/v2\/media\/15908"}],"wp:attachment":[{"href":"https:\/\/wydawnictwo.ug.edu.pl\/en\/wp-json\/wp\/v2\/media?parent=46429"}],"wp:term":[{"taxonomy":"journal","embeddable":true,"href":"https:\/\/wydawnictwo.ug.edu.pl\/en\/wp-json\/wp\/v2\/journal?post=46429"},{"taxonomy":"rodzaj","embeddable":true,"href":"https:\/\/wydawnictwo.ug.edu.pl\/en\/wp-json\/wp\/v2\/rodzaj?post=46429"},{"taxonomy":"seria","embeddable":true,"href":"https:\/\/wydawnictwo.ug.edu.pl\/en\/wp-json\/wp\/v2\/seria?post=46429"},{"taxonomy":"product_brand","embeddable":true,"href":"https:\/\/wydawnictwo.ug.edu.pl\/en\/wp-json\/wp\/v2\/product_brand?post=46429"},{"taxonomy":"product_cat","embeddable":true,"href":"https:\/\/wydawnictwo.ug.edu.pl\/en\/wp-json\/wp\/v2\/product_cat?post=46429"},{"taxonomy":"product_tag","embeddable":true,"href":"https:\/\/wydawnictwo.ug.edu.pl\/en\/wp-json\/wp\/v2\/product_tag?post=46429"}],"curies":[{"name":"wp","href":"https:\/\/api.w.org\/{rel}","templated":true}]}}