{"id":46427,"date":"2019-12-01T00:00:00","date_gmt":"2019-12-01T00:00:00","guid":{"rendered":"https:\/\/wydawnictwo.ug.edu.pl\/ksiegarnia-online\/uncategorized\/decyzje-menedzerskie-w-logistyce\/"},"modified":"2026-02-11T14:24:29","modified_gmt":"2026-02-11T14:24:29","slug":"decyzje-menedzerskie-w-logistyce","status":"publish","type":"product","link":"https:\/\/wydawnictwo.ug.edu.pl\/en\/ksiegarnia-online\/ekonomia\/decyzje-menedzerskie-w-logistyce\/","title":{"rendered":"Decyzje mened\u017cerskie w logistyce"},"content":{"rendered":"","protected":false},"excerpt":{"rendered":"<p>Ksi\u0105\u017cka\u00a0<em>Decyzje mened\u017cerskie w logistyce<\/em>\u00a0jest interesuj\u0105cym i dojrza\u0142ym uj\u0119ciem tre\u015bci niezb\u0119dnych do wyposa\u017cenia w odpowiednie kompetencje, wiedz\u0119 i umiej\u0119tno\u015bci student\u00f3w kierunk\u00f3w logistycznych. Powinna ona znale\u017a\u0107 uznanie zar\u00f3wno w\u015br\u00f3d kadry dydaktycznej, jak i student\u00f3w studi\u00f3w logistycznych pierwszego i drugiego stopnia, gdy\u017c prezentowane zagadnienia nawi\u0105zuj\u0105 do tre\u015bci r\u00f3\u017cnych przedmiot\u00f3w na studiach z obszaru zarz\u0105dzania i ekonomii, takich jak: ekonometria, prognozowanie gospodarcze i badania operacyjne, tworz\u0105c pewnego rodzaju pomost pomi\u0119dzy przedmiotami og\u00f3lnymi na kierunkach ekonomicznych i przedmiotami specjalno\u015bciowymi. Ksi\u0105\u017cka ponadto oferuje wiele oryginalnych uj\u0119\u0107 i spostrze\u017ce\u0144, w tym b\u0119d\u0105cych rezultatem bada\u0144 w\u0142asnych Autora, stanowi\u0105c dojrza\u0142e kompendium wiedzy z zakresu prognozowania i optymalizacji w logistyce.<\/p>\n<p><em>Z recenzji dr hab. Joanny Bruzdy, prof. UMK<\/em><\/p>\n<p>Ksi\u0105\u017cka finansowana w ramach Programu ProUG.<\/p>\n","protected":false},"featured_media":15774,"template":"","meta":{"_acf_changed":false},"journal":[],"rodzaj":[],"seria":[],"product_brand":[],"product_cat":[6934],"product_tag":[7861],"class_list":{"0":"post-46427","1":"product","2":"type-product","3":"status-publish","4":"has-post-thumbnail","6":"product_cat-ekonomia","7":"product_tag-leszek-reszkaleszek-reszka","9":"first","10":"instock","11":"taxable","12":"shipping-taxable","13":"purchasable","14":"product-type-external"},"acf":[],"_links":{"self":[{"href":"https:\/\/wydawnictwo.ug.edu.pl\/en\/wp-json\/wp\/v2\/product\/46427","targetHints":{"allow":["GET"]}}],"collection":[{"href":"https:\/\/wydawnictwo.ug.edu.pl\/en\/wp-json\/wp\/v2\/product"}],"about":[{"href":"https:\/\/wydawnictwo.ug.edu.pl\/en\/wp-json\/wp\/v2\/types\/product"}],"wp:featuredmedia":[{"embeddable":true,"href":"https:\/\/wydawnictwo.ug.edu.pl\/en\/wp-json\/wp\/v2\/media\/15774"}],"wp:attachment":[{"href":"https:\/\/wydawnictwo.ug.edu.pl\/en\/wp-json\/wp\/v2\/media?parent=46427"}],"wp:term":[{"taxonomy":"journal","embeddable":true,"href":"https:\/\/wydawnictwo.ug.edu.pl\/en\/wp-json\/wp\/v2\/journal?post=46427"},{"taxonomy":"rodzaj","embeddable":true,"href":"https:\/\/wydawnictwo.ug.edu.pl\/en\/wp-json\/wp\/v2\/rodzaj?post=46427"},{"taxonomy":"seria","embeddable":true,"href":"https:\/\/wydawnictwo.ug.edu.pl\/en\/wp-json\/wp\/v2\/seria?post=46427"},{"taxonomy":"product_brand","embeddable":true,"href":"https:\/\/wydawnictwo.ug.edu.pl\/en\/wp-json\/wp\/v2\/product_brand?post=46427"},{"taxonomy":"product_cat","embeddable":true,"href":"https:\/\/wydawnictwo.ug.edu.pl\/en\/wp-json\/wp\/v2\/product_cat?post=46427"},{"taxonomy":"product_tag","embeddable":true,"href":"https:\/\/wydawnictwo.ug.edu.pl\/en\/wp-json\/wp\/v2\/product_tag?post=46427"}],"curies":[{"name":"wp","href":"https:\/\/api.w.org\/{rel}","templated":true}]}}