{"id":46426,"date":"2019-12-01T00:00:00","date_gmt":"2019-12-01T00:00:00","guid":{"rendered":"https:\/\/wydawnictwo.ug.edu.pl\/ksiegarnia-online\/uncategorized\/ekonomika-transportu-morskiego-i-polityka-zeglugowa\/"},"modified":"2026-02-11T14:24:00","modified_gmt":"2026-02-11T14:24:00","slug":"ekonomika-transportu-morskiego-i-polityka-zeglugowa","status":"publish","type":"product","link":"https:\/\/wydawnictwo.ug.edu.pl\/en\/ksiegarnia-online\/ekonomia\/ekonomika-transportu-morskiego-i-polityka-zeglugowa\/","title":{"rendered":"Ekonomika transportu morskiego i polityka \u017ceglugowa"},"content":{"rendered":"","protected":false},"excerpt":{"rendered":"<p>Ekonomika transportu morskiego zajmuje si\u0119 prawid\u0142owo\u015bciami ekonomicznymi zachodz\u0105cymi w toku produkcji i wymiany us\u0142ug transportu morskiego, a polityka \u017ceglugowa \u2013 sposobami i \u015brodkami takiego kszta\u0142towania warunk\u00f3w dzia\u0142alno\u015bci morskiej \u017ceglugi handlowej, aby osi\u0105ga\u0107 cele zgodne z interesami pa\u0144stw prowadz\u0105cych t\u0119 polityk\u0119. Oba te obszary wiedzy s\u0105 obj\u0119te opracowanym przeze mnie programem (uszczuplonym w stosunku do wcze\u015bniejszego ze wzgl\u0119du na konieczno\u015b\u0107 dostosowania go do zmniejszonej liczby godzin) przedmiotu pod nazw\u0105 ekonomika transportu morskiego i polityka \u017ceglugowa, wyk\u0142adanego na specjalno\u015bci mi\u0119dzynarodowy transport i handel morski, prowadzonej przez dawny Instytut, a obecnie Katedr\u0119 Transportu i Handlu Morskiego na Wydziale Ekonomicznym Uniwersytetu Gda\u0144skiego. To obja\u015bnia zar\u00f3wno tytu\u0142, jak i autorstwo tej ksi\u0105\u017cki, kt\u00f3rej celem jest przedstawienie w formie podr\u0119cznikowej, a wi\u0119c w spos\u00f3b uporz\u0105dkowany i zarazem przyst\u0119pny, najwa\u017cniejszych zagadnie\u0144 wyk\u0142adanych w ramach tego przedmiotu.<\/p>\n","protected":false},"featured_media":16167,"template":"","meta":{"_acf_changed":false},"journal":[],"rodzaj":[],"seria":[],"product_brand":[],"product_cat":[6934],"product_tag":[7884],"class_list":{"0":"post-46426","1":"product","2":"type-product","3":"status-publish","4":"has-post-thumbnail","6":"product_cat-ekonomia","7":"product_tag-jerzy-kujawajerzy-kujawa","8":"pa_rok-wydania-2020-en","10":"first","11":"instock","12":"taxable","13":"shipping-taxable","14":"product-type-simple"},"acf":[],"_links":{"self":[{"href":"https:\/\/wydawnictwo.ug.edu.pl\/en\/wp-json\/wp\/v2\/product\/46426","targetHints":{"allow":["GET"]}}],"collection":[{"href":"https:\/\/wydawnictwo.ug.edu.pl\/en\/wp-json\/wp\/v2\/product"}],"about":[{"href":"https:\/\/wydawnictwo.ug.edu.pl\/en\/wp-json\/wp\/v2\/types\/product"}],"wp:featuredmedia":[{"embeddable":true,"href":"https:\/\/wydawnictwo.ug.edu.pl\/en\/wp-json\/wp\/v2\/media\/16167"}],"wp:attachment":[{"href":"https:\/\/wydawnictwo.ug.edu.pl\/en\/wp-json\/wp\/v2\/media?parent=46426"}],"wp:term":[{"taxonomy":"journal","embeddable":true,"href":"https:\/\/wydawnictwo.ug.edu.pl\/en\/wp-json\/wp\/v2\/journal?post=46426"},{"taxonomy":"rodzaj","embeddable":true,"href":"https:\/\/wydawnictwo.ug.edu.pl\/en\/wp-json\/wp\/v2\/rodzaj?post=46426"},{"taxonomy":"seria","embeddable":true,"href":"https:\/\/wydawnictwo.ug.edu.pl\/en\/wp-json\/wp\/v2\/seria?post=46426"},{"taxonomy":"product_brand","embeddable":true,"href":"https:\/\/wydawnictwo.ug.edu.pl\/en\/wp-json\/wp\/v2\/product_brand?post=46426"},{"taxonomy":"product_cat","embeddable":true,"href":"https:\/\/wydawnictwo.ug.edu.pl\/en\/wp-json\/wp\/v2\/product_cat?post=46426"},{"taxonomy":"product_tag","embeddable":true,"href":"https:\/\/wydawnictwo.ug.edu.pl\/en\/wp-json\/wp\/v2\/product_tag?post=46426"}],"curies":[{"name":"wp","href":"https:\/\/api.w.org\/{rel}","templated":true}]}}