{"id":46425,"date":"2019-12-01T00:00:00","date_gmt":"2019-12-01T00:00:00","guid":{"rendered":"https:\/\/wydawnictwo.ug.edu.pl\/ksiegarnia-online\/uncategorized\/rola-listow-zastawnych-w-zwiekszaniu-stabilnosci-polskiego-systemu-finansowego\/"},"modified":"2026-02-11T14:24:19","modified_gmt":"2026-02-11T14:24:19","slug":"rola-listow-zastawnych-w-zwiekszaniu-stabilnosci-polskiego-systemu-finansowego","status":"publish","type":"product","link":"https:\/\/wydawnictwo.ug.edu.pl\/en\/ksiegarnia-online\/zarzadzanie\/rola-listow-zastawnych-w-zwiekszaniu-stabilnosci-polskiego-systemu-finansowego\/","title":{"rendered":"Rola list\u00f3w zastawnych w zwi\u0119kszaniu stabilno\u015bci polskiego systemu finansowego"},"content":{"rendered":"","protected":false},"excerpt":{"rendered":"<p>Ksi\u0105\u017cka powsta\u0142a na podstawie rozprawy doktorskiej napisanej pod kierunkiem dr. hab. Leszka Paw\u0142owicza, prof. UG, kt\u00f3ra si\u0119 znalaz\u0142a w gronie laureat\u00f3w VI edycji Konkursu o\u00a0Nagrod\u0119 Prezesa NBP za najlepsz\u0105 prac\u0119 doktorsk\u0105 i habilitacyjn\u0105 z zakresu nauk ekonomicznych. W 2020 r. wesz\u0142y w \u017cycie regulacje harmonizuj\u0105ce europejski rynek list\u00f3w zastawnych, do kt\u00f3rych powstania wnie\u015bli wk\u0142ad polscy eksperci. Ich opinie przedstawiono w niniejszej monografii.<\/p>\n<p>Obecny kryzys, spowodowany pandemi\u0105 COVID-19, sprawia, \u017ce z tym wi\u0119ksz\u0105 uwag\u0105 powinni\u015bmy si\u0119 zastanowi\u0107 nad problemem niedorozwoju polskiego rynku list\u00f3w zastawnych. Jego odblokowanie jest wa\u017cne z kilku powod\u00f3w. Z jednej strony pozwala\u0142oby to na istotne zwi\u0119kszenie rozmiar\u00f3w wsparcia tarczy antykryzysowej, tak niezb\u0119dnej dla ochro-ny polskiej gospodarki, jednocze\u015bnie z drugiej dawa\u0142oby szans\u0119 na rozwi\u0105zanie trzech ryzyk systemowych polskiego sektora bankowego: strukturalnej luki p\u0142ynno\u015bci, problemu kredyt\u00f3w frankowych oraz monokultury zmiennej stopy procentowej.<\/p>\n<p>List zastawny jest szczeg\u00f3ln\u0105 obligacj\u0105 zabezpieczon\u0105, \u015bci\u015ble regulowan\u0105 i bardzo bezpieczn\u0105 dla inwestora. W ponad 250-letniej historii listu zastawnego nie by\u0142o przypadku jego niewyp\u0142acalno\u015bci, mimo \u017ce w tym czasie dosz\u0142o na \u015bwiecie do bardzo wielu kryzys\u00f3w. Poprzedni globalny kryzys finansowy, kt\u00f3ry mia\u0142 miejsce w latach lat 2007\u20132009, potwierdzi\u0142, \u017ce list zastawny to jedyny instrument zapewniaj\u0105cy bankom ci\u0105g\u0142o\u015b\u0107 d\u0142ugoterminowego i stosunkowo taniego finansowania. Co charakterystyczne, w szczycie poprzedniego kryzysu koszt pozyskania finansowania przez banki za pomoc\u0105 list\u00f3w zastawnych z kraj\u00f3w szczeg\u00f3lnie nim dotkni\u0119tych by\u0142 ni\u017cszy od koszt\u00f3w d\u0142ugu pa\u0144stwowego, a kolejne kraje, jak np. Norwegia, zbudowa\u0142y niemal od podstaw swoje rynki list\u00f3w zastawnych. Podobna szansa stoi obecnie przed Polsk\u0105.<\/p>\n","protected":false},"featured_media":16041,"template":"","meta":{"_acf_changed":false},"journal":[],"rodzaj":[],"seria":[],"product_brand":[],"product_cat":[6942],"product_tag":[],"class_list":{"0":"post-46425","1":"product","2":"type-product","3":"status-publish","4":"has-post-thumbnail","6":"product_cat-zarzadzanie","7":"pa_rok-wydania-2020-en","9":"first","10":"outofstock","11":"taxable","12":"shipping-taxable","13":"purchasable","14":"product-type-simple"},"acf":[],"_links":{"self":[{"href":"https:\/\/wydawnictwo.ug.edu.pl\/en\/wp-json\/wp\/v2\/product\/46425","targetHints":{"allow":["GET"]}}],"collection":[{"href":"https:\/\/wydawnictwo.ug.edu.pl\/en\/wp-json\/wp\/v2\/product"}],"about":[{"href":"https:\/\/wydawnictwo.ug.edu.pl\/en\/wp-json\/wp\/v2\/types\/product"}],"wp:featuredmedia":[{"embeddable":true,"href":"https:\/\/wydawnictwo.ug.edu.pl\/en\/wp-json\/wp\/v2\/media\/16041"}],"wp:attachment":[{"href":"https:\/\/wydawnictwo.ug.edu.pl\/en\/wp-json\/wp\/v2\/media?parent=46425"}],"wp:term":[{"taxonomy":"journal","embeddable":true,"href":"https:\/\/wydawnictwo.ug.edu.pl\/en\/wp-json\/wp\/v2\/journal?post=46425"},{"taxonomy":"rodzaj","embeddable":true,"href":"https:\/\/wydawnictwo.ug.edu.pl\/en\/wp-json\/wp\/v2\/rodzaj?post=46425"},{"taxonomy":"seria","embeddable":true,"href":"https:\/\/wydawnictwo.ug.edu.pl\/en\/wp-json\/wp\/v2\/seria?post=46425"},{"taxonomy":"product_brand","embeddable":true,"href":"https:\/\/wydawnictwo.ug.edu.pl\/en\/wp-json\/wp\/v2\/product_brand?post=46425"},{"taxonomy":"product_cat","embeddable":true,"href":"https:\/\/wydawnictwo.ug.edu.pl\/en\/wp-json\/wp\/v2\/product_cat?post=46425"},{"taxonomy":"product_tag","embeddable":true,"href":"https:\/\/wydawnictwo.ug.edu.pl\/en\/wp-json\/wp\/v2\/product_tag?post=46425"}],"curies":[{"name":"wp","href":"https:\/\/api.w.org\/{rel}","templated":true}]}}