{"id":46422,"date":"2019-12-01T00:00:00","date_gmt":"2019-12-01T00:00:00","guid":{"rendered":"https:\/\/wydawnictwo.ug.edu.pl\/ksiegarnia-online\/uncategorized\/determinanty-rozwoju-europejskich-gieldowych-rynkow-dluznych-instrumentow-finansowych\/"},"modified":"2026-02-11T14:24:02","modified_gmt":"2026-02-11T14:24:02","slug":"determinanty-rozwoju-europejskich-gieldowych-rynkow-dluznych-instrumentow-finansowych","status":"publish","type":"product","link":"https:\/\/wydawnictwo.ug.edu.pl\/en\/ksiegarnia-online\/ekonomia\/determinanty-rozwoju-europejskich-gieldowych-rynkow-dluznych-instrumentow-finansowych\/","title":{"rendered":"Determinanty rozwoju europejskich gie\u0142dowych rynk\u00f3w d\u0142u\u017cnych instrument\u00f3w finansowych"},"content":{"rendered":"","protected":false},"excerpt":{"rendered":"<p>Rynek d\u0142u\u017cnych instrument\u00f3w finansowych, jak i ca\u0142y rynek finansowy, stanowi filar gospodarki rynkowej. Niezb\u0119dne jest zatem prowadzenie bada\u0144 ukierunkowanych na sta\u0142e doskonalenie funkcjonowania tego rynku w wymiarze narz\u0119dziowym, instytucjonalnym i organizacyjnym. W opracowaniu dokonano identyfikacji i oceny czynnik\u00f3w determinuj\u0105cych rozw\u00f3j rynk\u00f3w d\u0142u\u017cnych instrument\u00f3w finansowych organizowanych przez gie\u0142dy papier\u00f3w warto\u015bciowych. Analizie poddano 15 gie\u0142d europejskich. Celem przeprowadzonych bada\u0144 jest opracowanie koncepcji modelu funkcjonowania gie\u0142dowego rynku d\u0142u\u017cnych instrument\u00f3w finansowych. Uzasadnieniem podj\u0119tych bada\u0144 jest ogromne znaczenie funkcjonowania dobrze rozwini\u0119tego rynku instrument\u00f3w d\u0142u\u017cnych dla systemu finansowego i gospodarki kraju. W odr\u00f3\u017cnieniu jednak od innych bada\u0144 po\u015bwi\u0119conych instrumentom d\u0142u\u017cnym prowadzonym w oparciu o dane statystyczne Banku Rozrachunk\u00f3w Mi\u0119dzynarodowych w niniejszym opracowaniu analiz\u0105 obj\u0119to gie\u0142dy papier\u00f3w warto\u015bciowych jako g\u0142\u00f3wnych organizator\u00f3w obrotu papierami warto\u015bciowymi w systemie finansowym.<\/p>\n","protected":false},"featured_media":16163,"template":"","meta":{"_acf_changed":false},"journal":[],"rodzaj":[],"seria":[],"product_brand":[],"product_cat":[6934],"product_tag":[7881],"class_list":{"0":"post-46422","1":"product","2":"type-product","3":"status-publish","4":"has-post-thumbnail","6":"product_cat-ekonomia","7":"product_tag-magdalena-mosionek-schweda","9":"first","10":"outofstock","11":"taxable","12":"shipping-taxable","13":"product-type-simple"},"acf":[],"_links":{"self":[{"href":"https:\/\/wydawnictwo.ug.edu.pl\/en\/wp-json\/wp\/v2\/product\/46422","targetHints":{"allow":["GET"]}}],"collection":[{"href":"https:\/\/wydawnictwo.ug.edu.pl\/en\/wp-json\/wp\/v2\/product"}],"about":[{"href":"https:\/\/wydawnictwo.ug.edu.pl\/en\/wp-json\/wp\/v2\/types\/product"}],"wp:featuredmedia":[{"embeddable":true,"href":"https:\/\/wydawnictwo.ug.edu.pl\/en\/wp-json\/wp\/v2\/media\/16163"}],"wp:attachment":[{"href":"https:\/\/wydawnictwo.ug.edu.pl\/en\/wp-json\/wp\/v2\/media?parent=46422"}],"wp:term":[{"taxonomy":"journal","embeddable":true,"href":"https:\/\/wydawnictwo.ug.edu.pl\/en\/wp-json\/wp\/v2\/journal?post=46422"},{"taxonomy":"rodzaj","embeddable":true,"href":"https:\/\/wydawnictwo.ug.edu.pl\/en\/wp-json\/wp\/v2\/rodzaj?post=46422"},{"taxonomy":"seria","embeddable":true,"href":"https:\/\/wydawnictwo.ug.edu.pl\/en\/wp-json\/wp\/v2\/seria?post=46422"},{"taxonomy":"product_brand","embeddable":true,"href":"https:\/\/wydawnictwo.ug.edu.pl\/en\/wp-json\/wp\/v2\/product_brand?post=46422"},{"taxonomy":"product_cat","embeddable":true,"href":"https:\/\/wydawnictwo.ug.edu.pl\/en\/wp-json\/wp\/v2\/product_cat?post=46422"},{"taxonomy":"product_tag","embeddable":true,"href":"https:\/\/wydawnictwo.ug.edu.pl\/en\/wp-json\/wp\/v2\/product_tag?post=46422"}],"curies":[{"name":"wp","href":"https:\/\/api.w.org\/{rel}","templated":true}]}}