{"id":46421,"date":"2020-12-30T00:00:00","date_gmt":"2020-12-30T00:00:00","guid":{"rendered":"https:\/\/wydawnictwo.ug.edu.pl\/ksiegarnia-online\/uncategorized\/antoni-sygietynski-inicjator-i-wspoltworca-przelomu-naturalistycznego-w-polskiej-estetyce-i-krytyce-artystycznej\/"},"modified":"2026-02-11T14:20:32","modified_gmt":"2026-02-11T14:20:32","slug":"antoni-sygietynski-inicjator-i-wspoltworca-przelomu-naturalistycznego-w-polskiej-estetyce-i-krytyce-artystycznej","status":"publish","type":"product","link":"https:\/\/wydawnictwo.ug.edu.pl\/en\/ksiegarnia-online\/filozofia\/antoni-sygietynski-inicjator-i-wspoltworca-przelomu-naturalistycznego-w-polskiej-estetyce-i-krytyce-artystycznej\/","title":{"rendered":"Antoni Sygiety\u0144ski \u2013 inicjator i wsp\u00f3\u0142tw\u00f3rca prze\u0142omu naturalistycznego w polskiej estetyce i krytyce artystycznej"},"content":{"rendered":"","protected":false},"excerpt":{"rendered":"<p>Przedmiotem ksi\u0105\u017cki jest rekonstrukcja i analiza pogl\u0105d\u00f3w na temat sztuki zawartych w publikacjach Antoniego Sygiety\u0144skiego \u2013 najbardziej wszechstronnego, p\u0142odnego i nowatorskiego pisarza ostatniej \u0107wierci XIX wieku w kulturze polskiej zajmuj\u0105cego si\u0119 sztuk\u0105. Dokonania Sygiety\u0144skiego uj\u0119te s\u0105 w kontek\u015bcie dominuj\u0105cych przekona\u0144 w zakresie estetyki i krytyki artystycznej epoki, w kt\u00f3rej Sygiety\u0144ski by\u0142 aktywny. Wykazano jego prekursorsk\u0105 rol\u0119 w procesie g\u0142\u0119bokich przemian w spo\u0142ecznej \u015bwiadomo\u015bci metaartystycznej, okre\u015blanych w literaturze naukowej mianem \u201eprze\u0142omu naturalistycznego\u201d. Analizie poddano tak\u017ce polemiki, jakie w obronie swych pogl\u0105d\u00f3w stoczy\u0142 z oponentami, w tym ze swym wcze\u015bniejszym najbli\u017cszym wsp\u00f3\u0142pracownikiem i sojusznikiem w dziele prze\u0142omu naturalistycznego \u2013 Stanis\u0142awem Witkiewiczem. Zbadano r\u00f3wnie\u017c paradoksaln\u0105 rol\u0119, jak\u0105 koncepcja naturalistyczna odegra\u0142a w nast\u0119pnym prze\u0142omie w polskiej my\u015bli metaartystycznej \u2013 \u201eprze\u0142omie antynaturalistycznym\u201d, kt\u00f3ry rozpocz\u0105\u0142 si\u0119 na prze\u0142omie XIX\/XX wieku, a dope\u0142ni\u0142 si\u0119 po I wojnie \u015bwiatowej, i kt\u00f3ry ukszta\u0142towa\u0142 polsk\u0105 estetyk\u0119 oraz krytyk\u0119 artystyczn\u0105, jak r\u00f3wnie\u017c sztuk\u0119, w okresie mi\u0119dzywojennym. Analizy przywo\u0142anych tekst\u00f3w dokonane s\u0105 przy u\u017cyciu opracowanej przez autora nowatorskiej metodologii \u2013 koncepcji dyskurs\u00f3w konstatywnych i performatywnych, prezentowanej w ostatnich latach na konferencjach naukowych i publikowanej w materia\u0142ach pokonferencyjnych.<\/p>\n","protected":false},"featured_media":17747,"template":"","meta":{"_acf_changed":false},"journal":[],"rodzaj":[7074],"seria":[],"product_brand":[],"product_cat":[6931],"product_tag":[7389],"class_list":{"0":"post-46421","1":"product","2":"type-product","3":"status-publish","4":"has-post-thumbnail","6":"rodzaj-ksiazki","7":"product_cat-filozofia","8":"product_tag-jozef-tarnowski","9":"pa_rok-wydania-2021-en","11":"first","12":"instock","13":"taxable","14":"shipping-taxable","15":"purchasable","16":"product-type-simple"},"acf":[],"_links":{"self":[{"href":"https:\/\/wydawnictwo.ug.edu.pl\/en\/wp-json\/wp\/v2\/product\/46421","targetHints":{"allow":["GET"]}}],"collection":[{"href":"https:\/\/wydawnictwo.ug.edu.pl\/en\/wp-json\/wp\/v2\/product"}],"about":[{"href":"https:\/\/wydawnictwo.ug.edu.pl\/en\/wp-json\/wp\/v2\/types\/product"}],"wp:featuredmedia":[{"embeddable":true,"href":"https:\/\/wydawnictwo.ug.edu.pl\/en\/wp-json\/wp\/v2\/media\/17747"}],"wp:attachment":[{"href":"https:\/\/wydawnictwo.ug.edu.pl\/en\/wp-json\/wp\/v2\/media?parent=46421"}],"wp:term":[{"taxonomy":"journal","embeddable":true,"href":"https:\/\/wydawnictwo.ug.edu.pl\/en\/wp-json\/wp\/v2\/journal?post=46421"},{"taxonomy":"rodzaj","embeddable":true,"href":"https:\/\/wydawnictwo.ug.edu.pl\/en\/wp-json\/wp\/v2\/rodzaj?post=46421"},{"taxonomy":"seria","embeddable":true,"href":"https:\/\/wydawnictwo.ug.edu.pl\/en\/wp-json\/wp\/v2\/seria?post=46421"},{"taxonomy":"product_brand","embeddable":true,"href":"https:\/\/wydawnictwo.ug.edu.pl\/en\/wp-json\/wp\/v2\/product_brand?post=46421"},{"taxonomy":"product_cat","embeddable":true,"href":"https:\/\/wydawnictwo.ug.edu.pl\/en\/wp-json\/wp\/v2\/product_cat?post=46421"},{"taxonomy":"product_tag","embeddable":true,"href":"https:\/\/wydawnictwo.ug.edu.pl\/en\/wp-json\/wp\/v2\/product_tag?post=46421"}],"curies":[{"name":"wp","href":"https:\/\/api.w.org\/{rel}","templated":true}]}}