{"id":46418,"date":"2021-08-20T12:45:37","date_gmt":"2021-08-20T12:45:37","guid":{"rendered":"https:\/\/wydawnictwo.ug.edu.pl\/ksiegarnia-online\/uncategorized\/globalne-prawo-srodowiska-podstawowe-zagadnienia\/"},"modified":"2026-02-11T14:20:26","modified_gmt":"2026-02-11T14:20:26","slug":"globalne-prawo-srodowiska-podstawowe-zagadnienia","status":"publish","type":"product","link":"https:\/\/wydawnictwo.ug.edu.pl\/en\/ksiegarnia-online\/prawo-i-administracja\/globalne-prawo-srodowiska-podstawowe-zagadnienia\/","title":{"rendered":"Globalne prawo \u015brodowiska. Podstawowe zagadnienia"},"content":{"rendered":"","protected":false},"excerpt":{"rendered":"<p>W monografii przedstawiono koncepcj\u0119, zasady i w\u0119z\u0142owe problemy globalnego prawa ochrony \u015brodowiska. Przeanalizowano przepisy Konstytucji Rzeczypospolitej Polskiej dotycz\u0105ce ochrony \u015brodowiska w kontek\u015bcie rozwi\u0105zywania globalnych problem\u00f3w \u015brodowiskowych. Ukazano te\u017c odpowiedzialno\u015b\u0107 pa\u0144stwa za szkody powsta\u0142e w \u015brodowisku, w tym szkody j\u0105drowe.<\/p>\n<p>Publikacja stanowi pr\u00f3b\u0119 odpowiedzi na pytania og\u00f3lniejszej natury, takie jak: czy zapewnione jest bezpiecze\u0144stwo ekologiczne dla obecnych\u00a0 i przysz\u0142ych pokole\u0144, czy zagwarantowana jest realizacja prawa cz\u0142owieka do \u017cycia w ekologicznie odpowiednim \u015brodowisku, dlaczego realizacja zasady zr\u00f3wnowa\u017conego rozwoju napotyka wiele trudno\u015bci w praktyce.<\/p>\n","protected":false},"featured_media":15352,"template":"","meta":{"_acf_changed":false},"journal":[],"rodzaj":[2602],"seria":[],"product_brand":[],"product_cat":[232],"product_tag":[399],"class_list":{"0":"post-46418","1":"product","2":"type-product","3":"status-publish","4":"has-post-thumbnail","6":"rodzaj-ksiazki","7":"product_cat-prawo-i-administracja","8":"product_tag-janina-ciechanowicz-mclean","10":"first","11":"instock","12":"taxable","13":"shipping-taxable","14":"product-type-simple"},"acf":[],"_links":{"self":[{"href":"https:\/\/wydawnictwo.ug.edu.pl\/en\/wp-json\/wp\/v2\/product\/46418","targetHints":{"allow":["GET"]}}],"collection":[{"href":"https:\/\/wydawnictwo.ug.edu.pl\/en\/wp-json\/wp\/v2\/product"}],"about":[{"href":"https:\/\/wydawnictwo.ug.edu.pl\/en\/wp-json\/wp\/v2\/types\/product"}],"wp:featuredmedia":[{"embeddable":true,"href":"https:\/\/wydawnictwo.ug.edu.pl\/en\/wp-json\/wp\/v2\/media\/15352"}],"wp:attachment":[{"href":"https:\/\/wydawnictwo.ug.edu.pl\/en\/wp-json\/wp\/v2\/media?parent=46418"}],"wp:term":[{"taxonomy":"journal","embeddable":true,"href":"https:\/\/wydawnictwo.ug.edu.pl\/en\/wp-json\/wp\/v2\/journal?post=46418"},{"taxonomy":"rodzaj","embeddable":true,"href":"https:\/\/wydawnictwo.ug.edu.pl\/en\/wp-json\/wp\/v2\/rodzaj?post=46418"},{"taxonomy":"seria","embeddable":true,"href":"https:\/\/wydawnictwo.ug.edu.pl\/en\/wp-json\/wp\/v2\/seria?post=46418"},{"taxonomy":"product_brand","embeddable":true,"href":"https:\/\/wydawnictwo.ug.edu.pl\/en\/wp-json\/wp\/v2\/product_brand?post=46418"},{"taxonomy":"product_cat","embeddable":true,"href":"https:\/\/wydawnictwo.ug.edu.pl\/en\/wp-json\/wp\/v2\/product_cat?post=46418"},{"taxonomy":"product_tag","embeddable":true,"href":"https:\/\/wydawnictwo.ug.edu.pl\/en\/wp-json\/wp\/v2\/product_tag?post=46418"}],"curies":[{"name":"wp","href":"https:\/\/api.w.org\/{rel}","templated":true}]}}