{"id":46415,"date":"2021-08-25T09:57:52","date_gmt":"2021-08-25T09:57:52","guid":{"rendered":"https:\/\/wydawnictwo.ug.edu.pl\/ksiegarnia-online\/uncategorized\/perswazja-jezykowa-w-roznych-dyskursach-tom-5\/"},"modified":"2026-02-11T14:17:22","modified_gmt":"2026-02-11T14:17:22","slug":"perswazja-jezykowa-w-roznych-dyskursach-tom-5","status":"publish","type":"product","link":"https:\/\/wydawnictwo.ug.edu.pl\/en\/ksiegarnia-online\/jezykoznawstwo\/perswazja-jezykowa-w-roznych-dyskursach-tom-5\/","title":{"rendered":"Perswazja j\u0119zykowa w r\u00f3\u017cnych dyskursach. Tom 5"},"content":{"rendered":"","protected":false},"excerpt":{"rendered":"<p>Dynamiczne zmiany zachodz\u0105ce w paradygmacie nowej sytuacji socjokulturowej i mocno stechnicyzowanych nowoczesnych medi\u00f3w masowych implikuj\u0105 z\u0142o\u017con\u0105 refleksj\u0119 o aspektach sztuki komunikacji perswazyjnej i pozwalaj\u0105 na nowo odczyta\u0107 znane s\u0142owa Hansa Georga Gadamera: \u201eKto ma j\u0119zyk, ten \u00abma\u00bb \u015bwiat\u201d. Wielowymiarowo\u015b\u0107 podej\u015bcia do pragmatykonu mechanizm\u00f3w oddzia\u0142ywania j\u0119zykowego, opieraj\u0105cego si\u0119 na idei rozumienia mowy jako narz\u0119dzia inicjuj\u0105cego dzia\u0142alno\u015b\u0107 kognitywn\u0105 i behawioraln\u0105 cz\u0142owieka, sk\u0142oni\u0142a do refleksji nad komunikacj\u0105 sugestywn\u0105 i manipulacyjn\u0105 przedstawicieli r\u00f3\u017cnych dziedzin naukowych i szk\u00f3\u0142 badawczych \u2013 lingwist\u00f3w, medioznawc\u00f3w, literaturoznawc\u00f3w, psycholog\u00f3w, politolog\u00f3w, socjolog\u00f3w, historyk\u00f3w sztuki i pedagog\u00f3w \u2013 z o\u015brodk\u00f3w polskich i zagranicznych.<\/p>\n","protected":false},"featured_media":15081,"template":"","meta":{"_acf_changed":false},"journal":[],"rodzaj":[7074],"seria":[],"product_brand":[],"product_cat":[6924],"product_tag":[],"class_list":{"0":"post-46415","1":"product","2":"type-product","3":"status-publish","4":"has-post-thumbnail","6":"rodzaj-ksiazki","7":"product_cat-jezykoznawstwo","9":"first","10":"outofstock","11":"taxable","12":"shipping-taxable","13":"purchasable","14":"product-type-simple"},"acf":[],"_links":{"self":[{"href":"https:\/\/wydawnictwo.ug.edu.pl\/en\/wp-json\/wp\/v2\/product\/46415","targetHints":{"allow":["GET"]}}],"collection":[{"href":"https:\/\/wydawnictwo.ug.edu.pl\/en\/wp-json\/wp\/v2\/product"}],"about":[{"href":"https:\/\/wydawnictwo.ug.edu.pl\/en\/wp-json\/wp\/v2\/types\/product"}],"wp:featuredmedia":[{"embeddable":true,"href":"https:\/\/wydawnictwo.ug.edu.pl\/en\/wp-json\/wp\/v2\/media\/15081"}],"wp:attachment":[{"href":"https:\/\/wydawnictwo.ug.edu.pl\/en\/wp-json\/wp\/v2\/media?parent=46415"}],"wp:term":[{"taxonomy":"journal","embeddable":true,"href":"https:\/\/wydawnictwo.ug.edu.pl\/en\/wp-json\/wp\/v2\/journal?post=46415"},{"taxonomy":"rodzaj","embeddable":true,"href":"https:\/\/wydawnictwo.ug.edu.pl\/en\/wp-json\/wp\/v2\/rodzaj?post=46415"},{"taxonomy":"seria","embeddable":true,"href":"https:\/\/wydawnictwo.ug.edu.pl\/en\/wp-json\/wp\/v2\/seria?post=46415"},{"taxonomy":"product_brand","embeddable":true,"href":"https:\/\/wydawnictwo.ug.edu.pl\/en\/wp-json\/wp\/v2\/product_brand?post=46415"},{"taxonomy":"product_cat","embeddable":true,"href":"https:\/\/wydawnictwo.ug.edu.pl\/en\/wp-json\/wp\/v2\/product_cat?post=46415"},{"taxonomy":"product_tag","embeddable":true,"href":"https:\/\/wydawnictwo.ug.edu.pl\/en\/wp-json\/wp\/v2\/product_tag?post=46415"}],"curies":[{"name":"wp","href":"https:\/\/api.w.org\/{rel}","templated":true}]}}