{"id":46414,"date":"2021-08-25T10:05:04","date_gmt":"2021-08-25T10:05:04","guid":{"rendered":"https:\/\/wydawnictwo.ug.edu.pl\/ksiegarnia-online\/uncategorized\/narzedzia-i-rozwiazania-wykorzystywane-w-kreowaniu-sukcesu-organizacji-w-warunkach-gospodarki-cyfrowej\/"},"modified":"2026-02-11T14:17:25","modified_gmt":"2026-02-11T14:17:25","slug":"narzedzia-i-rozwiazania-wykorzystywane-w-kreowaniu-sukcesu-organizacji-w-warunkach-gospodarki-cyfrowej","status":"publish","type":"product","link":"https:\/\/wydawnictwo.ug.edu.pl\/en\/ksiegarnia-online\/zarzadzanie\/narzedzia-i-rozwiazania-wykorzystywane-w-kreowaniu-sukcesu-organizacji-w-warunkach-gospodarki-cyfrowej\/","title":{"rendered":"Narz\u0119dzia i rozwi\u0105zania wykorzystywane w kreowaniu sukcesu organizacji w warunkach gospodarki cyfrowej"},"content":{"rendered":"","protected":false},"excerpt":{"rendered":"<p>Refleksja nad sukcesem organizacji trwa nieprzerwanie od dw\u00f3ch wiek\u00f3w i jest zwi\u0105zana bezpo\u015brednio z rozwojem organizacji przemys\u0142owych. W czasach niezwyk\u0142ych zmian, gdy informacja dociera szybciej ni\u017c kiedykolwiek wcze\u015bniej, staj\u0105c si\u0119 towarem o bardzo kr\u00f3tkim terminie przydatno\u015bci, a podstawowe zasoby, takie jak: kapita\u0142, wiedza i kluczowe kompetencje, wydaj\u0105 si\u0119 wypierane przez kapita\u0142 relacji mi\u0119dzyorganizacyjnych oraz umiej\u0119tno\u015b\u0107 koncentracji i zaanga\u017cowania, warto ponownie przyjrze\u0107 si\u0119 nie tylko \u017ar\u00f3d\u0142om, ale i narz\u0119dziom sukcesu organizacji. Czy klasyczne modele funkcjonowania organizacji maj\u0105 jeszcze zastosowanie i czy dalej wyja\u015bniaj\u0105 mechanizmy funkcjonowania wsp\u00f3\u0142czesnych przedsi\u0119biorstw? Jaka jest dynamika zmian relacji wewn\u0105trzorganizacyjnych i mi\u0119dzyorganizacyjnych? Kt\u00f3re z uwarunkowa\u0144 zewn\u0119trznych staj\u0105 si\u0119 istotne, a jakie trac\u0105 na znaczeniu? A mo\u017ce w ocenie i analizie funkcjonowania wsp\u00f3\u0142czesnych i przysz\u0142ych organizacji nale\u017cy zwr\u00f3ci\u0107 uwag\u0119 na co\u015b zupe\u0142nie innego? (&#8230;) Zaprezentowane w monografii zagadnienia oraz analizy mo\u017cliwo\u015bci wykorzystania we wsp\u00f3\u0142czesnych organizacjach r\u00f3\u017cnorodnych metod i narz\u0119dzi dla budowania ich sukcesu wskazuj\u0105 na ci\u0105g\u0142\u0105 potrzeb\u0119 poszukiwania nowych, czasami bardziej interdyscyplinarnych rozwi\u0105za\u0144.<\/p>\n","protected":false},"featured_media":15085,"template":"","meta":{"_acf_changed":false},"journal":[],"rodzaj":[],"seria":[],"product_brand":[],"product_cat":[6942],"product_tag":[],"class_list":{"0":"post-46414","1":"product","2":"type-product","3":"status-publish","4":"has-post-thumbnail","6":"product_cat-zarzadzanie","8":"first","9":"outofstock","10":"taxable","11":"shipping-taxable","12":"purchasable","13":"product-type-simple"},"acf":[],"_links":{"self":[{"href":"https:\/\/wydawnictwo.ug.edu.pl\/en\/wp-json\/wp\/v2\/product\/46414","targetHints":{"allow":["GET"]}}],"collection":[{"href":"https:\/\/wydawnictwo.ug.edu.pl\/en\/wp-json\/wp\/v2\/product"}],"about":[{"href":"https:\/\/wydawnictwo.ug.edu.pl\/en\/wp-json\/wp\/v2\/types\/product"}],"wp:featuredmedia":[{"embeddable":true,"href":"https:\/\/wydawnictwo.ug.edu.pl\/en\/wp-json\/wp\/v2\/media\/15085"}],"wp:attachment":[{"href":"https:\/\/wydawnictwo.ug.edu.pl\/en\/wp-json\/wp\/v2\/media?parent=46414"}],"wp:term":[{"taxonomy":"journal","embeddable":true,"href":"https:\/\/wydawnictwo.ug.edu.pl\/en\/wp-json\/wp\/v2\/journal?post=46414"},{"taxonomy":"rodzaj","embeddable":true,"href":"https:\/\/wydawnictwo.ug.edu.pl\/en\/wp-json\/wp\/v2\/rodzaj?post=46414"},{"taxonomy":"seria","embeddable":true,"href":"https:\/\/wydawnictwo.ug.edu.pl\/en\/wp-json\/wp\/v2\/seria?post=46414"},{"taxonomy":"product_brand","embeddable":true,"href":"https:\/\/wydawnictwo.ug.edu.pl\/en\/wp-json\/wp\/v2\/product_brand?post=46414"},{"taxonomy":"product_cat","embeddable":true,"href":"https:\/\/wydawnictwo.ug.edu.pl\/en\/wp-json\/wp\/v2\/product_cat?post=46414"},{"taxonomy":"product_tag","embeddable":true,"href":"https:\/\/wydawnictwo.ug.edu.pl\/en\/wp-json\/wp\/v2\/product_tag?post=46414"}],"curies":[{"name":"wp","href":"https:\/\/api.w.org\/{rel}","templated":true}]}}