{"id":46413,"date":"2021-08-25T10:11:13","date_gmt":"2021-08-25T10:11:13","guid":{"rendered":"https:\/\/wydawnictwo.ug.edu.pl\/ksiegarnia-online\/uncategorized\/polityka-morska-unii-europejskiej-w-zakresie-zrownowazonego-rozwoju-obszarow-morskich\/"},"modified":"2026-02-11T14:17:24","modified_gmt":"2026-02-11T14:17:24","slug":"polityka-morska-unii-europejskiej-w-zakresie-zrownowazonego-rozwoju-obszarow-morskich","status":"publish","type":"product","link":"https:\/\/wydawnictwo.ug.edu.pl\/en\/ksiegarnia-online\/ekonomia\/polityka-morska-unii-europejskiej-w-zakresie-zrownowazonego-rozwoju-obszarow-morskich\/","title":{"rendered":"Polityka morska Unii Europejskiej w zakresie zr\u00f3wnowa\u017conego rozwoju obszar\u00f3w morskich"},"content":{"rendered":"","protected":false},"excerpt":{"rendered":"<p>Niniejsza monografia podejmuje pr\u00f3b\u0119 usystematyzowania dotychczasowej wiedzy w dziedzinie polityki morskiej Unii Europejskiej poprzez zarysowanie czterech podstawowych jej obszar\u00f3w \u2013 strategicznego, kt\u00f3ry wyznacza zakres i kierunek prowadzonej polityki morskiej, narz\u0119dziowego \u2013 poprzez wskazanie najwa\u017cniejszych narz\u0119dzi, jakimi organy Unii Europejskiej pos\u0142uguj\u0105 si\u0119, pro-wadz\u0105c polityk\u0119 morsk\u0105, \u015brodowiskowego \u2013 poprzez r\u00f3\u017cnego rodzaju mechanizmy zarz\u0105dzania i ochrony obszar\u00f3w morskich, oraz planistycznego \u2013 w postaci morskiego planowania przestrzennego, w ramach kt\u00f3rego dokonywa\u0107 si\u0119 b\u0119dzie zarz\u0105dzanie obszarami i konfliktami w sposobach wykorzystywania zasob\u00f3w morskich. Jednak ze wzgl\u0119du na obszerno\u015b\u0107 tych zagadnie\u0144 szczeg\u00f3ln\u0105 uwag\u0119 po\u015bwi\u0119cono kontekstowi rozwoju transportu morskiego oraz ochrony \u015brodowiska morskiego.<\/p>\n","protected":false},"featured_media":15089,"template":"","meta":{"_acf_changed":false},"journal":[],"rodzaj":[],"seria":[],"product_brand":[],"product_cat":[6934],"product_tag":[7435,7436],"class_list":{"0":"post-46413","1":"product","2":"type-product","3":"status-publish","4":"has-post-thumbnail","6":"product_cat-ekonomia","7":"product_tag-barbara-pawlowska","8":"product_tag-ernest-czermanskiernest-czermanski","10":"first","11":"instock","12":"taxable","13":"shipping-taxable","14":"purchasable","15":"product-type-simple"},"acf":[],"_links":{"self":[{"href":"https:\/\/wydawnictwo.ug.edu.pl\/en\/wp-json\/wp\/v2\/product\/46413","targetHints":{"allow":["GET"]}}],"collection":[{"href":"https:\/\/wydawnictwo.ug.edu.pl\/en\/wp-json\/wp\/v2\/product"}],"about":[{"href":"https:\/\/wydawnictwo.ug.edu.pl\/en\/wp-json\/wp\/v2\/types\/product"}],"wp:featuredmedia":[{"embeddable":true,"href":"https:\/\/wydawnictwo.ug.edu.pl\/en\/wp-json\/wp\/v2\/media\/15089"}],"wp:attachment":[{"href":"https:\/\/wydawnictwo.ug.edu.pl\/en\/wp-json\/wp\/v2\/media?parent=46413"}],"wp:term":[{"taxonomy":"journal","embeddable":true,"href":"https:\/\/wydawnictwo.ug.edu.pl\/en\/wp-json\/wp\/v2\/journal?post=46413"},{"taxonomy":"rodzaj","embeddable":true,"href":"https:\/\/wydawnictwo.ug.edu.pl\/en\/wp-json\/wp\/v2\/rodzaj?post=46413"},{"taxonomy":"seria","embeddable":true,"href":"https:\/\/wydawnictwo.ug.edu.pl\/en\/wp-json\/wp\/v2\/seria?post=46413"},{"taxonomy":"product_brand","embeddable":true,"href":"https:\/\/wydawnictwo.ug.edu.pl\/en\/wp-json\/wp\/v2\/product_brand?post=46413"},{"taxonomy":"product_cat","embeddable":true,"href":"https:\/\/wydawnictwo.ug.edu.pl\/en\/wp-json\/wp\/v2\/product_cat?post=46413"},{"taxonomy":"product_tag","embeddable":true,"href":"https:\/\/wydawnictwo.ug.edu.pl\/en\/wp-json\/wp\/v2\/product_tag?post=46413"}],"curies":[{"name":"wp","href":"https:\/\/api.w.org\/{rel}","templated":true}]}}