{"id":46412,"date":"2021-08-25T10:17:06","date_gmt":"2021-08-25T10:17:06","guid":{"rendered":"https:\/\/wydawnictwo.ug.edu.pl\/ksiegarnia-online\/uncategorized\/zmiana-roli-i-charakteru-granicy-polsko-rosyjskiej-a-uwarunkowania-rozwoju-polskiej-strefy-przygranicznej\/"},"modified":"2026-02-11T14:17:27","modified_gmt":"2026-02-11T14:17:27","slug":"zmiana-roli-i-charakteru-granicy-polsko-rosyjskiej-a-uwarunkowania-rozwoju-polskiej-strefy-przygranicznej","status":"publish","type":"product","link":"https:\/\/wydawnictwo.ug.edu.pl\/en\/ksiegarnia-online\/geografia-spoleczno-ekonomiczna\/zmiana-roli-i-charakteru-granicy-polsko-rosyjskiej-a-uwarunkowania-rozwoju-polskiej-strefy-przygranicznej\/","title":{"rendered":"Zmiana roli i charakteru granicy polsko-rosyjskiej a uwarunkowania rozwoju polskiej strefy przygranicznej"},"content":{"rendered":"","protected":false},"excerpt":{"rendered":"<p>Recenzowana publikacja jest bardzo dojrza\u0142ym studium na temat roli i charakteru granicy polsko-rosyjskiej oraz uwarunkowa\u0144 rozwoju polskiej strefy s\u0105siaduj\u0105cej z t\u0105 granic\u0105. Autorka wybra\u0142a temat wa\u017cny i ciekawy zar\u00f3wno z naukowego, jak i praktycznego punktu widzenia. Om\u00f3wi\u0142a w ksi\u0105\u017cce bardzo aktualne zagadnienie zwi\u0105zane z uwarunkowaniami rozwoju obszar\u00f3w przygranicznych oraz kwesti\u0119 granic politycznych na zewn\u0119trznych granicach Unii Europejskiej i wyja\u015bni\u0142a je na przyk\u0142adzie pogranicza polsko-rosyjskiego. Podj\u0119\u0142a r\u00f3wnie\u017c pr\u00f3b\u0119 identyfikacji czynnik\u00f3w oddzia\u0142uj\u0105cych na rol\u0119 i stopie\u0144 przenikalno\u015bci granicy oraz jej wp\u0142ywu na codzienn\u0105 aktywno\u015b\u0107 transgraniczn\u0105 spo\u0142eczno\u015bci lokalnych. Podkre\u015blaj\u0105c pozytywne aspekty funkcjonowania w latach 2012\u20132016 ma\u0142ego ruchu granicznego, autorka ukaza\u0142a dobry przyk\u0142ad tego mechanizmu dla pozytywnego rozwoju obszar\u00f3w przygranicznych. Badane zjawisko przedstawione zosta\u0142o z perspektywy specyfiki obszar\u00f3w przygranicznych, ze szczeg\u00f3lnym uwzgl\u0119dnieniem zewn\u0119trznej granicy Unii Europejskiej w Polsce i Rosji (obw\u00f3d kaliningradzki), dzi\u0119ki czemu publikacja, b\u0119d\u0105c klasycznym studium przypadku, zawiera te\u017c walory uniwersalne.<\/p>\n<p><em>Z recenzji dr. hab. Marka Wi\u0119ckowskiego, prof. IGiPZ<\/em><\/p>\n","protected":false},"featured_media":15093,"template":"","meta":{"_acf_changed":false},"journal":[],"rodzaj":[],"seria":[],"product_brand":[],"product_cat":[6977],"product_tag":[],"class_list":{"0":"post-46412","1":"product","2":"type-product","3":"status-publish","4":"has-post-thumbnail","6":"product_cat-geografia-spoleczno-ekonomiczna","8":"first","9":"outofstock","10":"taxable","11":"shipping-taxable","12":"purchasable","13":"product-type-simple"},"acf":[],"_links":{"self":[{"href":"https:\/\/wydawnictwo.ug.edu.pl\/en\/wp-json\/wp\/v2\/product\/46412","targetHints":{"allow":["GET"]}}],"collection":[{"href":"https:\/\/wydawnictwo.ug.edu.pl\/en\/wp-json\/wp\/v2\/product"}],"about":[{"href":"https:\/\/wydawnictwo.ug.edu.pl\/en\/wp-json\/wp\/v2\/types\/product"}],"wp:featuredmedia":[{"embeddable":true,"href":"https:\/\/wydawnictwo.ug.edu.pl\/en\/wp-json\/wp\/v2\/media\/15093"}],"wp:attachment":[{"href":"https:\/\/wydawnictwo.ug.edu.pl\/en\/wp-json\/wp\/v2\/media?parent=46412"}],"wp:term":[{"taxonomy":"journal","embeddable":true,"href":"https:\/\/wydawnictwo.ug.edu.pl\/en\/wp-json\/wp\/v2\/journal?post=46412"},{"taxonomy":"rodzaj","embeddable":true,"href":"https:\/\/wydawnictwo.ug.edu.pl\/en\/wp-json\/wp\/v2\/rodzaj?post=46412"},{"taxonomy":"seria","embeddable":true,"href":"https:\/\/wydawnictwo.ug.edu.pl\/en\/wp-json\/wp\/v2\/seria?post=46412"},{"taxonomy":"product_brand","embeddable":true,"href":"https:\/\/wydawnictwo.ug.edu.pl\/en\/wp-json\/wp\/v2\/product_brand?post=46412"},{"taxonomy":"product_cat","embeddable":true,"href":"https:\/\/wydawnictwo.ug.edu.pl\/en\/wp-json\/wp\/v2\/product_cat?post=46412"},{"taxonomy":"product_tag","embeddable":true,"href":"https:\/\/wydawnictwo.ug.edu.pl\/en\/wp-json\/wp\/v2\/product_tag?post=46412"}],"curies":[{"name":"wp","href":"https:\/\/api.w.org\/{rel}","templated":true}]}}