{"id":46411,"date":"2021-08-25T10:28:08","date_gmt":"2021-08-25T10:28:08","guid":{"rendered":"https:\/\/wydawnictwo.ug.edu.pl\/ksiegarnia-online\/uncategorized\/dobre-praktyki-w-nauczaniu-na-studiach-prawniczych\/"},"modified":"2026-02-11T14:17:27","modified_gmt":"2026-02-11T14:17:27","slug":"dobre-praktyki-w-nauczaniu-na-studiach-prawniczych","status":"publish","type":"product","link":"https:\/\/wydawnictwo.ug.edu.pl\/en\/ksiegarnia-online\/prawo-i-administracja\/dobre-praktyki-w-nauczaniu-na-studiach-prawniczych\/","title":{"rendered":"Dobre praktyki w nauczaniu na studiach prawniczych"},"content":{"rendered":"","protected":false},"excerpt":{"rendered":"<p>Monografia pt. <em>Dobre praktyki w nauczaniu na studiach\u00a0prawniczych<\/em> pod redakcj\u0105 Ma\u0142gorzaty Balwickiej-Szczyrby i Joanny Kruczalak-Jankowskiej to niezwykle warto\u015bciowa pozycja, kt\u00f3ra w kompleksowy spos\u00f3b przedstawia metody, tradycyjne i nowoczesne, jakimi mo\u017ce si\u0119 pos\u0142u\u017cy\u0107 ka\u017cdy nauczyciel akademicki na studiach prawniczych. (&#8230;) B\u0119dzie wi\u0119c ona stanowi\u0107 podstawowe narz\u0119dzie dla nauczycieli akademickich na studiach\u00a0 prawniczych i mo\u017ce znacz\u0105co przyczyni\u0107 si\u0119 do poprawy jako\u015bci kszta\u0142cenia student\u00f3w. Jest bowiem opracowaniem, poruszaj\u0105cym szeroki wachlarz temat\u00f3w istotnych dla skutecznego i m\u0105drego nauczania prawa.<\/p>\n<p style=\"text-align: right;\"><em>Z recenzji prof. Moniki Namys\u0142owskiej<\/em><\/p>\n","protected":false},"featured_media":15097,"template":"","meta":{"_acf_changed":false},"journal":[],"rodzaj":[2602],"seria":[],"product_brand":[],"product_cat":[232],"product_tag":[629],"class_list":{"0":"post-46411","1":"product","2":"type-product","3":"status-publish","4":"has-post-thumbnail","6":"rodzaj-ksiazki","7":"product_cat-prawo-i-administracja","8":"product_tag-joanna-kruczalak-jankowska","10":"first","11":"instock","12":"taxable","13":"shipping-taxable","14":"purchasable","15":"product-type-simple"},"acf":[],"_links":{"self":[{"href":"https:\/\/wydawnictwo.ug.edu.pl\/en\/wp-json\/wp\/v2\/product\/46411","targetHints":{"allow":["GET"]}}],"collection":[{"href":"https:\/\/wydawnictwo.ug.edu.pl\/en\/wp-json\/wp\/v2\/product"}],"about":[{"href":"https:\/\/wydawnictwo.ug.edu.pl\/en\/wp-json\/wp\/v2\/types\/product"}],"wp:featuredmedia":[{"embeddable":true,"href":"https:\/\/wydawnictwo.ug.edu.pl\/en\/wp-json\/wp\/v2\/media\/15097"}],"wp:attachment":[{"href":"https:\/\/wydawnictwo.ug.edu.pl\/en\/wp-json\/wp\/v2\/media?parent=46411"}],"wp:term":[{"taxonomy":"journal","embeddable":true,"href":"https:\/\/wydawnictwo.ug.edu.pl\/en\/wp-json\/wp\/v2\/journal?post=46411"},{"taxonomy":"rodzaj","embeddable":true,"href":"https:\/\/wydawnictwo.ug.edu.pl\/en\/wp-json\/wp\/v2\/rodzaj?post=46411"},{"taxonomy":"seria","embeddable":true,"href":"https:\/\/wydawnictwo.ug.edu.pl\/en\/wp-json\/wp\/v2\/seria?post=46411"},{"taxonomy":"product_brand","embeddable":true,"href":"https:\/\/wydawnictwo.ug.edu.pl\/en\/wp-json\/wp\/v2\/product_brand?post=46411"},{"taxonomy":"product_cat","embeddable":true,"href":"https:\/\/wydawnictwo.ug.edu.pl\/en\/wp-json\/wp\/v2\/product_cat?post=46411"},{"taxonomy":"product_tag","embeddable":true,"href":"https:\/\/wydawnictwo.ug.edu.pl\/en\/wp-json\/wp\/v2\/product_tag?post=46411"}],"curies":[{"name":"wp","href":"https:\/\/api.w.org\/{rel}","templated":true}]}}