{"id":46410,"date":"2021-08-25T12:05:20","date_gmt":"2021-08-25T12:05:20","guid":{"rendered":"https:\/\/wydawnictwo.ug.edu.pl\/ksiegarnia-online\/uncategorized\/przedsiebiorczosc-destruktywna-w-podmiotach-gospodarczych-w-polsce\/"},"modified":"2026-02-11T14:17:30","modified_gmt":"2026-02-11T14:17:30","slug":"przedsiebiorczosc-destruktywna-w-podmiotach-gospodarczych-w-polsce","status":"publish","type":"product","link":"https:\/\/wydawnictwo.ug.edu.pl\/en\/ksiegarnia-online\/ekonomia\/przedsiebiorczosc-destruktywna-w-podmiotach-gospodarczych-w-polsce\/","title":{"rendered":"Przedsi\u0119biorczo\u015b\u0107 destruktywna w podmiotach gospodarczych w Polsce"},"content":{"rendered":"","protected":false},"excerpt":{"rendered":"<p>G\u0142\u00f3wnym celem ksi\u0105\u017cki jest analiza zjawiska przedsi\u0119biorczo\u015bci destruktywnej. We wsp\u00f3\u0142czesnej teorii ekonomii przedsi\u0119biorczo\u015b\u0107 jest bardzo wa\u017cnym elementem wzrostu gospodarczego, podkre\u015bla si\u0119 jej pozytywny wp\u0142yw na funkcjonowanie wsp\u00f3\u0142czesnych gospodarek.\u00a0\u00a0Autorka pracy zdecydowa\u0142a si\u0119 podj\u0105\u0107 ten temat, poniewa\u017c dotychczasowy stan wiedzy w tym zakresie ma charakter og\u00f3lnych rozwa\u017ca\u0144, dochodzi przy tym do marginalizacji przejaw\u00f3w destruktywnej przedsi\u0119biorczo\u015bci.<\/p>\n<p>Negatywny wp\u0142yw przedsi\u0119biorczo\u015bci destruktywnej w podmiotach gospodarczych dla proces\u00f3w wzrostu i funkcjonowania gospodarek nie jest zauwa\u017cany. Z punktu widzenia ekonomicznego o dzia\u0142aniach destruktywnej przedsi\u0119biorczo\u015bci m\u00f3wi si\u0119, gdy dzia\u0142alno\u015b\u0107 zaburza wzrost gospodarczy oraz psuje dobrobyt. W celu uzupe\u0142nienia luk w poznaniu tego typu przedsi\u0119biorczo\u015bci przedstawione zosta\u0142y formy dzia\u0142a\u0144 zaliczanych do przedsi\u0119biorczo\u015bci destruktywnej.<\/p>\n<p>Niniejsza monografia cechuje si\u0119 odkrywczym podej\u015bciem do problematyki przedsi\u0119biorczo\u015bci, gdy\u017c ukazuje nie tylko wyst\u0119puj\u0105ce w podmiotach gospodarczych przyk\u0142ady przedsi\u0119biorczo\u015bci\u00a0\u00a0destruktywnej, ale i mo\u017cliwe skutki bezpo\u015brednie, po\u015brednie, ilo\u015bciowe, jako\u015bciowe, kr\u00f3tkoterminowe i d\u0142ugoterminowe omawianej przedsi\u0119biorczo\u015bci. Cele pracy by\u0142y weryfikowane na podstawie literatury oraz bada\u0144 w\u0142asnych zrealizowanych przy u\u017cyciu kwestionariusza wywiadu, paneli ekspert\u00f3w oraz wywiad\u00f3w pog\u0142\u0119bionych. Praca zako\u0144czona jest podsumowaniem oraz rekomendacjami wskazuj\u0105cymi na determinanty decyduj\u0105ce o przedsi\u0119biorczo\u015bci destruktywnej powoduj\u0105cej negatywne skutki spo\u0142eczno-gospodarcze.<\/p>\n","protected":false},"featured_media":15101,"template":"","meta":{"_acf_changed":false},"journal":[],"rodzaj":[],"seria":[],"product_brand":[],"product_cat":[6934],"product_tag":[],"class_list":{"0":"post-46410","1":"product","2":"type-product","3":"status-publish","4":"has-post-thumbnail","6":"product_cat-ekonomia","8":"first","9":"outofstock","10":"taxable","11":"shipping-taxable","12":"purchasable","13":"product-type-simple"},"acf":[],"_links":{"self":[{"href":"https:\/\/wydawnictwo.ug.edu.pl\/en\/wp-json\/wp\/v2\/product\/46410","targetHints":{"allow":["GET"]}}],"collection":[{"href":"https:\/\/wydawnictwo.ug.edu.pl\/en\/wp-json\/wp\/v2\/product"}],"about":[{"href":"https:\/\/wydawnictwo.ug.edu.pl\/en\/wp-json\/wp\/v2\/types\/product"}],"wp:featuredmedia":[{"embeddable":true,"href":"https:\/\/wydawnictwo.ug.edu.pl\/en\/wp-json\/wp\/v2\/media\/15101"}],"wp:attachment":[{"href":"https:\/\/wydawnictwo.ug.edu.pl\/en\/wp-json\/wp\/v2\/media?parent=46410"}],"wp:term":[{"taxonomy":"journal","embeddable":true,"href":"https:\/\/wydawnictwo.ug.edu.pl\/en\/wp-json\/wp\/v2\/journal?post=46410"},{"taxonomy":"rodzaj","embeddable":true,"href":"https:\/\/wydawnictwo.ug.edu.pl\/en\/wp-json\/wp\/v2\/rodzaj?post=46410"},{"taxonomy":"seria","embeddable":true,"href":"https:\/\/wydawnictwo.ug.edu.pl\/en\/wp-json\/wp\/v2\/seria?post=46410"},{"taxonomy":"product_brand","embeddable":true,"href":"https:\/\/wydawnictwo.ug.edu.pl\/en\/wp-json\/wp\/v2\/product_brand?post=46410"},{"taxonomy":"product_cat","embeddable":true,"href":"https:\/\/wydawnictwo.ug.edu.pl\/en\/wp-json\/wp\/v2\/product_cat?post=46410"},{"taxonomy":"product_tag","embeddable":true,"href":"https:\/\/wydawnictwo.ug.edu.pl\/en\/wp-json\/wp\/v2\/product_tag?post=46410"}],"curies":[{"name":"wp","href":"https:\/\/api.w.org\/{rel}","templated":true}]}}