{"id":46409,"date":"2021-08-25T12:26:16","date_gmt":"2021-08-25T12:26:16","guid":{"rendered":"https:\/\/wydawnictwo.ug.edu.pl\/ksiegarnia-online\/uncategorized\/ekonomiczno-prawne-aspekty-stosowania-nieuczciwej-konkurencji-w-zakresie-oznaczen-wprowadzajacych-w-blad\/"},"modified":"2026-02-11T14:17:31","modified_gmt":"2026-02-11T14:17:31","slug":"ekonomiczno-prawne-aspekty-stosowania-nieuczciwej-konkurencji-w-zakresie-oznaczen-wprowadzajacych-w-blad","status":"publish","type":"product","link":"https:\/\/wydawnictwo.ug.edu.pl\/en\/ksiegarnia-online\/zarzadzanie\/ekonomiczno-prawne-aspekty-stosowania-nieuczciwej-konkurencji-w-zakresie-oznaczen-wprowadzajacych-w-blad\/","title":{"rendered":"Ekonomiczno-prawne aspekty stosowania nieuczciwej konkurencji w zakresie oznacze\u0144 wprowadzaj\u0105cych w b\u0142\u0105d"},"content":{"rendered":"","protected":false},"excerpt":{"rendered":"<p>Stosowanie oznacze\u0144 wprowadzaj\u0105cych w b\u0142\u0105d polega na wdzieraniu si\u0119 w cudzy, ugruntowany ju\u017c kr\u0105g klient\u00f3w, przy wykorzystaniu renomy wypracowanej przez innego przedsi\u0119biorc\u0119. Z przeprowadzonych bada\u0144 wynika, \u017ce stosowanie oznacze\u0144 wprowadzaj\u0105cych w b\u0142\u0105d przez nieuczciwych konkurent\u00f3w staje si\u0119 korzystnym sposobem na wypracowanie nienale\u017cnego zysku.<\/p>\n<p>Na podstawie analizy danych z lat 2006\u20132016 uzyskanych z s\u0105d\u00f3w okr\u0119gowych w Polsce oraz szczeg\u00f3\u0142owych bada\u0144 aktowych, na wybranych przyk\u0142adach, wskazano op\u0142acalno\u015b\u0107 stosowania czynu nieuczciwej konkurencji (jakim jest stosowanie oznacze\u0144 wprowadzaj\u0105cych w b\u0142\u0105d), a tak\u017ce mankamenty post\u0119powa\u0144 s\u0105dowych czy te\u017c wydawanie r\u00f3\u017cnych orzecze\u0144 dla tych samych stan\u00f3w faktycznych. Z danych udost\u0119pnionych przez s\u0105dy okr\u0119gowe w Polsce wy\u0142ania si\u0119 rzeczywisty obraz przestrzegania prawa konkurencji. Analiza badanego zjawiska wskazuje na to, \u017ce przedsi\u0119biorcy, kt\u00f3rych oznaczenia, a w szczeg\u00f3lno\u015bci znak towarowy, firma lub jej cz\u0119\u015b\u0107, zosta\u0142y bezprawnie wykorzystane na rynku przez innego przedsi\u0119biorc\u0119 w celu promowania w\u0142asnych produkt\u00f3w, znajduj\u0105 si\u0119 w znacznie gorszej sytuacji ni\u017c naruszyciel.<\/p>\n","protected":false},"featured_media":15105,"template":"","meta":{"_acf_changed":false},"journal":[],"rodzaj":[],"seria":[],"product_brand":[],"product_cat":[268],"product_tag":[470],"class_list":{"0":"post-46409","1":"product","2":"type-product","3":"status-publish","4":"has-post-thumbnail","6":"product_cat-zarzadzanie","7":"product_tag-paulina-nogal-meger","9":"first","10":"instock","11":"taxable","12":"shipping-taxable","13":"purchasable","14":"product-type-simple"},"acf":[],"_links":{"self":[{"href":"https:\/\/wydawnictwo.ug.edu.pl\/en\/wp-json\/wp\/v2\/product\/46409","targetHints":{"allow":["GET"]}}],"collection":[{"href":"https:\/\/wydawnictwo.ug.edu.pl\/en\/wp-json\/wp\/v2\/product"}],"about":[{"href":"https:\/\/wydawnictwo.ug.edu.pl\/en\/wp-json\/wp\/v2\/types\/product"}],"wp:featuredmedia":[{"embeddable":true,"href":"https:\/\/wydawnictwo.ug.edu.pl\/en\/wp-json\/wp\/v2\/media\/15105"}],"wp:attachment":[{"href":"https:\/\/wydawnictwo.ug.edu.pl\/en\/wp-json\/wp\/v2\/media?parent=46409"}],"wp:term":[{"taxonomy":"journal","embeddable":true,"href":"https:\/\/wydawnictwo.ug.edu.pl\/en\/wp-json\/wp\/v2\/journal?post=46409"},{"taxonomy":"rodzaj","embeddable":true,"href":"https:\/\/wydawnictwo.ug.edu.pl\/en\/wp-json\/wp\/v2\/rodzaj?post=46409"},{"taxonomy":"seria","embeddable":true,"href":"https:\/\/wydawnictwo.ug.edu.pl\/en\/wp-json\/wp\/v2\/seria?post=46409"},{"taxonomy":"product_brand","embeddable":true,"href":"https:\/\/wydawnictwo.ug.edu.pl\/en\/wp-json\/wp\/v2\/product_brand?post=46409"},{"taxonomy":"product_cat","embeddable":true,"href":"https:\/\/wydawnictwo.ug.edu.pl\/en\/wp-json\/wp\/v2\/product_cat?post=46409"},{"taxonomy":"product_tag","embeddable":true,"href":"https:\/\/wydawnictwo.ug.edu.pl\/en\/wp-json\/wp\/v2\/product_tag?post=46409"}],"curies":[{"name":"wp","href":"https:\/\/api.w.org\/{rel}","templated":true}]}}