{"id":46408,"date":"2021-08-25T12:34:59","date_gmt":"2021-08-25T12:34:59","guid":{"rendered":"https:\/\/wydawnictwo.ug.edu.pl\/ksiegarnia-online\/uncategorized\/czas-przestrzen-egzystencja-tozsamosc-w-podrozy-szkice-o-literaturze\/"},"modified":"2026-02-11T14:17:36","modified_gmt":"2026-02-11T14:17:36","slug":"czas-przestrzen-egzystencja-tozsamosc-w-podrozy-szkice-o-literaturze","status":"publish","type":"product","link":"https:\/\/wydawnictwo.ug.edu.pl\/en\/ksiegarnia-online\/literaturoznawstwo\/czas-przestrzen-egzystencja-tozsamosc-w-podrozy-szkice-o-literaturze\/","title":{"rendered":"Czas \u2013 przestrze\u0144 \u2013 egzystencja. To\u017csamo\u015b\u0107 w podr\u00f3\u017cy. Szkice o literaturze"},"content":{"rendered":"","protected":false},"excerpt":{"rendered":"<p>Prace Barbary Zwoli\u0144skiej potwierdzaj\u0105 wieloaspektowo\u015b\u0107 dyskursu to\u017csamo\u015bciowego. Jej metod\u0119 badawcz\u0105 cechuj\u0105: wra\u017cliwo\u015b\u0107, imponuj\u0105ca wiedza, proponowanie trybu interpretacyjnego nacechowanego uwa\u017cnym odczytaniem tekstu, wieloetapowym odkrywaniem jego z\u0142o\u017cono\u015bci, kt\u00f3re wzbogaca uwzgl\u0119dnienie szerokich kontekst\u00f3w. Powy\u017csze cechy naukowej refleksji odnale\u017a\u0107 mo\u017cna w opiniowanej ksi\u0105\u017cce. To cenna propozycja odczytania skonkretyzowanych w r\u00f3\u017cnego typu utworach komunikat\u00f3w o\u00a0po\u0142o\u017ceniu wsp\u00f3\u0142czesnego cz\u0142owieka, jego percypowaniu siebie i \u015bwiata\u00a0w sytuacji silnie odczuwanej zmiany, utraty, naruszenia elementarnego poczucia bezpiecze\u0144stwa. Autorka, wnikliwie diagnozuj\u0105c projektowane w literaturze od XIX do XXI wieku pr\u00f3by zrozumienia siebie, uwydatnia m.in. potrzeb\u0119 akceptacji, blisko\u015bci, kieruje uwag\u0119 na komplikacje\u00a0wywo\u0142ane poczuciem inno\u015bci, prze\u017cyciem pi\u0119tnowanej spo\u0142ecznie intymno\u015bci, dostrzega niebezpiecze\u0144stwo tkwi\u0105ce w tradycyjnych wyobra\u017ceniach relacji spo\u0142ecznych i mi\u0119dzygatunkowych. Analizuj\u0105c pr\u00f3by dookre\u015blenia siebie przez bohater\u00f3w tekst\u00f3w intymistycznych\u00a0 i fikcjonalnych, przybli\u017ca zjawiska implikowane doznaniami sensualnymi, emocjami, ods\u0142ania rol\u0119 wyobra\u017ani, mechanizm\u00f3w mentalnych, potrzeb\u0119 autokreacji i ich korelacj\u0119 z wnikliw\u0105 obserwacj\u0105 zmieniaj\u0105cego si\u0119 otoczenia.<\/p>\n<p>Omawiana ksi\u0105\u017cka sk\u0142ada si\u0119 z trzech obszernych cz\u0119\u015bci, w kt\u00f3rych zagadnienia ogniskuj\u0105 si\u0119 wok\u00f3\u0142 problematyki rozmaicie rozumianej podr\u00f3\u017cy, jej roli w procesie kszta\u0142towania to\u017csamo\u015bci. Interpretacja, eksponuj\u0105c wp\u0142yw peregrynacji na r\u00f3\u017cnorodne aspekty budowania relacji jednostki z sam\u0105 sob\u0105 i Innymi, prezentuje interesuj\u0105ce uj\u0119cie podmiotowej cielesno\u015bci, zmys\u0142\u00f3w, cierpienia, b\u00f3lu, przemijania, choroby, \u015bmierci i melancholii. Podkre\u015bla znaczenie skomplikowanych, pe\u0142nych dramatyzmu moment\u00f3w przesilenia w \u017cyciu jednostki. [\u2026] Wspomnianemu tu rejestrowi zagadnie\u0144 patronuje rozpoznawanie ich rangi w kontek\u015bcie tytu\u0142owych kategorii: podmiotowej to\u017csamo\u015bci i podr\u00f3\u017cy (rozumianej w spos\u00f3b dos\u0142owny oraz symboliczny, metaforyczny).<\/p>\n<p><em>Z recenzji dr hab. Beaty Morzy\u0144skiej-Wrzosek, prof. UKW\u00a0<\/em><\/p>\n","protected":false},"featured_media":15110,"template":"","meta":{"_acf_changed":false},"journal":[],"rodzaj":[7074],"seria":[],"product_brand":[],"product_cat":[6925],"product_tag":[],"class_list":{"0":"post-46408","1":"product","2":"type-product","3":"status-publish","4":"has-post-thumbnail","6":"rodzaj-ksiazki","7":"product_cat-literaturoznawstwo","9":"first","10":"outofstock","11":"taxable","12":"shipping-taxable","13":"purchasable","14":"product-type-simple"},"acf":[],"_links":{"self":[{"href":"https:\/\/wydawnictwo.ug.edu.pl\/en\/wp-json\/wp\/v2\/product\/46408","targetHints":{"allow":["GET"]}}],"collection":[{"href":"https:\/\/wydawnictwo.ug.edu.pl\/en\/wp-json\/wp\/v2\/product"}],"about":[{"href":"https:\/\/wydawnictwo.ug.edu.pl\/en\/wp-json\/wp\/v2\/types\/product"}],"wp:featuredmedia":[{"embeddable":true,"href":"https:\/\/wydawnictwo.ug.edu.pl\/en\/wp-json\/wp\/v2\/media\/15110"}],"wp:attachment":[{"href":"https:\/\/wydawnictwo.ug.edu.pl\/en\/wp-json\/wp\/v2\/media?parent=46408"}],"wp:term":[{"taxonomy":"journal","embeddable":true,"href":"https:\/\/wydawnictwo.ug.edu.pl\/en\/wp-json\/wp\/v2\/journal?post=46408"},{"taxonomy":"rodzaj","embeddable":true,"href":"https:\/\/wydawnictwo.ug.edu.pl\/en\/wp-json\/wp\/v2\/rodzaj?post=46408"},{"taxonomy":"seria","embeddable":true,"href":"https:\/\/wydawnictwo.ug.edu.pl\/en\/wp-json\/wp\/v2\/seria?post=46408"},{"taxonomy":"product_brand","embeddable":true,"href":"https:\/\/wydawnictwo.ug.edu.pl\/en\/wp-json\/wp\/v2\/product_brand?post=46408"},{"taxonomy":"product_cat","embeddable":true,"href":"https:\/\/wydawnictwo.ug.edu.pl\/en\/wp-json\/wp\/v2\/product_cat?post=46408"},{"taxonomy":"product_tag","embeddable":true,"href":"https:\/\/wydawnictwo.ug.edu.pl\/en\/wp-json\/wp\/v2\/product_tag?post=46408"}],"curies":[{"name":"wp","href":"https:\/\/api.w.org\/{rel}","templated":true}]}}