{"id":46406,"date":"2021-08-25T12:45:54","date_gmt":"2021-08-25T12:45:54","guid":{"rendered":"https:\/\/wydawnictwo.ug.edu.pl\/ksiegarnia-online\/uncategorized\/przeciw-gotowym-odpowiedziom-literatura-i-dydaktyka-literatura-w-czytelniczych-spotkaniach\/"},"modified":"2026-02-11T14:17:38","modified_gmt":"2026-02-11T14:17:38","slug":"przeciw-gotowym-odpowiedziom-literatura-i-dydaktyka-literatura-w-czytelniczych-spotkaniach","status":"publish","type":"product","link":"https:\/\/wydawnictwo.ug.edu.pl\/en\/ksiegarnia-online\/pedagogika-i-psychologia\/przeciw-gotowym-odpowiedziom-literatura-i-dydaktyka-literatura-w-czytelniczych-spotkaniach\/","title":{"rendered":"Przeciw gotowym odpowiedziom. Literatura i dydaktyka literatura w czytelniczych spotkaniach"},"content":{"rendered":"<p>Ksi\u0105\u017cka wyrasta z protestu przeciw praktyce pospiesznego, powierzchownego czytania, a tak\u017ce\u00a0z protestu przeciw pospiesznemu,\u00a0powierzchownemu spojrzeniu na\u00a0cz\u0142owieka, jakie zaczyna niebezpiecznie dominowa\u0107 w \u015bwiecie globalnych\u00a0regu\u0142 i praw, w kt\u00f3rym ludzk\u0105 wielowarstwowo\u015b\u0107 pr\u00f3buje si\u0119 zamkn\u0105\u0107\u00a0w zbiorze gotowych odpowiedzi.\u00a0Czas nie ma w\u0142adzy nad bohaterami czytelniczych spotka\u0144 w niniejszej monografii. Dlatego Gilgamesz,\u00a0Hiob, Mickiewicz, Grochowiak,\u00a0Mi\u0142osz, Szymborska s\u0105 w niej r\u00f3wnie\u00a0obecni i ci\u0105gle otwarci na nowe\u00a0rozumienia.<\/p>\n","protected":false},"excerpt":{"rendered":"<p>Ksi\u0105\u017cka wyrasta z protestu przeciw praktyce pospiesznego, powierzchownego czytania, a tak\u017ce\u00a0z protestu przeciw pospiesznemu,\u00a0powierzchownemu spojrzeniu na\u00a0cz\u0142owieka, jakie zaczyna niebezpiecznie dominowa\u0107 w \u015bwiecie globalnych\u00a0regu\u0142 i praw, w kt\u00f3rym ludzk\u0105 wielowarstwowo\u015b\u0107 pr\u00f3buje si\u0119 zamkn\u0105\u0107\u00a0w zbiorze gotowych odpowiedzi.\u00a0Czas nie ma w\u0142adzy nad bohaterami czytelniczych spotka\u0144 w niniejszej monografii. Dlatego Gilgamesz,\u00a0Hiob, Mickiewicz, Grochowiak,\u00a0Mi\u0142osz, Szymborska s\u0105 w niej r\u00f3wnie\u00a0obecni i [&hellip;]<\/p>\n","protected":false},"featured_media":15118,"template":"","meta":{"_acf_changed":false},"journal":[],"rodzaj":[],"seria":[],"product_brand":[],"product_cat":[7007],"product_tag":[],"class_list":{"0":"post-46406","1":"product","2":"type-product","3":"status-publish","4":"has-post-thumbnail","6":"product_cat-pedagogika-i-psychologia","8":"first","9":"outofstock","10":"taxable","11":"shipping-taxable","12":"purchasable","13":"product-type-simple"},"acf":[],"_links":{"self":[{"href":"https:\/\/wydawnictwo.ug.edu.pl\/en\/wp-json\/wp\/v2\/product\/46406","targetHints":{"allow":["GET"]}}],"collection":[{"href":"https:\/\/wydawnictwo.ug.edu.pl\/en\/wp-json\/wp\/v2\/product"}],"about":[{"href":"https:\/\/wydawnictwo.ug.edu.pl\/en\/wp-json\/wp\/v2\/types\/product"}],"wp:featuredmedia":[{"embeddable":true,"href":"https:\/\/wydawnictwo.ug.edu.pl\/en\/wp-json\/wp\/v2\/media\/15118"}],"wp:attachment":[{"href":"https:\/\/wydawnictwo.ug.edu.pl\/en\/wp-json\/wp\/v2\/media?parent=46406"}],"wp:term":[{"taxonomy":"journal","embeddable":true,"href":"https:\/\/wydawnictwo.ug.edu.pl\/en\/wp-json\/wp\/v2\/journal?post=46406"},{"taxonomy":"rodzaj","embeddable":true,"href":"https:\/\/wydawnictwo.ug.edu.pl\/en\/wp-json\/wp\/v2\/rodzaj?post=46406"},{"taxonomy":"seria","embeddable":true,"href":"https:\/\/wydawnictwo.ug.edu.pl\/en\/wp-json\/wp\/v2\/seria?post=46406"},{"taxonomy":"product_brand","embeddable":true,"href":"https:\/\/wydawnictwo.ug.edu.pl\/en\/wp-json\/wp\/v2\/product_brand?post=46406"},{"taxonomy":"product_cat","embeddable":true,"href":"https:\/\/wydawnictwo.ug.edu.pl\/en\/wp-json\/wp\/v2\/product_cat?post=46406"},{"taxonomy":"product_tag","embeddable":true,"href":"https:\/\/wydawnictwo.ug.edu.pl\/en\/wp-json\/wp\/v2\/product_tag?post=46406"}],"curies":[{"name":"wp","href":"https:\/\/api.w.org\/{rel}","templated":true}]}}